{"id":282,"date":"2020-09-10T11:29:10","date_gmt":"2020-09-10T11:29:10","guid":{"rendered":"https:\/\/demosites.io\/shop-gb\/?page_id=282"},"modified":"2025-05-23T21:44:30","modified_gmt":"2025-05-23T19:44:30","slug":"52e3e-contact","status":"publish","type":"page","link":"https:\/\/huendt.com\/de_de\/52e3e-contact\/","title":{"rendered":"Kontakt"},"content":{"rendered":"\n<div id=\"wp-block-themeisle-blocks-advanced-columns-045ac48f\" class=\"wp-block-themeisle-blocks-advanced-columns alignfull has-2-columns has-desktop-equal-layout has-tablet-equal-layout has-mobile-collapsedRows-layout has-vertical-unset\"><div class=\"wp-block-themeisle-blocks-advanced-columns-overlay\"><\/div><div class=\"innerblocks-wrap\">\n<div id=\"wp-block-themeisle-blocks-advanced-column-955a30cd\" class=\"wp-block-themeisle-blocks-advanced-column contact-form\">\n<div id=\"wp-block-themeisle-blocks-form-faa8ba2c\" class=\"wp-block-themeisle-blocks-form ticss-49af4101\" data-option-name=\"bf9b28ff82ce323187abc5d0feb0d8f07ecd8436_faa8ba2c\"><form class=\"otter-form__container\">\n<div id=\"wp-block-themeisle-blocks-form-input-3dcefef8\" class=\"wp-block-themeisle-blocks-form-input\"><label for=\"wp-block-themeisle-blocks-form-input-3dcefef8-input\" class=\"otter-form-input-label\"><span class=\"otter-form-input-label__label\">Name<\/span><span class=\"required\">*<\/span><\/label><input type=\"text\" id=\"wp-block-themeisle-blocks-form-input-3dcefef8-input\" required class=\"otter-form-input\"\/><\/div>\n\n\n\n<div id=\"wp-block-themeisle-blocks-form-input-bc30967c\" class=\"wp-block-themeisle-blocks-form-input\"><label for=\"wp-block-themeisle-blocks-form-input-bc30967c-input\" class=\"otter-form-input-label\"><span class=\"otter-form-input-label__label\">Email<\/span><span class=\"required\">*<\/span><\/label><input type=\"email\" id=\"wp-block-themeisle-blocks-form-input-bc30967c-input\" required class=\"otter-form-input\"\/><\/div>\n\n\n\n<div id=\"wp-block-themeisle-blocks-form-textarea-dea326cc\" class=\"wp-block-themeisle-blocks-form-textarea\"><label for=\"wp-block-themeisle-blocks-form-textarea-dea326cc-input\" class=\"otter-form-textarea-label\"><span class=\"otter-form-textarea-label__label\">Message<\/span><\/label><textarea id=\"wp-block-themeisle-blocks-form-textarea-dea326cc-input\" rows=\"10\" class=\"otter-form-textarea-input\"><\/textarea><\/div>\n\n\n<div class=\"protection\" aria-hidden=\"true\"><input type=\"hidden\" id=\"wp-block-themeisle-blocks-form-faa8ba2c_nonce_field\" name=\"wp-block-themeisle-blocks-form-faa8ba2c_nonce_field\" value=\"c1e27da8ab\" \/><input type=\"hidden\" name=\"_wp_http_referer\" value=\"\/de_de\/wp-json\/wp\/v2\/pages\/282\" \/><input class=\"o-anti-bot\" type=\"checkbox\"><\/div><div class=\"wp-block-button\"><button class=\"wp-block-button__link\" type=\"submit\">Submit<\/button><\/div><\/form><\/div>\n<\/div>\n\n\n\n<div id=\"wp-block-themeisle-blocks-advanced-column-49362605\" class=\"wp-block-themeisle-blocks-advanced-column\">\n<h6 class=\"wp-block-heading\">Kontaktieren Sie mich<\/h6>\n\n\n\n<h2 class=\"wp-block-heading\">Lassen Sie uns in Verbindung treten<\/h2>\n\n\n\n<p>Haben Sie Fragen zu meinen Produkten?<br>\u00dcber das Kontaktformular erreichen Sie mich unmittelbar. Ich sch\u00e4tze den direkten Austausch mit meinen Kunden und stehe gerne f\u00fcr Beratung und individuelle Anfragen zur Verf\u00fcgung.<\/p>\n<\/div>\n<\/div><\/div>\n\n\n\n<div class=\"wp-block-jetpack-contact-info\">\n\n<div class=\"wp-block-jetpack-email\"><a href=\"mailto:info@huendt.de\">info@huendt.de<\/a><\/div>\n\n\n<div class=\"wp-block-jetpack-phone\"><a href=\"tel:+491794663455\">+491794663455<\/a><\/div>\n\n\n<div class=\"wp-block-jetpack-address\"><div class=\"jetpack-address__address jetpack-address__address1\">Staufenberger Weg 25<\/div><div><span class=\"jetpack-address__city\">Wettenberg<\/span>, <span class=\"jetpack-address__region\"><\/span> <span class=\"jetpack-address__postal\">35435<\/span><\/div><div class=\"jetpack-address__country\">Deutschland<\/div><\/div>\n\n<\/div>\n\n\n\n<div id=\"wp-block-themeisle-blocks-advanced-columns-babcac21\" class=\"wp-block-themeisle-blocks-advanced-columns alignfull has-1-columns has-desktop-equal-layout has-tablet-equal-layout has-mobile-equal-layout has-vertical-unset\"><div class=\"wp-block-themeisle-blocks-advanced-columns-overlay\"><\/div><div class=\"innerblocks-wrap\">\n<div id=\"wp-block-themeisle-blocks-advanced-column-4be68ea8\" class=\"wp-block-themeisle-blocks-advanced-column\"><div style=\"height:400pxpx;\" class=\"alignfull alignfull wp-block-themeisle-blocks-leaflet-map\" id=\"wp-block-themeisle-blocks-leaflet-map-cd945ba9\"><\/div>\n<script type=\"text\/javascript\">\n\t\/* <![CDATA[ *\/\n\t\tif ( ! window.themeisleLeafletMaps ) window.themeisleLeafletMaps =[];\n\t\twindow.themeisleLeafletMaps.push( { container: \"wp-block-themeisle-blocks-leaflet-map-cd945ba9\", attributes: {\"id\":\"wp-block-themeisle-blocks-leaflet-map-cd945ba9\",\"location\":\"25, Staufenberger Weg, Wi\\u00dfmar, Wettenberg, Landkreis Gie\\u00dfen, Hessen, 35435, Deutschland\",\"latitude\":\"50.62673376908292\",\"longitude\":\"8.669734403758646\",\"bbox\":\"8.651475906372072,50.6212886133542,8.687953948974611,50.63217829428814\",\"zoom\":15,\"markers\":[{\"id\":\"ed503a94-d35a-43d7-9347-c05c1e518976\",\"latitude\":\"50.626740575133\",\"longitude\":\"8.669722726602044\",\"title\":\"Shop\",\"description\":\"<p><a href=\\\"_wp_link_placeholder\\\" data-wplink-edit=\\\"true\\\">https:\\\/\\\/maps.app.goo.gl\\\/ZqMC73sw4tDu87ve6<\\\/a><\\\/p>\"}],\"zoomControl\":false,\"draggable\":false,\"align\":\"full\",\"height\":\"400px\",\"TrpContentRestriction\":{\"restriction_type\":\"exclude\",\"selected_languages\":[],\"panel_open\":true}} } );\n\t\/* ]]> *\/\n<\/script>\n<\/div>\n<\/div><\/div>\n","protected":false},"excerpt":{"rendered":"","protected":false},"author":1,"featured_media":0,"parent":0,"menu_order":0,"comment_status":"closed","ping_status":"closed","template":"","meta":{"neve_meta_sidebar":"full-width","neve_meta_container":"","neve_meta_enable_content_width":"on","neve_meta_content_width":100,"neve_meta_title_alignment":"center","neve_meta_author_avatar":"","neve_post_elements_order":"","neve_meta_disable_header":"","neve_meta_disable_footer":"","neve_meta_disable_title":"on","_themeisle_gutenberg_block_has_review":false,"footnotes":""},"class_list":["post-282","page","type-page","status-publish","hentry"],"_links":{"self":[{"href":"https:\/\/huendt.com\/de_de\/wp-json\/wp\/v2\/pages\/282","targetHints":{"allow":["GET"]}}],"collection":[{"href":"https:\/\/huendt.com\/de_de\/wp-json\/wp\/v2\/pages"}],"about":[{"href":"https:\/\/huendt.com\/de_de\/wp-json\/wp\/v2\/types\/page"}],"author":[{"embeddable":true,"href":"https:\/\/huendt.com\/de_de\/wp-json\/wp\/v2\/users\/1"}],"replies":[{"embeddable":true,"href":"https:\/\/huendt.com\/de_de\/wp-json\/wp\/v2\/comments?post=282"}],"version-history":[{"count":9,"href":"https:\/\/huendt.com\/de_de\/wp-json\/wp\/v2\/pages\/282\/revisions"}],"predecessor-version":[{"id":2126,"href":"https:\/\/huendt.com\/de_de\/wp-json\/wp\/v2\/pages\/282\/revisions\/2126"}],"wp:attachment":[{"href":"https:\/\/huendt.com\/de_de\/wp-json\/wp\/v2\/media?parent=282"}],"curies":[{"name":"wp","href":"https:\/\/api.w.org\/{rel}","templated":true}]}}