{"id":1025,"date":"2024-05-07T22:42:06","date_gmt":"2024-05-07T20:42:06","guid":{"rendered":"https:\/\/huendt.com\/?post_type=product&#038;p=1025"},"modified":"2026-01-18T21:04:37","modified_gmt":"2026-01-18T20:04:37","slug":"gewuerzmuehle-buche-3","status":"publish","type":"product","link":"https:\/\/huendt.com\/de_de\/product\/gewuerzmuehle-buche-3\/","title":{"rendered":"Gew\u00fcrzm\u00fchle aus Buchenholz"},"content":{"rendered":"<p>Gew\u00fcrzm\u00fchle aus Buche.<\/p>\n<p>Buchenholz ist hell, gleichm\u00e4\u00dfig und wirkt sehr sachlich. Es ist robust und weit verbreitet und bietet eine unaufdringliche, neutrale Optik.<\/p>\n<p>Die Oberfl\u00e4che bleibt bewusst unbehandelt, wodurch die nat\u00fcrliche Struktur des Holzes vollst\u00e4ndig erhalten bleibt.<\/p>\n<p>Das verbaute CrushGrind\u00ae-Mahlwerk gilt als eines der besten Mahlwerke weltweit. Es ist korrosionsfrei, extrem langlebig und l\u00e4sst sich stufenlos einstellen \u2013 ideal f\u00fcr Pfeffer, Salz und Gew\u00fcrze aller Art.<\/p>\n<p>Handarbeit aus der Manufaktur.<\/p>\n<p style=\"font-size:0;height:0;overflow:hidden;margin:0\"><a href=\"\/produkt-kategorie\/gew\u00fcrzm\u00fchle\">Mehr Produkte<\/a><\/p>\n","protected":false},"excerpt":{"rendered":"<p>Gew\u00fcrzm\u00fchle aus Buche. Handgedrechselt und hochwertig verarbeitet.<\/p>\n","protected":false},"featured_media":1027,"comment_status":"closed","ping_status":"closed","template":"","meta":{"neve_meta_sidebar":"","neve_meta_container":"","neve_meta_enable_content_width":"off","neve_meta_content_width":100,"neve_meta_title_alignment":"","neve_meta_author_avatar":"","neve_post_elements_order":"","neve_meta_disable_header":"","neve_meta_disable_footer":"","neve_meta_disable_title":"","_themeisle_gutenberg_block_has_review":false,"GTIN":"","GTIN, UPC, EAN oder ISBN":"","MPN":"","Material":"","material":"","Farbe":"","color":"","manufacturer":"","hersteller":"","FB_PK":"","GO_PK":"","_rank_math_title":"Gew\u00fcrzm\u00fchle Buchenholz CrushGrind\u00ae-Mahlwerk Unbehandelt","_rank_math_description":"Gew\u00fcrzm\u00fchle aus Buche.\n\nBuchenholz ist hell, gleichm\u00e4\u00dfig und wirkt sehr sachlich. Es ist robust und weit verbreitet und bietet eine unaufdringliche, neutrale Optik.\n\nDie Oberfl\u00e4che bleibt bewusst unbehandelt, wodurch die nat\u00fcrliche Struktur des Holzes vollst\u00e4ndig erhalten bleibt.\n\nDas verbaute CrushGrind\u00ae-Mahlwerk gilt als eines der besten Mahlwerke weltweit. Es ist korrosionsfrei, extrem langlebig und l\u00e4sst sich stufenlos einstellen \u2013 ideal f\u00fcr Pfeffer, Salz und Gew\u00fcrze aller Art.\n\nHandarbeit aus der Manufaktur.\n\nAusgestattet mit einem hochwertigen CrushGrind\u00ae-Mahlwerk f\u00fcr maximale Langlebigkeit und stufenlose Einstellung.","_rank_math_focus_keyword":"","_rank_math_facebook_title":"Gew\u00fcrzm\u00fchle Buchenholz CrushGrind\u00ae-Mahlwerk Unbehandelt","_rank_math_facebook_description":"Gew\u00fcrzm\u00fchle aus Buche.\n\nBuchenholz ist hell, gleichm\u00e4\u00dfig und wirkt sehr sachlich. Es ist robust und weit verbreitet und bietet eine unaufdringliche, neutrale Optik.\n\nDie Oberfl\u00e4che bleibt bewusst unbehandelt, wodurch die nat\u00fcrliche Struktur des Holzes vollst\u00e4ndig erhalten bleibt.\n\nDas verbaute CrushGrind\u00ae-Mahlwerk gilt als eines der besten Mahlwerke weltweit. Es ist korrosionsfrei, extrem langlebig und l\u00e4sst sich stufenlos einstellen \u2013 ideal f\u00fcr Pfeffer, Salz und Gew\u00fcrze aller Art.\n\nHandarbeit aus der Manufaktur.\n\nAusgestattet mit einem hochwertigen CrushGrind\u00ae-Mahlwerk f\u00fcr maximale Langlebigkeit und stufenlose Einstellung.","_rank_math_twitter_title":"Gew\u00fcrzm\u00fchle Buchenholz CrushGrind\u00ae-Mahlwerk Unbehandelt","_rank_math_twitter_description":"Gew\u00fcrzm\u00fchle aus Buche.\n\nBuchenholz ist hell, gleichm\u00e4\u00dfig und wirkt sehr sachlich. Es ist robust und weit verbreitet und bietet eine unaufdringliche, neutrale Optik.\n\nDie Oberfl\u00e4che bleibt bewusst unbehandelt, wodurch die nat\u00fcrliche Struktur des Holzes vollst\u00e4ndig erhalten bleibt.\n\nDas verbaute CrushGrind\u00ae-Mahlwerk gilt als eines der besten Mahlwerke weltweit. Es ist korrosionsfrei, extrem langlebig und l\u00e4sst sich stufenlos einstellen \u2013 ideal f\u00fcr Pfeffer, Salz und Gew\u00fcrze aller Art.\n\nHandarbeit aus der Manufaktur.\n\nAusgestattet mit einem hochwertigen CrushGrind\u00ae-Mahlwerk f\u00fcr maximale Langlebigkeit und stufenlose Einstellung.","_rank_math_canonical_url":"","bullet_point1":"Handgedrechselt aus Buche.","bullet_point2":"CrushGrind\u00ae-Mahlwerk \u2013 langlebig, korrosionsfrei und stufenlos einstellbar.","bullet_point3":"Nat\u00fcrliches Unbehandelt-Finish \u2013 angenehme Haptik und Schutz.","bullet_point4":"Handarbeit aus der Manufaktur.","bullet_point5":"Lebensmittelechte Oberfl\u00e4che \u2013 veredelt mit Unbehandelt."},"product_brand":[675],"product_cat":[67],"product_tag":[46,469,196,470,197,198,505,200,506,201,507,508,205,509],"class_list":{"0":"post-1025","1":"product","2":"type-product","3":"status-publish","4":"has-post-thumbnail","6":"product_brand-huendt","7":"product_cat-muehlen","8":"product_tag-holz","9":"product_tag-metall","10":"product_tag-gewuerzmuehle","11":"product_tag-huendt","12":"product_tag-pfeffermuehle","13":"product_tag-salzmuehle","14":"product_tag-geschenk","15":"product_tag-crushgrind","16":"product_tag-kueche","17":"product_tag-keramikmahlwerk","18":"product_tag-kuechenmuehle","19":"product_tag-muehle","20":"product_tag-buche","21":"product_tag-tischaccessoire","23":"first","24":"instock","25":"sold-individually","26":"taxable","27":"shipping-taxable","28":"purchasable","29":"product-type-simple"},"_links":{"self":[{"href":"https:\/\/huendt.com\/de_de\/wp-json\/wp\/v2\/product\/1025","targetHints":{"allow":["GET"]}}],"collection":[{"href":"https:\/\/huendt.com\/de_de\/wp-json\/wp\/v2\/product"}],"about":[{"href":"https:\/\/huendt.com\/de_de\/wp-json\/wp\/v2\/types\/product"}],"replies":[{"embeddable":true,"href":"https:\/\/huendt.com\/de_de\/wp-json\/wp\/v2\/comments?post=1025"}],"wp:featuredmedia":[{"embeddable":true,"href":"https:\/\/huendt.com\/de_de\/wp-json\/wp\/v2\/media\/1027"}],"wp:attachment":[{"href":"https:\/\/huendt.com\/de_de\/wp-json\/wp\/v2\/media?parent=1025"}],"wp:term":[{"taxonomy":"product_brand","embeddable":true,"href":"https:\/\/huendt.com\/de_de\/wp-json\/wp\/v2\/product_brand?post=1025"},{"taxonomy":"product_cat","embeddable":true,"href":"https:\/\/huendt.com\/de_de\/wp-json\/wp\/v2\/product_cat?post=1025"},{"taxonomy":"product_tag","embeddable":true,"href":"https:\/\/huendt.com\/de_de\/wp-json\/wp\/v2\/product_tag?post=1025"}],"curies":[{"name":"wp","href":"https:\/\/api.w.org\/{rel}","templated":true}]}}