{"id":1039,"date":"2024-05-28T17:51:01","date_gmt":"2024-05-28T15:51:01","guid":{"rendered":"https:\/\/huendt.com\/?post_type=product&#038;p=1039"},"modified":"2026-03-28T11:36:14","modified_gmt":"2026-03-28T10:36:14","slug":"einsteckhuelle-mit-kordel","status":"publish","type":"product","link":"https:\/\/huendt.com\/de_de\/product\/einsteckhuelle-mit-kordel\/","title":{"rendered":"Einsteckh\u00fclle mit Kordel"},"content":{"rendered":"<p>Einsteckh\u00fclle samt schwarz mit Kordel.<\/p>\n<p>F\u00fcr Schreibger\u00e4te mit einem Durchmesser bis ca. 14mm geeignet.<\/p>\n","protected":false},"excerpt":{"rendered":"<p>Einsteckh\u00fclle samt schwarz mit Kordel. F\u00fcr Schreibger\u00e4te mit einem Durchmesser bis ca. 14mm geeignet.<\/p>\n","protected":false},"featured_media":1040,"comment_status":"open","ping_status":"closed","template":"","meta":{"neve_meta_sidebar":"","neve_meta_container":"","neve_meta_enable_content_width":"off","neve_meta_content_width":100,"neve_meta_title_alignment":"","neve_meta_author_avatar":"","neve_post_elements_order":"","neve_meta_disable_header":"","neve_meta_disable_footer":"","neve_meta_disable_title":"","_themeisle_gutenberg_block_has_review":false,"GTIN":"","GTIN, UPC, EAN oder ISBN":"","MPN":"","Material":"","material":"","Farbe":"","color":"","manufacturer":"","hersteller":"","FB_PK":"","GO_PK":"","_rank_math_title":"","_rank_math_description":"","_rank_math_focus_keyword":"","_rank_math_facebook_title":"","_rank_math_facebook_description":"","_rank_math_twitter_title":"","_rank_math_twitter_description":"","_rank_math_canonical_url":"","bullet_point1":"","bullet_point2":"","bullet_point3":"","bullet_point4":"","bullet_point5":""},"product_brand":[],"product_cat":[180],"product_tag":[188,208,209,210,211],"class_list":{"0":"post-1039","1":"product","2":"type-product","3":"status-publish","4":"has-post-thumbnail","6":"product_cat-zubehoer-2","7":"product_tag-schwarz","8":"product_tag-samt","9":"product_tag-huelle","10":"product_tag-etui","11":"product_tag-schreibgeraet","13":"first","14":"instock","15":"taxable","16":"shipping-taxable","17":"purchasable","18":"product-type-simple"},"_links":{"self":[{"href":"https:\/\/huendt.com\/de_de\/wp-json\/wp\/v2\/product\/1039","targetHints":{"allow":["GET"]}}],"collection":[{"href":"https:\/\/huendt.com\/de_de\/wp-json\/wp\/v2\/product"}],"about":[{"href":"https:\/\/huendt.com\/de_de\/wp-json\/wp\/v2\/types\/product"}],"replies":[{"embeddable":true,"href":"https:\/\/huendt.com\/de_de\/wp-json\/wp\/v2\/comments?post=1039"}],"wp:featuredmedia":[{"embeddable":true,"href":"https:\/\/huendt.com\/de_de\/wp-json\/wp\/v2\/media\/1040"}],"wp:attachment":[{"href":"https:\/\/huendt.com\/de_de\/wp-json\/wp\/v2\/media?parent=1039"}],"wp:term":[{"taxonomy":"product_brand","embeddable":true,"href":"https:\/\/huendt.com\/de_de\/wp-json\/wp\/v2\/product_brand?post=1039"},{"taxonomy":"product_cat","embeddable":true,"href":"https:\/\/huendt.com\/de_de\/wp-json\/wp\/v2\/product_cat?post=1039"},{"taxonomy":"product_tag","embeddable":true,"href":"https:\/\/huendt.com\/de_de\/wp-json\/wp\/v2\/product_tag?post=1039"}],"curies":[{"name":"wp","href":"https:\/\/api.w.org\/{rel}","templated":true}]}}