{"id":1107,"date":"2024-05-13T22:36:20","date_gmt":"2024-05-13T20:36:20","guid":{"rendered":"https:\/\/huendt.com\/?post_type=product&#038;p=1107"},"modified":"2026-02-15T16:16:39","modified_gmt":"2026-02-15T15:16:39","slug":"fallmine-kreide-56mm","status":"publish","type":"product","link":"https:\/\/huendt.com\/de_de\/product\/fallmine-kreide-56mm\/","title":{"rendered":"Fallmine Kreide 5,6mm"},"content":{"rendered":"<hr \/>\n<p>Ersatzminen- Kreideminen im 6er Pack von KOH-I-NOOR<\/p>\n<ul>\n<li>Fettfreie K\u00fcnstlerkreide<\/li>\n<li>D = 5,6 mm<\/li>\n<li>L = 120 mm<\/li>\n<li>6er Pack<\/li>\n<li>geeignet f\u00fcr Druck,- Fallbleistifte<\/li>\n<li>Farben\n<ul>\n<li>Weis, R\u00f6tel Rotbraun, Sepia Hellbraun, Sepia Dunkelbraun<\/li>\n<\/ul>\n<\/li>\n<\/ul>\n","protected":false},"excerpt":{"rendered":"<p>Ersatzminen- Kreideminen im 6er Pack von KOH-I-NOOR Fettfreie K\u00fcnstlerkreide D = 5,6 mm L = 120 mm 6er Pack geeignet f\u00fcr Druck,- Fallbleistifte Farben Weis, R\u00f6tel Rotbraun, Sepia Hellbraun, Sepia Dunkelbraun<\/p>\n","protected":false},"featured_media":1443,"comment_status":"open","ping_status":"closed","template":"","meta":{"neve_meta_sidebar":"","neve_meta_container":"","neve_meta_enable_content_width":"off","neve_meta_content_width":100,"neve_meta_title_alignment":"","neve_meta_author_avatar":"","neve_post_elements_order":"","neve_meta_disable_header":"","neve_meta_disable_footer":"","neve_meta_disable_title":"","_themeisle_gutenberg_block_has_review":false,"GTIN":"","GTIN, UPC, EAN oder ISBN":"","MPN":"","Material":"","material":"","Farbe":"","color":"","manufacturer":"","hersteller":"","FB_PK":"","GO_PK":"","_rank_math_title":"","_rank_math_description":"","_rank_math_focus_keyword":"","_rank_math_facebook_title":"","_rank_math_facebook_description":"","_rank_math_twitter_title":"","_rank_math_twitter_description":"","_rank_math_canonical_url":"","bullet_point1":"","bullet_point2":"","bullet_point3":"","bullet_point4":"","bullet_point5":""},"product_brand":[456],"product_cat":[226,227],"product_tag":[234,235,80,245],"class_list":{"0":"post-1107","1":"product","2":"type-product","3":"status-publish","4":"has-post-thumbnail","6":"product_brand-koh-i-noor","7":"product_cat-fallmine","8":"product_cat-zubehoer-fallminenbleistift","9":"product_tag-kreide","10":"product_tag-fallmine","11":"product_tag-5-6mm","12":"product_tag-koh-i-noor","14":"first","15":"onbackorder","16":"taxable","17":"shipping-taxable","18":"purchasable","19":"product-type-variable"},"_links":{"self":[{"href":"https:\/\/huendt.com\/de_de\/wp-json\/wp\/v2\/product\/1107","targetHints":{"allow":["GET"]}}],"collection":[{"href":"https:\/\/huendt.com\/de_de\/wp-json\/wp\/v2\/product"}],"about":[{"href":"https:\/\/huendt.com\/de_de\/wp-json\/wp\/v2\/types\/product"}],"replies":[{"embeddable":true,"href":"https:\/\/huendt.com\/de_de\/wp-json\/wp\/v2\/comments?post=1107"}],"wp:featuredmedia":[{"embeddable":true,"href":"https:\/\/huendt.com\/de_de\/wp-json\/wp\/v2\/media\/1443"}],"wp:attachment":[{"href":"https:\/\/huendt.com\/de_de\/wp-json\/wp\/v2\/media?parent=1107"}],"wp:term":[{"taxonomy":"product_brand","embeddable":true,"href":"https:\/\/huendt.com\/de_de\/wp-json\/wp\/v2\/product_brand?post=1107"},{"taxonomy":"product_cat","embeddable":true,"href":"https:\/\/huendt.com\/de_de\/wp-json\/wp\/v2\/product_cat?post=1107"},{"taxonomy":"product_tag","embeddable":true,"href":"https:\/\/huendt.com\/de_de\/wp-json\/wp\/v2\/product_tag?post=1107"}],"curies":[{"name":"wp","href":"https:\/\/api.w.org\/{rel}","templated":true}]}}