{"id":1142,"date":"2024-05-15T18:08:44","date_gmt":"2024-05-15T16:08:44","guid":{"rendered":"https:\/\/huendt.com\/?post_type=product&#038;p=1142"},"modified":"2026-02-15T16:14:21","modified_gmt":"2026-02-15T15:14:21","slug":"fallmine-graphit-2mm","status":"publish","type":"product","link":"https:\/\/huendt.com\/de_de\/product\/fallmine-graphit-2mm\/","title":{"rendered":"Fallmine Graphit 2mm"},"content":{"rendered":"<p>Ersatzminen- Graphitminen im 12er Pack von KOH-I-NOOR<\/p>\n<ul>\n<li>Graphitminen<\/li>\n<li>D = 2,0 mm<\/li>\n<li>L = 120 mm<\/li>\n<li>12er Pack<\/li>\n<li>geeignet f\u00fcr Druck,- Fallbleistifte<\/li>\n<li>Gradiation = 10H, 2B, 2H, 3B, 3H, 4B, 4H, 5B, 5H, 6B, 6H, 7B, 7H, 8B, 8H, 9H, B, F, H, HB<\/li>\n<\/ul>\n<p>f\u00fcr Technisches- und Geometrisches Zeichnen, Retuschieren sowie f\u00fcr den K\u00fcnstler- und Schulbereich.<\/p>\n","protected":false},"excerpt":{"rendered":"<p>Ersatzminen- Graphitminen im 12er Pack von KOH-I-NOOR Graphitminen D = 2,0 mm L = 120 mm 12er Pack geeignet f\u00fcr Druck,- Fallbleistifte Gradiation = 10H, 2B, 2H, 3B, 3H, 4B, 4H, 5B, 5H, 6B, 6H, 7B, 7H, 8B, 8H, 9H, B, F, H, HB f\u00fcr Technisches- und Geometrisches Zeichnen, Retuschieren sowie f\u00fcr den K\u00fcnstler- und&hellip;&nbsp;<a href=\"https:\/\/huendt.com\/de_de\/product\/fallmine-graphit-2mm\/\" rel=\"bookmark\">Weiterlesen &raquo;<span class=\"screen-reader-text\">Fallmine Graphit 2mm<\/span><\/a><\/p>\n","protected":false},"featured_media":1415,"comment_status":"open","ping_status":"closed","template":"","meta":{"neve_meta_sidebar":"","neve_meta_container":"","neve_meta_enable_content_width":"off","neve_meta_content_width":100,"neve_meta_title_alignment":"","neve_meta_author_avatar":"","neve_post_elements_order":"","neve_meta_disable_header":"","neve_meta_disable_footer":"","neve_meta_disable_title":"","_themeisle_gutenberg_block_has_review":false,"GTIN":"","GTIN, UPC, EAN oder ISBN":"","MPN":"","Material":"","material":"","Farbe":"","color":"","manufacturer":"","hersteller":"","FB_PK":"","GO_PK":"","_rank_math_title":"","_rank_math_description":"","_rank_math_focus_keyword":"","_rank_math_facebook_title":"","_rank_math_facebook_description":"","_rank_math_twitter_title":"","_rank_math_twitter_description":"","_rank_math_canonical_url":"","bullet_point1":"","bullet_point2":"","bullet_point3":"","bullet_point4":"","bullet_point5":""},"product_brand":[456],"product_cat":[226,227],"product_tag":[235,241,245,61],"class_list":{"0":"post-1142","1":"product","2":"type-product","3":"status-publish","4":"has-post-thumbnail","6":"product_brand-koh-i-noor","7":"product_cat-fallmine","8":"product_cat-zubehoer-fallminenbleistift","9":"product_tag-fallmine","10":"product_tag-graphit","11":"product_tag-koh-i-noor","12":"product_tag-2mm","14":"first","15":"onbackorder","16":"taxable","17":"shipping-taxable","18":"purchasable","19":"product-type-variable"},"_links":{"self":[{"href":"https:\/\/huendt.com\/de_de\/wp-json\/wp\/v2\/product\/1142","targetHints":{"allow":["GET"]}}],"collection":[{"href":"https:\/\/huendt.com\/de_de\/wp-json\/wp\/v2\/product"}],"about":[{"href":"https:\/\/huendt.com\/de_de\/wp-json\/wp\/v2\/types\/product"}],"replies":[{"embeddable":true,"href":"https:\/\/huendt.com\/de_de\/wp-json\/wp\/v2\/comments?post=1142"}],"wp:featuredmedia":[{"embeddable":true,"href":"https:\/\/huendt.com\/de_de\/wp-json\/wp\/v2\/media\/1415"}],"wp:attachment":[{"href":"https:\/\/huendt.com\/de_de\/wp-json\/wp\/v2\/media?parent=1142"}],"wp:term":[{"taxonomy":"product_brand","embeddable":true,"href":"https:\/\/huendt.com\/de_de\/wp-json\/wp\/v2\/product_brand?post=1142"},{"taxonomy":"product_cat","embeddable":true,"href":"https:\/\/huendt.com\/de_de\/wp-json\/wp\/v2\/product_cat?post=1142"},{"taxonomy":"product_tag","embeddable":true,"href":"https:\/\/huendt.com\/de_de\/wp-json\/wp\/v2\/product_tag?post=1142"}],"curies":[{"name":"wp","href":"https:\/\/api.w.org\/{rel}","templated":true}]}}