{"id":1585,"date":"2024-10-06T23:39:48","date_gmt":"2024-10-06T21:39:48","guid":{"rendered":"https:\/\/huendt.com\/?post_type=product&#038;p=1585"},"modified":"2026-02-15T17:19:26","modified_gmt":"2026-02-15T16:19:26","slug":"fuellfederhalter-manager-mirabelle-gunmetal","status":"publish","type":"product","link":"https:\/\/huendt.com\/de_de\/product\/fuellfederhalter-manager-mirabelle-gunmetal\/","title":{"rendered":"F\u00fcllfederhalter Manager aus Mirabellenholz Gunmetal"},"content":{"rendered":"<p>F\u00fcllfederhalter Manager aus Mirabellenholz.<\/p>\n<p>Mirabelle zeigt eine dichte, feine Struktur und ein warmes, gelblich bis r\u00f6tliches Farbspiel. Es wirkt edel und nat\u00fcrlich.<br \/>\nDas verwendete Holz stammt aus der Region und wird m\u00f6glichst nah am Herkunftsort verarbeitet.<\/p>\n<p>Die Metallkomponenten in Gunmetal verleihen dem F\u00fcllfederhalter eine elegante und hochwertige Optik.<\/p>\n<p>Die Oberfl\u00e4che ist fein geschliffen und mit einer Carnaubawachs-Lein\u00f6lmischung behandelt, was f\u00fcr eine angenehme Haptik und hohe Langlebigkeit sorgt.<\/p>\n<p>Handarbeit aus der Manufaktur.<\/p>\n<p style=\"font-size:0;height:0;overflow:hidden;margin:0\"><a href=\"\/produkt-kategorie\/f\u00fcllfederhalter\">Mehr Produkte<\/a><\/p>\n","protected":false},"excerpt":{"rendered":"<p>F\u00fcllfederhalter Manager aus Mirabelle. Metallkomponenten in Gunmetal f\u00fcr eine elegante Optik. Handgedrechselt und hochwertig verarbeitet.<\/p>\n","protected":false},"featured_media":1588,"comment_status":"open","ping_status":"closed","template":"","meta":{"neve_meta_sidebar":"","neve_meta_container":"","neve_meta_enable_content_width":"off","neve_meta_content_width":100,"neve_meta_title_alignment":"","neve_meta_author_avatar":"","neve_post_elements_order":"","neve_meta_disable_header":"","neve_meta_disable_footer":"","neve_meta_disable_title":"","_themeisle_gutenberg_block_has_review":false,"GTIN":"","GTIN, UPC, EAN oder ISBN":"","MPN":"","Material":"","material":"","Farbe":"","color":"","manufacturer":"","hersteller":"","FB_PK":"","GO_PK":"","_rank_math_title":"F\u00fcllfederhalter Manager Mirabellenholz Gunmetal","_rank_math_description":"F\u00fcllfederhalter aus Mirabellenholz. Mirabelle zeigt eine dichte, feine Struktur und ein warmes, gelblich bis r\u00f6tliches Farbspiel. Es wirkt edel und nat\u00fcrlich. Das verwendete Holz stammt aus der Region und wird m\u00f6glichst nah am Herkunftsort verarbeitet. Metallkomponenten in Gunmetal f\u00fcr eine elegante Optik. Mit Carna...","_rank_math_focus_keyword":"","_rank_math_facebook_title":"F\u00fcllfederhalter Manager Mirabellenholz Gunmetal","_rank_math_facebook_description":"F\u00fcllfederhalter aus Mirabellenholz. Mirabelle zeigt eine dichte, feine Struktur und ein warmes, gelblich bis r\u00f6tliches Farbspiel. Es wirkt edel und nat\u00fcrlich. Das verwendete Holz stammt aus der Region und wird m\u00f6glichst nah am Herkunftsort verarbeitet. Metallkomponenten in Gunmetal f\u00fcr eine elegante Optik. Mit Carna...","_rank_math_twitter_title":"F\u00fcllfederhalter Manager Mirabellenholz Gunmetal","_rank_math_twitter_description":"F\u00fcllfederhalter aus Mirabellenholz. Mirabelle zeigt eine dichte, feine Struktur und ein warmes, gelblich bis r\u00f6tliches Farbspiel. Es wirkt edel und nat\u00fcrlich. Das verwendete Holz stammt aus der Region und wird m\u00f6glichst nah am Herkunftsort verarbeitet. Metallkomponenten in Gunmetal f\u00fcr eine elegante Optik. Mit Carna...","_rank_math_canonical_url":"","bullet_point1":"Handgedrechselt aus Mirabelleholz.","bullet_point2":"Variante Manager \u2013 ergonomisch, ausgewogen und angenehm in der Hand.","bullet_point3":"Metallkomponenten in Gunmetal \u2013 moderne, hochwertige Optik.","bullet_point4":"Nat\u00fcrliches Carnaubawachs-Lein\u00f6l-Finish \u2013 angenehme Haptik und langlebiger Schutz.","bullet_point5":"Handarbeit aus der Manufaktur."},"product_brand":[675],"product_cat":[90],"product_tag":[479,654,94,96,470,59],"class_list":{"0":"post-1585","1":"product","2":"type-product","3":"status-publish","4":"has-post-thumbnail","6":"product_brand-huendt","7":"product_cat-fuellfederhalter","8":"product_tag-manager","9":"product_tag-regional","10":"product_tag-fuellfederhalter","11":"product_tag-gunmetal","12":"product_tag-huendt","13":"product_tag-mirabelle","15":"first","16":"instock","17":"sold-individually","18":"taxable","19":"shipping-taxable","20":"purchasable","21":"product-type-simple"},"_links":{"self":[{"href":"https:\/\/huendt.com\/de_de\/wp-json\/wp\/v2\/product\/1585","targetHints":{"allow":["GET"]}}],"collection":[{"href":"https:\/\/huendt.com\/de_de\/wp-json\/wp\/v2\/product"}],"about":[{"href":"https:\/\/huendt.com\/de_de\/wp-json\/wp\/v2\/types\/product"}],"replies":[{"embeddable":true,"href":"https:\/\/huendt.com\/de_de\/wp-json\/wp\/v2\/comments?post=1585"}],"wp:featuredmedia":[{"embeddable":true,"href":"https:\/\/huendt.com\/de_de\/wp-json\/wp\/v2\/media\/1588"}],"wp:attachment":[{"href":"https:\/\/huendt.com\/de_de\/wp-json\/wp\/v2\/media?parent=1585"}],"wp:term":[{"taxonomy":"product_brand","embeddable":true,"href":"https:\/\/huendt.com\/de_de\/wp-json\/wp\/v2\/product_brand?post=1585"},{"taxonomy":"product_cat","embeddable":true,"href":"https:\/\/huendt.com\/de_de\/wp-json\/wp\/v2\/product_cat?post=1585"},{"taxonomy":"product_tag","embeddable":true,"href":"https:\/\/huendt.com\/de_de\/wp-json\/wp\/v2\/product_tag?post=1585"}],"curies":[{"name":"wp","href":"https:\/\/api.w.org\/{rel}","templated":true}]}}