{"id":1678,"date":"2024-10-16T23:27:02","date_gmt":"2024-10-16T21:27:02","guid":{"rendered":"https:\/\/huendt.com\/?post_type=product&#038;p=1678"},"modified":"2026-02-15T19:18:25","modified_gmt":"2026-02-15T18:18:25","slug":"rollerball-manager-ulme-chrom","status":"publish","type":"product","link":"https:\/\/huendt.com\/de_de\/product\/rollerball-manager-ulme-chrom\/","title":{"rendered":"Rollerball Manager aus gemasertem Ulmenholz Chrom"},"content":{"rendered":"<p>Rollerball Manager aus Ulmenholz.<\/p>\n<p>Ulme zeigt ein Farbspiel von hell- bis mittelbraun mit teils deutlicher, lebendiger Maserung. Es wirkt warm und charaktervoll.<\/p>\n<p>Die Metallkomponenten in Chrom verleihen dem Rollerball eine elegante und hochwertige Optik.<\/p>\n<p>Die Oberfl\u00e4che ist fein geschliffen und mit einer Carnaubawachs-Lein\u00f6lmischung behandelt, was f\u00fcr eine angenehme Haptik und hohe Langlebigkeit sorgt.<\/p>\n<p>Handarbeit aus der Manufaktur.<\/p>\n<p style=\"font-size:0;height:0;overflow:hidden;margin:0\"><a href=\"\/produkt-kategorie\/rollerball\">Mehr Produkte<\/a><\/p>\n","protected":false},"excerpt":{"rendered":"<p>Rollerball Manager aus Ulme. Metallkomponenten in Chrom f\u00fcr eine elegante Optik. Handgedrechselt und hochwertig verarbeitet.<\/p>\n","protected":false},"featured_media":1679,"comment_status":"open","ping_status":"closed","template":"","meta":{"neve_meta_sidebar":"","neve_meta_container":"","neve_meta_enable_content_width":"off","neve_meta_content_width":100,"neve_meta_title_alignment":"","neve_meta_author_avatar":"","neve_post_elements_order":"","neve_meta_disable_header":"","neve_meta_disable_footer":"","neve_meta_disable_title":"","_themeisle_gutenberg_block_has_review":false,"GTIN":"","GTIN, UPC, EAN oder ISBN":"","MPN":"","Material":"","material":"","Farbe":"","color":"","manufacturer":"","hersteller":"","FB_PK":"","GO_PK":"","_rank_math_title":"Rollerball Manager Ulmenholz Chrom","_rank_math_description":"Rollerball aus Ulmenholz. Ulme zeigt ein Farbspiel von hell- bis mittelbraun mit teils deutlicher, lebendiger Maserung. Es wirkt warm und charaktervoll. Metallkomponenten in Chrom f\u00fcr eine elegante Optik. Mit Carnaubawachs-Lein\u00f6l-Finish f\u00fcr angenehme Haptik und langlebigen Schutz.","_rank_math_focus_keyword":"","_rank_math_facebook_title":"Rollerball Manager Ulmenholz Chrom","_rank_math_facebook_description":"Rollerball aus Ulmenholz. Ulme zeigt ein Farbspiel von hell- bis mittelbraun mit teils deutlicher, lebendiger Maserung. Es wirkt warm und charaktervoll. Metallkomponenten in Chrom f\u00fcr eine elegante Optik. Mit Carnaubawachs-Lein\u00f6l-Finish f\u00fcr angenehme Haptik und langlebigen Schutz.","_rank_math_twitter_title":"Rollerball Manager Ulmenholz Chrom","_rank_math_twitter_description":"Rollerball aus Ulmenholz. Ulme zeigt ein Farbspiel von hell- bis mittelbraun mit teils deutlicher, lebendiger Maserung. Es wirkt warm und charaktervoll. Metallkomponenten in Chrom f\u00fcr eine elegante Optik. Mit Carnaubawachs-Lein\u00f6l-Finish f\u00fcr angenehme Haptik und langlebigen Schutz.","_rank_math_canonical_url":"","bullet_point1":"Handgedrechselt aus Ulmeholz.","bullet_point2":"Variante Manager \u2013 ergonomisch, ausgewogen und angenehm in der Hand.","bullet_point3":"Metallkomponenten in Chrom \u2013 moderne, hochwertige Optik.","bullet_point4":"Nat\u00fcrliches Carnaubawachs-Lein\u00f6l-Finish \u2013 angenehme Haptik und langlebiger Schutz.","bullet_point5":"Handarbeit aus der Manufaktur."},"product_brand":[675],"product_cat":[98],"product_tag":[369,370,733,470,734,479,99,106,637],"class_list":{"0":"post-1678","1":"product","2":"type-product","3":"status-publish","4":"has-post-thumbnail","6":"product_brand-huendt","7":"product_cat-rollerball","8":"product_tag-ulme","9":"product_tag-ruester","10":"product_tag-tintenroller","11":"product_tag-huendt","12":"product_tag-rollerpen","13":"product_tag-manager","14":"product_tag-rollerball","15":"product_tag-chrom","16":"product_tag-gemasert","17":"product_shipping_class-warensendung","19":"first","20":"instock","21":"sale","22":"sold-individually","23":"taxable","24":"shipping-taxable","25":"purchasable","26":"product-type-simple"},"_links":{"self":[{"href":"https:\/\/huendt.com\/de_de\/wp-json\/wp\/v2\/product\/1678","targetHints":{"allow":["GET"]}}],"collection":[{"href":"https:\/\/huendt.com\/de_de\/wp-json\/wp\/v2\/product"}],"about":[{"href":"https:\/\/huendt.com\/de_de\/wp-json\/wp\/v2\/types\/product"}],"replies":[{"embeddable":true,"href":"https:\/\/huendt.com\/de_de\/wp-json\/wp\/v2\/comments?post=1678"}],"wp:featuredmedia":[{"embeddable":true,"href":"https:\/\/huendt.com\/de_de\/wp-json\/wp\/v2\/media\/1679"}],"wp:attachment":[{"href":"https:\/\/huendt.com\/de_de\/wp-json\/wp\/v2\/media?parent=1678"}],"wp:term":[{"taxonomy":"product_brand","embeddable":true,"href":"https:\/\/huendt.com\/de_de\/wp-json\/wp\/v2\/product_brand?post=1678"},{"taxonomy":"product_cat","embeddable":true,"href":"https:\/\/huendt.com\/de_de\/wp-json\/wp\/v2\/product_cat?post=1678"},{"taxonomy":"product_tag","embeddable":true,"href":"https:\/\/huendt.com\/de_de\/wp-json\/wp\/v2\/product_tag?post=1678"}],"curies":[{"name":"wp","href":"https:\/\/api.w.org\/{rel}","templated":true}]}}