{"id":1690,"date":"2024-10-17T23:12:12","date_gmt":"2024-10-17T21:12:12","guid":{"rendered":"https:\/\/huendt.com\/?post_type=product&#038;p=1690"},"modified":"2026-02-15T19:16:55","modified_gmt":"2026-02-15T18:16:55","slug":"rollerball-manager-birke-chrom-2","status":"publish","type":"product","link":"https:\/\/huendt.com\/de_de\/product\/rollerball-manager-birke-chrom-2\/","title":{"rendered":"Rollerball Manager aus Birkenholz Chrom"},"content":{"rendered":"<p>Rollerball Manager aus Birkenholz.<\/p>\n<p>Birkenholz ist hell und fein strukturiert. Es wirkt freundlich und leicht und bietet eine ruhige Basis, die gut mit Metallakzenten harmoniert.<br \/>\nDas verwendete Holz stammt aus der Region und wird m\u00f6glichst nah am Herkunftsort verarbeitet.<\/p>\n<p>Die Metallkomponenten in Chrom verleihen dem Rollerball eine elegante und hochwertige Optik. Der Rollerball schreibt in Schwarz und sorgt f\u00fcr ein sauberes, gleichm\u00e4\u00dfiges Schriftbild.<\/p>\n<p>Die Oberfl\u00e4che ist fein geschliffen und mit einer Carnaubawachs-Lein\u00f6lmischung behandelt, was f\u00fcr eine angenehme Haptik und hohe Langlebigkeit sorgt.<\/p>\n<p>Handarbeit aus der Manufaktur.<\/p>\n<p style=\"font-size:0;height:0;overflow:hidden;margin:0\"><a href=\"\/produkt-kategorie\/rollerball\">Mehr Produkte<\/a><\/p>\n","protected":false},"excerpt":{"rendered":"<p>Rollerball Manager aus Birke. Metallkomponenten in Chrom f\u00fcr eine elegante Optik. Schreibt in Schwarz. Handgedrechselt und hochwertig verarbeitet.<\/p>\n","protected":false},"featured_media":1691,"comment_status":"open","ping_status":"closed","template":"","meta":{"neve_meta_sidebar":"","neve_meta_container":"","neve_meta_enable_content_width":"off","neve_meta_content_width":100,"neve_meta_title_alignment":"","neve_meta_author_avatar":"","neve_post_elements_order":"","neve_meta_disable_header":"","neve_meta_disable_footer":"","neve_meta_disable_title":"","_themeisle_gutenberg_block_has_review":false,"GTIN":"","GTIN, UPC, EAN oder ISBN":"","MPN":"","Material":"","material":"","Farbe":"","color":"","manufacturer":"","hersteller":"","FB_PK":"","GO_PK":"","_rank_math_title":"Rollerball Manager Birkenholz Chrom","_rank_math_description":"Rollerball aus Birkenholz. Birkenholz ist hell und fein strukturiert. Es wirkt freundlich und leicht und bietet eine ruhige Basis, die gut mit Metallakzenten harmoniert. Das verwendete Holz stammt aus der Region und wird m\u00f6glichst nah am Herkunftsort verarbeitet. Metallkomponenten in Chrom f\u00fcr eine elegante Optik. M...","_rank_math_focus_keyword":"","_rank_math_facebook_title":"Rollerball Manager Birkenholz Chrom","_rank_math_facebook_description":"Rollerball aus Birkenholz. Birkenholz ist hell und fein strukturiert. Es wirkt freundlich und leicht und bietet eine ruhige Basis, die gut mit Metallakzenten harmoniert. Das verwendete Holz stammt aus der Region und wird m\u00f6glichst nah am Herkunftsort verarbeitet. Metallkomponenten in Chrom f\u00fcr eine elegante Optik. M...","_rank_math_twitter_title":"Rollerball Manager Birkenholz Chrom","_rank_math_twitter_description":"Rollerball aus Birkenholz. Birkenholz ist hell und fein strukturiert. Es wirkt freundlich und leicht und bietet eine ruhige Basis, die gut mit Metallakzenten harmoniert. Das verwendete Holz stammt aus der Region und wird m\u00f6glichst nah am Herkunftsort verarbeitet. Metallkomponenten in Chrom f\u00fcr eine elegante Optik. M...","_rank_math_canonical_url":"","bullet_point1":"Handgedrechselt aus Birkeholz.","bullet_point2":"Variante Manager \u2013 ergonomisch, ausgewogen und angenehm in der Hand.","bullet_point3":"Metallkomponenten in Chrom \u2013 moderne, hochwertige Optik.","bullet_point4":"Schreibt in Schwarz \u2013 sauberes, gleichm\u00e4\u00dfiges Schriftbild.","bullet_point5":"Nat\u00fcrliches Carnaubawachs-Lein\u00f6l-Finish \u2013 angenehme Haptik und langlebiger Schutz."},"product_brand":[675],"product_cat":[98],"product_tag":[46,733,470,734,479,99,106,654,168],"class_list":{"0":"post-1690","1":"product","2":"type-product","3":"status-publish","4":"has-post-thumbnail","6":"product_brand-huendt","7":"product_cat-rollerball","8":"product_tag-holz","9":"product_tag-tintenroller","10":"product_tag-huendt","11":"product_tag-rollerpen","12":"product_tag-manager","13":"product_tag-rollerball","14":"product_tag-chrom","15":"product_tag-regional","16":"product_tag-birke","17":"product_shipping_class-warensendung","19":"first","20":"instock","21":"sold-individually","22":"taxable","23":"shipping-taxable","24":"purchasable","25":"product-type-simple"},"_links":{"self":[{"href":"https:\/\/huendt.com\/de_de\/wp-json\/wp\/v2\/product\/1690","targetHints":{"allow":["GET"]}}],"collection":[{"href":"https:\/\/huendt.com\/de_de\/wp-json\/wp\/v2\/product"}],"about":[{"href":"https:\/\/huendt.com\/de_de\/wp-json\/wp\/v2\/types\/product"}],"replies":[{"embeddable":true,"href":"https:\/\/huendt.com\/de_de\/wp-json\/wp\/v2\/comments?post=1690"}],"wp:featuredmedia":[{"embeddable":true,"href":"https:\/\/huendt.com\/de_de\/wp-json\/wp\/v2\/media\/1691"}],"wp:attachment":[{"href":"https:\/\/huendt.com\/de_de\/wp-json\/wp\/v2\/media?parent=1690"}],"wp:term":[{"taxonomy":"product_brand","embeddable":true,"href":"https:\/\/huendt.com\/de_de\/wp-json\/wp\/v2\/product_brand?post=1690"},{"taxonomy":"product_cat","embeddable":true,"href":"https:\/\/huendt.com\/de_de\/wp-json\/wp\/v2\/product_cat?post=1690"},{"taxonomy":"product_tag","embeddable":true,"href":"https:\/\/huendt.com\/de_de\/wp-json\/wp\/v2\/product_tag?post=1690"}],"curies":[{"name":"wp","href":"https:\/\/api.w.org\/{rel}","templated":true}]}}