{"id":1922,"date":"2025-01-26T15:55:45","date_gmt":"2025-01-26T14:55:45","guid":{"rendered":"https:\/\/huendt.com\/de_de\/?post_type=product&#038;p=1922"},"modified":"2026-01-18T21:04:37","modified_gmt":"2026-01-18T20:04:37","slug":"gewuerzmuehle-buche-150mm","status":"publish","type":"product","link":"https:\/\/huendt.com\/de_de\/product\/gewuerzmuehle-buche-150mm\/","title":{"rendered":"Gew\u00fcrzm\u00fchle aus gestocktem Buchenholz"},"content":{"rendered":"<p>Gew\u00fcrzm\u00fchle aus Buche.<\/p>\n<p>Buchenholz ist hell, gleichm\u00e4\u00dfig und wirkt sehr sachlich. Es ist robust und weit verbreitet und bietet eine unaufdringliche, neutrale Optik.<br \/>\nBei gestocktem Holz sorgen nat\u00fcrliche Verf\u00e4rbungen f\u00fcr sehr individuelle, oft dramatische Maserbilder mit starken Kontrasten.<\/p>\n<p>Die Oberfl\u00e4che ist fein geschliffen und mit einer Carnaubawachs-Lein\u00f6lmischung behandelt, was f\u00fcr eine angenehme Haptik und hohe Langlebigkeit sorgt.<\/p>\n<p>Das verbaute CrushGrind\u00ae-Mahlwerk gilt als eines der besten Mahlwerke weltweit. Es ist korrosionsfrei, extrem langlebig und l\u00e4sst sich stufenlos einstellen \u2013 ideal f\u00fcr Pfeffer, Salz und Gew\u00fcrze aller Art.<\/p>\n<p>Handarbeit aus der Manufaktur.<\/p>\n<p style=\"font-size:0;height:0;overflow:hidden;margin:0\"><a href=\"\/produkt-kategorie\/gew\u00fcrzm\u00fchle\">Mehr Produkte<\/a><\/p>\n","protected":false},"excerpt":{"rendered":"<p>Gew\u00fcrzm\u00fchle aus Buche. Handgedrechselt und hochwertig verarbeitet.<\/p>\n","protected":false},"featured_media":1988,"comment_status":"closed","ping_status":"closed","template":"","meta":{"neve_meta_sidebar":"","neve_meta_container":"","neve_meta_enable_content_width":"off","neve_meta_content_width":100,"neve_meta_title_alignment":"","neve_meta_author_avatar":"","neve_post_elements_order":"","neve_meta_disable_header":"","neve_meta_disable_footer":"","neve_meta_disable_title":"","_themeisle_gutenberg_block_has_review":false,"GTIN":"","GTIN, UPC, EAN oder ISBN":"","MPN":"","Material":"","material":"","Farbe":"","color":"","manufacturer":"","hersteller":"","FB_PK":"","GO_PK":"","_rank_math_title":"Gew\u00fcrzm\u00fchle Buchenholz Gestockt CrushGrind\u00ae-Mahlwerk Carnaubawachs-Lein\u00f6l","_rank_math_description":"Gew\u00fcrzm\u00fchle aus Buche.\n\nBuchenholz ist hell, gleichm\u00e4\u00dfig und wirkt sehr sachlich. Es ist robust und weit verbreitet und bietet eine unaufdringliche, neutrale Optik.\nBei gestocktem Holz sorgen nat\u00fcrliche Verf\u00e4rbungen f\u00fcr sehr individuelle, oft dramatische Maserbilder mit starken Kontrasten.\n\nDie Oberfl\u00e4che ist fein geschliffen und mit einer Carnaubawachs-Lein\u00f6lmischung behandelt, was f\u00fcr eine angenehme Haptik und hohe Langlebigkeit sorgt.\n\nDas verbaute CrushGrind\u00ae-Mahlwerk gilt als eines der besten Mahlwerke weltweit. Es ist korrosionsfrei, extrem langlebig und l\u00e4sst sich stufenlos einstellen \u2013 ideal f\u00fcr Pfeffer, Salz und Gew\u00fcrze aller Art.\n\nHandarbeit aus der Manufaktur.\n\nAusgestattet mit einem hochwertigen CrushGrind\u00ae-Mahlwerk f\u00fcr maximale Langlebigkeit und stufenlose Einstellung.","_rank_math_focus_keyword":"","_rank_math_facebook_title":"Gew\u00fcrzm\u00fchle Buchenholz Gestockt CrushGrind\u00ae-Mahlwerk Carnaubawachs-Lein\u00f6l","_rank_math_facebook_description":"Gew\u00fcrzm\u00fchle aus Buche.\n\nBuchenholz ist hell, gleichm\u00e4\u00dfig und wirkt sehr sachlich. Es ist robust und weit verbreitet und bietet eine unaufdringliche, neutrale Optik.\nBei gestocktem Holz sorgen nat\u00fcrliche Verf\u00e4rbungen f\u00fcr sehr individuelle, oft dramatische Maserbilder mit starken Kontrasten.\n\nDie Oberfl\u00e4che ist fein geschliffen und mit einer Carnaubawachs-Lein\u00f6lmischung behandelt, was f\u00fcr eine angenehme Haptik und hohe Langlebigkeit sorgt.\n\nDas verbaute CrushGrind\u00ae-Mahlwerk gilt als eines der besten Mahlwerke weltweit. Es ist korrosionsfrei, extrem langlebig und l\u00e4sst sich stufenlos einstellen \u2013 ideal f\u00fcr Pfeffer, Salz und Gew\u00fcrze aller Art.\n\nHandarbeit aus der Manufaktur.\n\nAusgestattet mit einem hochwertigen CrushGrind\u00ae-Mahlwerk f\u00fcr maximale Langlebigkeit und stufenlose Einstellung.","_rank_math_twitter_title":"Gew\u00fcrzm\u00fchle Buchenholz Gestockt CrushGrind\u00ae-Mahlwerk Carnaubawachs-Lein\u00f6l","_rank_math_twitter_description":"Gew\u00fcrzm\u00fchle aus Buche.\n\nBuchenholz ist hell, gleichm\u00e4\u00dfig und wirkt sehr sachlich. Es ist robust und weit verbreitet und bietet eine unaufdringliche, neutrale Optik.\nBei gestocktem Holz sorgen nat\u00fcrliche Verf\u00e4rbungen f\u00fcr sehr individuelle, oft dramatische Maserbilder mit starken Kontrasten.\n\nDie Oberfl\u00e4che ist fein geschliffen und mit einer Carnaubawachs-Lein\u00f6lmischung behandelt, was f\u00fcr eine angenehme Haptik und hohe Langlebigkeit sorgt.\n\nDas verbaute CrushGrind\u00ae-Mahlwerk gilt als eines der besten Mahlwerke weltweit. Es ist korrosionsfrei, extrem langlebig und l\u00e4sst sich stufenlos einstellen \u2013 ideal f\u00fcr Pfeffer, Salz und Gew\u00fcrze aller Art.\n\nHandarbeit aus der Manufaktur.\n\nAusgestattet mit einem hochwertigen CrushGrind\u00ae-Mahlwerk f\u00fcr maximale Langlebigkeit und stufenlose Einstellung.","_rank_math_canonical_url":"","bullet_point1":"Handgedrechselt aus Buche \u2013 Gestockt.","bullet_point2":"CrushGrind\u00ae-Mahlwerk \u2013 langlebig, korrosionsfrei und stufenlos einstellbar.","bullet_point3":"Nat\u00fcrliches Carnaubawachs-Lein\u00f6l-Finish \u2013 angenehme Haptik und Schutz.","bullet_point4":"Handarbeit aus der Manufaktur.","bullet_point5":"Lebensmittelechte Oberfl\u00e4che \u2013 veredelt mit Carnaubawachs-Lein\u00f6l."},"product_brand":[675],"product_cat":[67,398],"product_tag":[509,46,391,196,197,469,198,470,200,201,505,205,506,507,508],"class_list":{"0":"post-1922","1":"product","2":"type-product","3":"status-publish","4":"has-post-thumbnail","6":"product_brand-huendt","7":"product_cat-muehlen","8":"product_cat--150mm","9":"product_tag-tischaccessoire","10":"product_tag-holz","11":"product_tag-gestockt","12":"product_tag-gewuerzmuehle","13":"product_tag-pfeffermuehle","14":"product_tag-metall","15":"product_tag-salzmuehle","16":"product_tag-huendt","17":"product_tag-crushgrind","18":"product_tag-keramikmahlwerk","19":"product_tag-geschenk","20":"product_tag-buche","21":"product_tag-kueche","22":"product_tag-kuechenmuehle","23":"product_tag-muehle","25":"first","26":"instock","27":"sold-individually","28":"taxable","29":"shipping-taxable","30":"purchasable","31":"product-type-simple"},"_links":{"self":[{"href":"https:\/\/huendt.com\/de_de\/wp-json\/wp\/v2\/product\/1922","targetHints":{"allow":["GET"]}}],"collection":[{"href":"https:\/\/huendt.com\/de_de\/wp-json\/wp\/v2\/product"}],"about":[{"href":"https:\/\/huendt.com\/de_de\/wp-json\/wp\/v2\/types\/product"}],"replies":[{"embeddable":true,"href":"https:\/\/huendt.com\/de_de\/wp-json\/wp\/v2\/comments?post=1922"}],"wp:featuredmedia":[{"embeddable":true,"href":"https:\/\/huendt.com\/de_de\/wp-json\/wp\/v2\/media\/1988"}],"wp:attachment":[{"href":"https:\/\/huendt.com\/de_de\/wp-json\/wp\/v2\/media?parent=1922"}],"wp:term":[{"taxonomy":"product_brand","embeddable":true,"href":"https:\/\/huendt.com\/de_de\/wp-json\/wp\/v2\/product_brand?post=1922"},{"taxonomy":"product_cat","embeddable":true,"href":"https:\/\/huendt.com\/de_de\/wp-json\/wp\/v2\/product_cat?post=1922"},{"taxonomy":"product_tag","embeddable":true,"href":"https:\/\/huendt.com\/de_de\/wp-json\/wp\/v2\/product_tag?post=1922"}],"curies":[{"name":"wp","href":"https:\/\/api.w.org\/{rel}","templated":true}]}}