{"id":1999,"date":"2025-02-02T21:20:34","date_gmt":"2025-02-02T20:20:34","guid":{"rendered":"https:\/\/huendt.com\/?post_type=product&#038;p=1999"},"modified":"2026-03-28T13:05:56","modified_gmt":"2026-03-28T12:05:56","slug":"gewuerzmuehle-nussbaum-150mm","status":"publish","type":"product","link":"https:\/\/huendt.com\/de_de\/product\/gewuerzmuehle-nussbaum-150mm\/","title":{"rendered":"Gew\u00fcrzm\u00fchle aus Nussbaumholz"},"content":{"rendered":"<p>Gew\u00fcrzm\u00fchle aus Nussbaum.<\/p>\n<p>Die Oberfl\u00e4che ist fein geschliffen und mit einer Carnaubawachs-Lein\u00f6lmischung behandelt, was f\u00fcr eine angenehme Haptik und hohe Langlebigkeit sorgt.<\/p>\n<p>Das verbaute CrushGrind\u00ae-Mahlwerk gilt als eines der besten Mahlwerke weltweit. Es ist korrosionsfrei, extrem langlebig und l\u00e4sst sich stufenlos einstellen \u2013 ideal f\u00fcr Pfeffer, Salz und Gew\u00fcrze aller Art.<\/p>\n<p>Handarbeit aus der Manufaktur.<\/p>\n<p style=\"font-size:0;height:0;overflow:hidden;margin:0\"><a href=\"\/produkt-kategorie\/gew\u00fcrzm\u00fchle\">Mehr Produkte<\/a><\/p>\n","protected":false},"excerpt":{"rendered":"<p>Gew\u00fcrzm\u00fchle aus Nussbaum. Handgedrechselt und hochwertig verarbeitet.<\/p>\n","protected":false},"featured_media":2000,"comment_status":"closed","ping_status":"closed","template":"","meta":{"neve_meta_sidebar":"","neve_meta_container":"","neve_meta_enable_content_width":"off","neve_meta_content_width":100,"neve_meta_title_alignment":"","neve_meta_author_avatar":"","neve_post_elements_order":"","neve_meta_disable_header":"","neve_meta_disable_footer":"","neve_meta_disable_title":"","_themeisle_gutenberg_block_has_review":false,"GTIN":"","GTIN, UPC, EAN oder ISBN":"","MPN":"","Material":"","material":"","Farbe":"","color":"","manufacturer":"","hersteller":"","FB_PK":"","GO_PK":"","_rank_math_title":"Gew\u00fcrzm\u00fchle Nussbaumholz CrushGrind\u00ae-Mahlwerk Carnaubawachs-Lein\u00f6l","_rank_math_description":"Gew\u00fcrzm\u00fchle aus Nussbaum.\n\nDie Oberfl\u00e4che ist fein geschliffen und mit einer Carnaubawachs-Lein\u00f6lmischung behandelt, was f\u00fcr eine angenehme Haptik und hohe Langlebigkeit sorgt.\n\nDas verbaute CrushGrind\u00ae-Mahlwerk gilt als eines der besten Mahlwerke weltweit. Es ist korrosionsfrei, extrem langlebig und l\u00e4sst sich stufenlos einstellen \u2013 ideal f\u00fcr Pfeffer, Salz und Gew\u00fcrze aller Art.\n\nHandarbeit aus der Manufaktur.\n\nAusgestattet mit einem hochwertigen CrushGrind\u00ae-Mahlwerk f\u00fcr maximale Langlebigkeit und stufenlose Einstellung.","_rank_math_focus_keyword":"","_rank_math_facebook_title":"Gew\u00fcrzm\u00fchle Nussbaumholz CrushGrind\u00ae-Mahlwerk Carnaubawachs-Lein\u00f6l","_rank_math_facebook_description":"Gew\u00fcrzm\u00fchle aus Nussbaum.\n\nDie Oberfl\u00e4che ist fein geschliffen und mit einer Carnaubawachs-Lein\u00f6lmischung behandelt, was f\u00fcr eine angenehme Haptik und hohe Langlebigkeit sorgt.\n\nDas verbaute CrushGrind\u00ae-Mahlwerk gilt als eines der besten Mahlwerke weltweit. Es ist korrosionsfrei, extrem langlebig und l\u00e4sst sich stufenlos einstellen \u2013 ideal f\u00fcr Pfeffer, Salz und Gew\u00fcrze aller Art.\n\nHandarbeit aus der Manufaktur.\n\nAusgestattet mit einem hochwertigen CrushGrind\u00ae-Mahlwerk f\u00fcr maximale Langlebigkeit und stufenlose Einstellung.","_rank_math_twitter_title":"Gew\u00fcrzm\u00fchle Nussbaumholz CrushGrind\u00ae-Mahlwerk Carnaubawachs-Lein\u00f6l","_rank_math_twitter_description":"Gew\u00fcrzm\u00fchle aus Nussbaum.\n\nDie Oberfl\u00e4che ist fein geschliffen und mit einer Carnaubawachs-Lein\u00f6lmischung behandelt, was f\u00fcr eine angenehme Haptik und hohe Langlebigkeit sorgt.\n\nDas verbaute CrushGrind\u00ae-Mahlwerk gilt als eines der besten Mahlwerke weltweit. Es ist korrosionsfrei, extrem langlebig und l\u00e4sst sich stufenlos einstellen \u2013 ideal f\u00fcr Pfeffer, Salz und Gew\u00fcrze aller Art.\n\nHandarbeit aus der Manufaktur.\n\nAusgestattet mit einem hochwertigen CrushGrind\u00ae-Mahlwerk f\u00fcr maximale Langlebigkeit und stufenlose Einstellung.","_rank_math_canonical_url":"","bullet_point1":"Handgedrechselt aus Nussbaum.","bullet_point2":"CrushGrind\u00ae-Mahlwerk \u2013 langlebig, korrosionsfrei und stufenlos einstellbar.","bullet_point3":"Nat\u00fcrliches Carnaubawachs-Lein\u00f6l-Finish \u2013 angenehme Haptik und Schutz.","bullet_point4":"Handarbeit aus der Manufaktur.","bullet_point5":""},"product_brand":[675],"product_cat":[398,67],"product_tag":[508,509,46,469,196,470,197,198,492,200,505,201,506,507],"class_list":{"0":"post-1999","1":"product","2":"type-product","3":"status-publish","4":"has-post-thumbnail","6":"product_brand-huendt","7":"product_cat--150mm","8":"product_cat-muehlen","9":"product_tag-muehle","10":"product_tag-tischaccessoire","11":"product_tag-holz","12":"product_tag-metall","13":"product_tag-gewuerzmuehle","14":"product_tag-huendt","15":"product_tag-pfeffermuehle","16":"product_tag-salzmuehle","17":"product_tag-nussbaum","18":"product_tag-crushgrind","19":"product_tag-geschenk","20":"product_tag-keramikmahlwerk","21":"product_tag-kueche","22":"product_tag-kuechenmuehle","24":"first","25":"outofstock","26":"sold-individually","27":"taxable","28":"shipping-taxable","29":"purchasable","30":"product-type-simple"},"_links":{"self":[{"href":"https:\/\/huendt.com\/de_de\/wp-json\/wp\/v2\/product\/1999","targetHints":{"allow":["GET"]}}],"collection":[{"href":"https:\/\/huendt.com\/de_de\/wp-json\/wp\/v2\/product"}],"about":[{"href":"https:\/\/huendt.com\/de_de\/wp-json\/wp\/v2\/types\/product"}],"replies":[{"embeddable":true,"href":"https:\/\/huendt.com\/de_de\/wp-json\/wp\/v2\/comments?post=1999"}],"wp:featuredmedia":[{"embeddable":true,"href":"https:\/\/huendt.com\/de_de\/wp-json\/wp\/v2\/media\/2000"}],"wp:attachment":[{"href":"https:\/\/huendt.com\/de_de\/wp-json\/wp\/v2\/media?parent=1999"}],"wp:term":[{"taxonomy":"product_brand","embeddable":true,"href":"https:\/\/huendt.com\/de_de\/wp-json\/wp\/v2\/product_brand?post=1999"},{"taxonomy":"product_cat","embeddable":true,"href":"https:\/\/huendt.com\/de_de\/wp-json\/wp\/v2\/product_cat?post=1999"},{"taxonomy":"product_tag","embeddable":true,"href":"https:\/\/huendt.com\/de_de\/wp-json\/wp\/v2\/product_tag?post=1999"}],"curies":[{"name":"wp","href":"https:\/\/api.w.org\/{rel}","templated":true}]}}