{"id":2070,"date":"2025-05-18T12:00:10","date_gmt":"2025-05-18T10:00:10","guid":{"rendered":"https:\/\/huendt.com\/?post_type=product&#038;p=2070"},"modified":"2026-01-18T20:44:31","modified_gmt":"2026-01-18T19:44:31","slug":"briefoeffner-amaranth-gold","status":"publish","type":"product","link":"https:\/\/huendt.com\/de_de\/product\/briefoeffner-amaranth-gold\/","title":{"rendered":"Brief\u00f6ffner aus Amaranthholz Gold"},"content":{"rendered":"<p>Brief\u00f6ffner aus Amaranthholz.<\/p>\n<p>Amaranth, auch Violettholz genannt, ist f\u00fcr seine intensive violette bis purpurfarbene T\u00f6nung bekannt. Es setzt starke Akzente und macht jedes St\u00fcck zu einem besonderen Hingucker.<\/p>\n<p>Die Metallkomponenten in Gold verleihen dem Schreibger\u00e4t eine elegante und hochwertige Optik.<\/p>\n<p>Die Oberfl\u00e4che ist fein geschliffen und mit einer Carnaubawachs-Lein\u00f6lmischung behandelt, was f\u00fcr eine angenehme Haptik und hohe Langlebigkeit sorgt.<\/p>\n<p style=\"font-size:0;height:0;overflow:hidden;margin:0\"><a href=\"\/produkt-kategorie\/brief\u00f6ffner\">Mehr Produkte<\/a><\/p>\n","protected":false},"excerpt":{"rendered":"<p>Brief\u00f6ffner aus Amaranth. Metallkomponenten in Gold f\u00fcr eine elegante Optik. Handgedrechselt und hochwertig verarbeitet.<\/p>\n","protected":false},"featured_media":2120,"comment_status":"open","ping_status":"closed","template":"","meta":{"neve_meta_sidebar":"","neve_meta_container":"","neve_meta_enable_content_width":"off","neve_meta_content_width":100,"neve_meta_title_alignment":"","neve_meta_author_avatar":"","neve_post_elements_order":"","neve_meta_disable_header":"","neve_meta_disable_footer":"","neve_meta_disable_title":"","_themeisle_gutenberg_block_has_review":false,"GTIN":"","GTIN, UPC, EAN oder ISBN":"","MPN":"","Material":"","material":"","Farbe":"","color":"","manufacturer":"","hersteller":"","FB_PK":"","GO_PK":"","_rank_math_title":"Brief\u00f6ffner Amaranthholz \u2013 Gold","_rank_math_description":"Brief\u00f6ffner aus Amaranthholz.\n\nAmaranth, auch Violettholz genannt, ist f\u00fcr seine intensive violette bis purpurfarbene T\u00f6nung bekannt. Es setzt starke Akzente und macht jedes St\u00fcck zu einem besonderen Hingucker.\n\nDie Metallkomponenten in Gold verleihen dem Schreibger\u00e4t eine elegante und hochwertige Optik.\n\nDie Oberfl\u00e4che ist fein geschliffen und mit einer Carnaubawachs-Lein\u00f6lmischung behandelt, was f\u00fcr eine angenehme Haptik und hohe Langlebigkeit sorgt.","_rank_math_focus_keyword":"","_rank_math_facebook_title":"Brief\u00f6ffner Amaranthholz \u2013 Gold","_rank_math_facebook_description":"Brief\u00f6ffner aus Amaranthholz.\n\nAmaranth, auch Violettholz genannt, ist f\u00fcr seine intensive violette bis purpurfarbene T\u00f6nung bekannt. Es setzt starke Akzente und macht jedes St\u00fcck zu einem besonderen Hingucker.\n\nDie Metallkomponenten in Gold verleihen dem Schreibger\u00e4t eine elegante und hochwertige Optik.\n\nDie Oberfl\u00e4che ist fein geschliffen und mit einer Carnaubawachs-Lein\u00f6lmischung behandelt, was f\u00fcr eine angenehme Haptik und hohe Langlebigkeit sorgt.","_rank_math_twitter_title":"Brief\u00f6ffner Amaranthholz \u2013 Gold","_rank_math_twitter_description":"Brief\u00f6ffner aus Amaranthholz.\n\nAmaranth, auch Violettholz genannt, ist f\u00fcr seine intensive violette bis purpurfarbene T\u00f6nung bekannt. Es setzt starke Akzente und macht jedes St\u00fcck zu einem besonderen Hingucker.\n\nDie Metallkomponenten in Gold verleihen dem Schreibger\u00e4t eine elegante und hochwertige Optik.\n\nDie Oberfl\u00e4che ist fein geschliffen und mit einer Carnaubawachs-Lein\u00f6lmischung behandelt, was f\u00fcr eine angenehme Haptik und hohe Langlebigkeit sorgt.","_rank_math_canonical_url":"","bullet_point1":"Handgedrechselt aus Amaranth.","bullet_point2":"Metallkomponenten in Gold \u2013 moderne, hochwertige Optik.","bullet_point3":"Nat\u00fcrliches Carnaubawachs-Lein\u00f6l-Finish \u2013 angenehme Haptik und Schutz.","bullet_point4":"Handarbeit aus der H\u00fcndt-Manufaktur.","bullet_point5":""},"product_brand":[675],"product_cat":[277],"product_tag":[46,470,104,653,145,156],"class_list":{"0":"post-2070","1":"product","2":"type-product","3":"status-publish","4":"has-post-thumbnail","6":"product_brand-huendt","7":"product_cat-briefoeffner","8":"product_tag-holz","9":"product_tag-huendt","10":"product_tag-gold","11":"product_tag-suedamerika","12":"product_tag-amaranth","13":"product_tag-briefoeffner","15":"first","16":"instock","17":"sold-individually","18":"taxable","19":"shipping-taxable","20":"purchasable","21":"product-type-simple"},"_links":{"self":[{"href":"https:\/\/huendt.com\/de_de\/wp-json\/wp\/v2\/product\/2070","targetHints":{"allow":["GET"]}}],"collection":[{"href":"https:\/\/huendt.com\/de_de\/wp-json\/wp\/v2\/product"}],"about":[{"href":"https:\/\/huendt.com\/de_de\/wp-json\/wp\/v2\/types\/product"}],"replies":[{"embeddable":true,"href":"https:\/\/huendt.com\/de_de\/wp-json\/wp\/v2\/comments?post=2070"}],"wp:featuredmedia":[{"embeddable":true,"href":"https:\/\/huendt.com\/de_de\/wp-json\/wp\/v2\/media\/2120"}],"wp:attachment":[{"href":"https:\/\/huendt.com\/de_de\/wp-json\/wp\/v2\/media?parent=2070"}],"wp:term":[{"taxonomy":"product_brand","embeddable":true,"href":"https:\/\/huendt.com\/de_de\/wp-json\/wp\/v2\/product_brand?post=2070"},{"taxonomy":"product_cat","embeddable":true,"href":"https:\/\/huendt.com\/de_de\/wp-json\/wp\/v2\/product_cat?post=2070"},{"taxonomy":"product_tag","embeddable":true,"href":"https:\/\/huendt.com\/de_de\/wp-json\/wp\/v2\/product_tag?post=2070"}],"curies":[{"name":"wp","href":"https:\/\/api.w.org\/{rel}","templated":true}]}}