{"id":2090,"date":"2025-05-19T22:05:41","date_gmt":"2025-05-19T20:05:41","guid":{"rendered":"https:\/\/huendt.com\/de_de\/?post_type=product&#038;p=2090"},"modified":"2026-02-15T18:04:02","modified_gmt":"2026-02-15T17:04:02","slug":"drehkugelschreiber-fancy-amaranth-gold-3","status":"publish","type":"product","link":"https:\/\/huendt.com\/de_de\/product\/drehkugelschreiber-fancy-amaranth-gold-3\/","title":{"rendered":"Drehkugelschreiber Fancy aus Amaranthholz Gold"},"content":{"rendered":"<p>Drehkugelschreiber Fancy aus Amaranthholz.<\/p>\n<p>Amaranth, auch Violettholz genannt, ist f\u00fcr seine intensive violette bis purpurfarbene T\u00f6nung bekannt. Es setzt starke Akzente und macht jedes St\u00fcck zu einem besonderen Hingucker.<\/p>\n<p>Die Metallkomponenten in Gold verleihen dem Drehkugelschreiber eine elegante und hochwertige Optik. Die Mine schreibt in Schwarz und sorgt f\u00fcr ein sauberes, gleichm\u00e4\u00dfiges Schriftbild.<\/p>\n<p>Die Oberfl\u00e4che ist fein geschliffen und mit einer Carnaubawachs-Lein\u00f6lmischung behandelt, was f\u00fcr eine angenehme Haptik und hohe Langlebigkeit sorgt.<\/p>\n<p>Handarbeit aus der Manufaktur.<\/p>\n<p style=\"font-size:0;height:0;overflow:hidden;margin:0\"><a href=\"\/produkt-kategorie\/drehkugelschreiber\">Mehr Produkte<\/a><\/p>\n","protected":false},"excerpt":{"rendered":"<p>Drehkugelschreiber Fancy aus Amaranth. Metallkomponenten in Gold f\u00fcr eine elegante Optik. Schreibt in Schwarz. Handgedrechselt und hochwertig verarbeitet.<\/p>\n","protected":false},"featured_media":2098,"comment_status":"open","ping_status":"closed","template":"","meta":{"neve_meta_sidebar":"","neve_meta_container":"","neve_meta_enable_content_width":"off","neve_meta_content_width":100,"neve_meta_title_alignment":"","neve_meta_author_avatar":"","neve_post_elements_order":"","neve_meta_disable_header":"","neve_meta_disable_footer":"","neve_meta_disable_title":"","_themeisle_gutenberg_block_has_review":false,"GTIN":"","GTIN, UPC, EAN oder ISBN":"","MPN":"","Material":"","material":"","Farbe":"","color":"","manufacturer":"","hersteller":"","FB_PK":"","GO_PK":"","_rank_math_title":"Drehkugelschreiber Fancy Amaranthholz Gold","_rank_math_description":"Drehkugelschreiber aus Amaranthholz. Amaranth, auch Violettholz genannt, ist f\u00fcr seine intensive violette bis purpurfarbene T\u00f6nung bekannt. Es setzt starke Akzente und macht jedes St\u00fcck zu einem besonderen Hingucker. Metallkomponenten in Gold f\u00fcr eine elegante Optik. Mit Carnaubawachs-Lein\u00f6l-Finish f\u00fcr angenehme Hap...","_rank_math_focus_keyword":"","_rank_math_facebook_title":"Drehkugelschreiber Fancy Amaranthholz Gold","_rank_math_facebook_description":"Drehkugelschreiber aus Amaranthholz. Amaranth, auch Violettholz genannt, ist f\u00fcr seine intensive violette bis purpurfarbene T\u00f6nung bekannt. Es setzt starke Akzente und macht jedes St\u00fcck zu einem besonderen Hingucker. Metallkomponenten in Gold f\u00fcr eine elegante Optik. Mit Carnaubawachs-Lein\u00f6l-Finish f\u00fcr angenehme Hap...","_rank_math_twitter_title":"Drehkugelschreiber Fancy Amaranthholz Gold","_rank_math_twitter_description":"Drehkugelschreiber aus Amaranthholz. Amaranth, auch Violettholz genannt, ist f\u00fcr seine intensive violette bis purpurfarbene T\u00f6nung bekannt. Es setzt starke Akzente und macht jedes St\u00fcck zu einem besonderen Hingucker. Metallkomponenten in Gold f\u00fcr eine elegante Optik. Mit Carnaubawachs-Lein\u00f6l-Finish f\u00fcr angenehme Hap...","_rank_math_canonical_url":"","bullet_point1":"Handgedrechselt aus Amaranthholz.","bullet_point2":"Variante Fancy \u2013 ergonomisch, ausgewogen und angenehm in der Hand.","bullet_point3":"Metallkomponenten in Gold \u2013 moderne, hochwertige Optik.","bullet_point4":"Schreibt in Schwarz \u2013 sauberes, gleichm\u00e4\u00dfiges Schriftbild.","bullet_point5":"Nat\u00fcrliches Carnaubawachs-Lein\u00f6l-Finish \u2013 angenehme Haptik und langlebiger Schutz."},"product_brand":[675],"product_cat":[43],"product_tag":[145,653,45,211,46,465,470,104,471,124],"class_list":{"0":"post-2090","1":"product","2":"type-product","3":"status-publish","4":"has-post-thumbnail","6":"product_brand-huendt","7":"product_cat-drehkugelschreiber","8":"product_tag-amaranth","9":"product_tag-suedamerika","10":"product_tag-drehkugelschreiber","11":"product_tag-schreibgeraet","12":"product_tag-holz","13":"product_tag-kugelschreiber","14":"product_tag-huendt","15":"product_tag-gold","16":"product_tag-holzkugelschreiber","17":"product_tag-fancy","18":"product_shipping_class-warensendung","20":"first","21":"instock","22":"sold-individually","23":"taxable","24":"shipping-taxable","25":"purchasable","26":"product-type-simple"},"_links":{"self":[{"href":"https:\/\/huendt.com\/de_de\/wp-json\/wp\/v2\/product\/2090","targetHints":{"allow":["GET"]}}],"collection":[{"href":"https:\/\/huendt.com\/de_de\/wp-json\/wp\/v2\/product"}],"about":[{"href":"https:\/\/huendt.com\/de_de\/wp-json\/wp\/v2\/types\/product"}],"replies":[{"embeddable":true,"href":"https:\/\/huendt.com\/de_de\/wp-json\/wp\/v2\/comments?post=2090"}],"wp:featuredmedia":[{"embeddable":true,"href":"https:\/\/huendt.com\/de_de\/wp-json\/wp\/v2\/media\/2098"}],"wp:attachment":[{"href":"https:\/\/huendt.com\/de_de\/wp-json\/wp\/v2\/media?parent=2090"}],"wp:term":[{"taxonomy":"product_brand","embeddable":true,"href":"https:\/\/huendt.com\/de_de\/wp-json\/wp\/v2\/product_brand?post=2090"},{"taxonomy":"product_cat","embeddable":true,"href":"https:\/\/huendt.com\/de_de\/wp-json\/wp\/v2\/product_cat?post=2090"},{"taxonomy":"product_tag","embeddable":true,"href":"https:\/\/huendt.com\/de_de\/wp-json\/wp\/v2\/product_tag?post=2090"}],"curies":[{"name":"wp","href":"https:\/\/api.w.org\/{rel}","templated":true}]}}