{"id":2165,"date":"2025-10-27T21:42:01","date_gmt":"2025-10-27T20:42:01","guid":{"rendered":"https:\/\/huendt.com\/?post_type=product&#038;p=2165"},"modified":"2026-01-18T21:03:25","modified_gmt":"2026-01-18T20:03:25","slug":"schale-zwetschge-3","status":"publish","type":"product","link":"https:\/\/huendt.com\/de_de\/product\/schale-zwetschge-3\/","title":{"rendered":"Schale Naturrand aus Zwetschgenholz"},"content":{"rendered":"<p>Schale Naturrand aus Zwetschgenholz.<\/p>\n<p>Zwetschge zeigt ein intensives Farbspiel von r\u00f6tlich bis violettbraun, oft mit dunklen Adern. Es wirkt sehr hochwertig.<\/p>\n<p>Die Oberfl\u00e4che ist fein geschliffen und mit reinem Lein\u00f6l behandelt, wodurch die nat\u00fcrliche Maserung besonders warm und lebendig wirkt.<\/p>\n<p>Handarbeit aus der Manufaktur.<\/p>\n<p style=\"font-size:0;height:0;overflow:hidden;margin:0\"><a href=\"\/produkt-kategorie\/schale\">Mehr Produkte<\/a><\/p>\n","protected":false},"excerpt":{"rendered":"<p>Schale Naturrand aus Zwetschge. Handgedrechselt und hochwertig verarbeitet.<\/p>\n","protected":false},"featured_media":2220,"comment_status":"open","ping_status":"closed","template":"","meta":{"neve_meta_sidebar":"","neve_meta_container":"","neve_meta_enable_content_width":"off","neve_meta_content_width":100,"neve_meta_title_alignment":"","neve_meta_author_avatar":"","neve_post_elements_order":"","neve_meta_disable_header":"","neve_meta_disable_footer":"","neve_meta_disable_title":"","_themeisle_gutenberg_block_has_review":false,"GTIN":"","GTIN, UPC, EAN oder ISBN":"","MPN":"","Material":"","material":"","Farbe":"","color":"","manufacturer":"","hersteller":"","FB_PK":"","GO_PK":"","_rank_math_title":"Schale Naturrand Zwetschgenholz","_rank_math_description":"Schale aus Zwetschge. Zwetschge zeigt ein intensives Farbspiel von r\u00f6tlich bis violettbraun, oft mit dunklen Adern. Es wirkt sehr hochwertig. Mit Lein\u00f6l-Finish f\u00fcr angenehme Haptik und langlebigen Schutz.","_rank_math_focus_keyword":"","_rank_math_facebook_title":"Schale Naturrand Zwetschgenholz","_rank_math_facebook_description":"Schale aus Zwetschge. Zwetschge zeigt ein intensives Farbspiel von r\u00f6tlich bis violettbraun, oft mit dunklen Adern. Es wirkt sehr hochwertig. Mit Lein\u00f6l-Finish f\u00fcr angenehme Haptik und langlebigen Schutz.","_rank_math_twitter_title":"Schale Naturrand Zwetschgenholz","_rank_math_twitter_description":"Schale aus Zwetschge. Zwetschge zeigt ein intensives Farbspiel von r\u00f6tlich bis violettbraun, oft mit dunklen Adern. Es wirkt sehr hochwertig. Mit Lein\u00f6l-Finish f\u00fcr angenehme Haptik und langlebigen Schutz.","_rank_math_canonical_url":"","bullet_point1":"Handgedrechselt aus Zwetschgeholz.","bullet_point2":"Variante Naturrand \u2013 ergonomisch, ausgewogen und angenehm in der Hand.","bullet_point3":"Nat\u00fcrliches Lein\u00f6l-Finish \u2013 angenehme Haptik und langlebiger Schutz.","bullet_point4":"Handarbeit aus der Manufaktur.","bullet_point5":""},"product_brand":[675],"product_cat":[175],"product_tag":[432,470,176,178],"class_list":{"0":"post-2165","1":"product","2":"type-product","3":"status-publish","4":"has-post-thumbnail","6":"product_brand-huendt","7":"product_cat-schalen","8":"product_tag-zwetschge","9":"product_tag-huendt","10":"product_tag-schale","11":"product_tag-naturrand","12":"product_shipping_class-standard","14":"first","15":"instock","16":"sold-individually","17":"taxable","18":"shipping-taxable","19":"purchasable","20":"product-type-simple"},"_links":{"self":[{"href":"https:\/\/huendt.com\/de_de\/wp-json\/wp\/v2\/product\/2165","targetHints":{"allow":["GET"]}}],"collection":[{"href":"https:\/\/huendt.com\/de_de\/wp-json\/wp\/v2\/product"}],"about":[{"href":"https:\/\/huendt.com\/de_de\/wp-json\/wp\/v2\/types\/product"}],"replies":[{"embeddable":true,"href":"https:\/\/huendt.com\/de_de\/wp-json\/wp\/v2\/comments?post=2165"}],"wp:featuredmedia":[{"embeddable":true,"href":"https:\/\/huendt.com\/de_de\/wp-json\/wp\/v2\/media\/2220"}],"wp:attachment":[{"href":"https:\/\/huendt.com\/de_de\/wp-json\/wp\/v2\/media?parent=2165"}],"wp:term":[{"taxonomy":"product_brand","embeddable":true,"href":"https:\/\/huendt.com\/de_de\/wp-json\/wp\/v2\/product_brand?post=2165"},{"taxonomy":"product_cat","embeddable":true,"href":"https:\/\/huendt.com\/de_de\/wp-json\/wp\/v2\/product_cat?post=2165"},{"taxonomy":"product_tag","embeddable":true,"href":"https:\/\/huendt.com\/de_de\/wp-json\/wp\/v2\/product_tag?post=2165"}],"curies":[{"name":"wp","href":"https:\/\/api.w.org\/{rel}","templated":true}]}}