{"id":2238,"date":"2025-11-02T17:52:11","date_gmt":"2025-11-02T16:52:11","guid":{"rendered":"https:\/\/huendt.com\/de_de\/product\/minen-07-x-60-mm-feinminen-fuer-druckbleistifte\/"},"modified":"2026-02-15T16:26:06","modified_gmt":"2026-02-15T15:26:06","slug":"minen-07-x-60-mm-feinminen-fuer-druckbleistifte","status":"publish","type":"product","link":"https:\/\/huendt.com\/de_de\/product\/minen-07-x-60-mm-feinminen-fuer-druckbleistifte\/","title":{"rendered":"Minen &#8211; 0,7 x 60 mm Feinminen f\u00fcr Druckbleistifte"},"content":{"rendered":"<p>12er Pack 0,7 mm Feinminen f\u00fcr geschmeidiges Schreiben und Zeichnen.<\/p>\n<p>0,7 mm Feinmine<br \/>\nPerfekt f\u00fcr Skizzen, Zeichnungen und kreatives Schreiben<br \/>\n12 St\u00fcck pro Packung<br \/>\nPassend f\u00fcr g\u00e4ngige Druckbleistifte<\/p>\n","protected":false},"excerpt":{"rendered":"<p>12er Pack 0,7 mm Feinminen f\u00fcr geschmeidiges Schreiben und Zeichnen. 0,7 mm Feinmine Perfekt f\u00fcr Skizzen, Zeichnungen und kreatives Schreiben 12 St\u00fcck pro Packung Passend f\u00fcr g\u00e4ngige Druckbleistifte<\/p>\n","protected":false},"featured_media":2244,"comment_status":"open","ping_status":"closed","template":"","meta":{"neve_meta_sidebar":"","neve_meta_container":"","neve_meta_enable_content_width":"off","neve_meta_content_width":100,"neve_meta_title_alignment":"","neve_meta_author_avatar":"","neve_post_elements_order":"","neve_meta_disable_header":"","neve_meta_disable_footer":"","neve_meta_disable_title":"","_themeisle_gutenberg_block_has_review":false,"GTIN":"","GTIN, UPC, EAN oder ISBN":"","MPN":"","Material":"","material":"","Farbe":"","color":"","manufacturer":"","hersteller":"","FB_PK":"","GO_PK":"","_rank_math_title":"","_rank_math_description":"","_rank_math_focus_keyword":"","_rank_math_facebook_title":"","_rank_math_facebook_description":"","_rank_math_twitter_title":"","_rank_math_twitter_description":"","_rank_math_canonical_url":"","bullet_point1":"","bullet_point2":"","bullet_point3":"","bullet_point4":"","bullet_point5":""},"product_brand":[],"product_cat":[185],"product_tag":[],"class_list":{"0":"post-2238","1":"product","2":"type-product","3":"status-publish","4":"has-post-thumbnail","6":"product_cat-ersatzmine","8":"first","9":"instock","10":"taxable","11":"shipping-taxable","12":"purchasable","13":"product-type-variable"},"_links":{"self":[{"href":"https:\/\/huendt.com\/de_de\/wp-json\/wp\/v2\/product\/2238","targetHints":{"allow":["GET"]}}],"collection":[{"href":"https:\/\/huendt.com\/de_de\/wp-json\/wp\/v2\/product"}],"about":[{"href":"https:\/\/huendt.com\/de_de\/wp-json\/wp\/v2\/types\/product"}],"replies":[{"embeddable":true,"href":"https:\/\/huendt.com\/de_de\/wp-json\/wp\/v2\/comments?post=2238"}],"wp:featuredmedia":[{"embeddable":true,"href":"https:\/\/huendt.com\/de_de\/wp-json\/wp\/v2\/media\/2244"}],"wp:attachment":[{"href":"https:\/\/huendt.com\/de_de\/wp-json\/wp\/v2\/media?parent=2238"}],"wp:term":[{"taxonomy":"product_brand","embeddable":true,"href":"https:\/\/huendt.com\/de_de\/wp-json\/wp\/v2\/product_brand?post=2238"},{"taxonomy":"product_cat","embeddable":true,"href":"https:\/\/huendt.com\/de_de\/wp-json\/wp\/v2\/product_cat?post=2238"},{"taxonomy":"product_tag","embeddable":true,"href":"https:\/\/huendt.com\/de_de\/wp-json\/wp\/v2\/product_tag?post=2238"}],"curies":[{"name":"wp","href":"https:\/\/api.w.org\/{rel}","templated":true}]}}