{"id":2290,"date":"2025-11-09T10:04:28","date_gmt":"2025-11-09T09:04:28","guid":{"rendered":"https:\/\/huendt.com\/de_de\/product\/pastellkreide-gioconda-runde-oelpastellkreide-farblich-sortiert-im-12er-pack\/"},"modified":"2026-02-15T16:23:07","modified_gmt":"2026-02-15T15:23:07","slug":"pastellkreide-gioconda-runde-oelpastellkreide-farblich-sortiert-im-12er-pack","status":"publish","type":"product","link":"https:\/\/huendt.com\/de_de\/product\/pastellkreide-gioconda-runde-oelpastellkreide-farblich-sortiert-im-12er-pack\/","title":{"rendered":"Pastellkreide &#8220;GIOCONDA&#8221; runde \u00d6lpastellkreide &#8211; farblich sortiert, im 12er Pack"},"content":{"rendered":"<div class=\"info\">\n<p>\u00d6lpastellkreide farblich sortiert im 12er Pack<br \/>\nausgezeichnete Lichtechtheit \/ die Oberfl\u00e4che wird durch eine Umh\u00fcllung gesch\u00fctzt<\/p>\n<\/div>\n<p>&nbsp;<\/p>\n<ul>\n<li>12 K\u00fcnstler-Pastellkreiden<\/li>\n<li>Hochwertige Pigmente f\u00fcr hervorragende Farbs\u00e4ttigung<\/li>\n<li>Brillante Farben mit sehr guter Lichtbest\u00e4ndigkeit f\u00fcr lebendige Kunstwerke<\/li>\n<li>Angenehm weiches Gef\u00fchl beim Zeichnen<\/li>\n<li>Weiches \u00d6l-Finish f\u00fcr einfaches Schattieren und Verblenden<\/li>\n<li>Hergestellt in Tschechien nach h\u00f6chsten Qualit\u00e4tsstandards<\/li>\n<\/ul>\n","protected":false},"excerpt":{"rendered":"<p>Dieses 12-teilige K\u00fcnstlerset mit \u00d6lpastellkreiden ist perfekt f\u00fcr K\u00fcnstler jeder Erfahrungsstufe. Die \u00d6lpastelle enthalten hochwertige Pigmente, die eine ausgezeichnete Farbs\u00e4ttigung garantieren und eine Vielzahl von leuchtenden Farben in Ihre Kunstwerke bringen. Die Kreiden f\u00fchlen sich beim Zeichnen angenehm weich an und hinterlassen auf dem Papier ein samtiges \u00d6l-Finish, das leicht zu verblenden ist. Dank der sehr guten Lichtechtheit wird Ihr Kunstwerk \u00fcber Jahre hinweg erhalten bleiben.<\/p>\n","protected":false},"featured_media":2306,"comment_status":"open","ping_status":"closed","template":"","meta":{"neve_meta_sidebar":"","neve_meta_container":"","neve_meta_enable_content_width":"off","neve_meta_content_width":100,"neve_meta_title_alignment":"","neve_meta_author_avatar":"","neve_post_elements_order":"","neve_meta_disable_header":"","neve_meta_disable_footer":"","neve_meta_disable_title":"","_themeisle_gutenberg_block_has_review":false,"GTIN":"","GTIN, UPC, EAN oder ISBN":"","MPN":"","Material":"","material":"","Farbe":"","color":"","manufacturer":"","hersteller":"","FB_PK":"","GO_PK":"","_rank_math_title":"","_rank_math_description":"","_rank_math_focus_keyword":"","_rank_math_facebook_title":"","_rank_math_facebook_description":"","_rank_math_twitter_title":"","_rank_math_twitter_description":"","_rank_math_canonical_url":"","bullet_point1":"","bullet_point2":"","bullet_point3":"","bullet_point4":"","bullet_point5":""},"product_brand":[456],"product_cat":[445,180],"product_tag":[453,454,455,448,449,450,451,234,452],"class_list":{"0":"post-2290","1":"product","2":"type-product","3":"status-publish","4":"has-post-thumbnail","6":"product_brand-koh-i-noor","7":"product_cat-kreide","8":"product_cat-zubehoer-2","9":"product_tag-oelpastellkreide","10":"product_tag-oelkreide","11":"product_tag-zeichenkreide","12":"product_tag-softpastelle","13":"product_tag-softpastellkreide","14":"product_tag-pastellkreide","15":"product_tag-kuenstlerkreide","16":"product_tag-kreide","17":"product_tag-oelpastelle","19":"first","20":"instock","21":"taxable","22":"shipping-taxable","23":"purchasable","24":"product-type-simple"},"_links":{"self":[{"href":"https:\/\/huendt.com\/de_de\/wp-json\/wp\/v2\/product\/2290","targetHints":{"allow":["GET"]}}],"collection":[{"href":"https:\/\/huendt.com\/de_de\/wp-json\/wp\/v2\/product"}],"about":[{"href":"https:\/\/huendt.com\/de_de\/wp-json\/wp\/v2\/types\/product"}],"replies":[{"embeddable":true,"href":"https:\/\/huendt.com\/de_de\/wp-json\/wp\/v2\/comments?post=2290"}],"wp:featuredmedia":[{"embeddable":true,"href":"https:\/\/huendt.com\/de_de\/wp-json\/wp\/v2\/media\/2306"}],"wp:attachment":[{"href":"https:\/\/huendt.com\/de_de\/wp-json\/wp\/v2\/media?parent=2290"}],"wp:term":[{"taxonomy":"product_brand","embeddable":true,"href":"https:\/\/huendt.com\/de_de\/wp-json\/wp\/v2\/product_brand?post=2290"},{"taxonomy":"product_cat","embeddable":true,"href":"https:\/\/huendt.com\/de_de\/wp-json\/wp\/v2\/product_cat?post=2290"},{"taxonomy":"product_tag","embeddable":true,"href":"https:\/\/huendt.com\/de_de\/wp-json\/wp\/v2\/product_tag?post=2290"}],"curies":[{"name":"wp","href":"https:\/\/api.w.org\/{rel}","templated":true}]}}