{"id":2401,"date":"2025-11-14T19:54:08","date_gmt":"2025-11-14T18:54:08","guid":{"rendered":"https:\/\/huendt.com\/de_de\/?post_type=product&#038;p=2401"},"modified":"2026-02-15T18:15:28","modified_gmt":"2026-02-15T17:15:28","slug":"drehkugelschreiber-streamline-olive-chrom-3","status":"publish","type":"product","link":"https:\/\/huendt.com\/de_de\/product\/drehkugelschreiber-streamline-olive-chrom-3\/","title":{"rendered":"Drehkugelschreiber Streamline aus Olivenholz Chrom"},"content":{"rendered":"<p>Drehkugelschreiber Streamline aus Olivenholz.<\/p>\n<p>Olivenholz zeigt ein unverwechselbares, kontrastreiches Maserbild mit warmen, goldbraunen und olivfarbenen T\u00f6nen.<\/p>\n<p>Die Metallkomponenten in Chrom verleihen dem Drehkugelschreiber eine elegante und hochwertige Optik. Die Mine schreibt in Schwarz und sorgt f\u00fcr ein sauberes, gleichm\u00e4\u00dfiges Schriftbild.<\/p>\n<p>Die Oberfl\u00e4che ist fein geschliffen und mit einer Carnaubawachs-Lein\u00f6lmischung behandelt, was f\u00fcr eine angenehme Haptik und hohe Langlebigkeit sorgt.<\/p>\n<p>Handarbeit aus der Manufaktur.<\/p>\n<p style=\"font-size:0;height:0;overflow:hidden;margin:0\"><a href=\"\/produkt-kategorie\/drehkugelschreiber\">Mehr Produkte<\/a><\/p>\n","protected":false},"excerpt":{"rendered":"<p>Drehkugelschreiber Streamline aus Olive. Metallkomponenten in Chrom f\u00fcr eine elegante Optik. Schreibt in Schwarz. Handgedrechselt und hochwertig verarbeitet.<\/p>\n","protected":false},"featured_media":2427,"comment_status":"open","ping_status":"closed","template":"","meta":{"neve_meta_sidebar":"","neve_meta_container":"","neve_meta_enable_content_width":"off","neve_meta_content_width":100,"neve_meta_title_alignment":"","neve_meta_author_avatar":"","neve_post_elements_order":"","neve_meta_disable_header":"","neve_meta_disable_footer":"","neve_meta_disable_title":"","_themeisle_gutenberg_block_has_review":false,"GTIN":"","GTIN, UPC, EAN oder ISBN":"","MPN":"","Material":"","material":"","Farbe":"","color":"","manufacturer":"","hersteller":"","FB_PK":"","GO_PK":"","_rank_math_title":"Drehkugelschreiber Streamline Olivenholz Chrom","_rank_math_description":"Drehkugelschreiber aus Olivenholz. Olivenholz zeigt ein unverwechselbares, kontrastreiches Maserbild mit warmen, goldbraunen und olivfarbenen T\u00f6nen. Metallkomponenten in Chrom f\u00fcr eine elegante Optik. Mit Carnaubawachs-Lein\u00f6l-Finish f\u00fcr angenehme Haptik und langlebigen Schutz.","_rank_math_focus_keyword":"","_rank_math_facebook_title":"Drehkugelschreiber Streamline Olivenholz Chrom","_rank_math_facebook_description":"Drehkugelschreiber aus Olivenholz. Olivenholz zeigt ein unverwechselbares, kontrastreiches Maserbild mit warmen, goldbraunen und olivfarbenen T\u00f6nen. Metallkomponenten in Chrom f\u00fcr eine elegante Optik. Mit Carnaubawachs-Lein\u00f6l-Finish f\u00fcr angenehme Haptik und langlebigen Schutz.","_rank_math_twitter_title":"Drehkugelschreiber Streamline Olivenholz Chrom","_rank_math_twitter_description":"Drehkugelschreiber aus Olivenholz. Olivenholz zeigt ein unverwechselbares, kontrastreiches Maserbild mit warmen, goldbraunen und olivfarbenen T\u00f6nen. Metallkomponenten in Chrom f\u00fcr eine elegante Optik. Mit Carnaubawachs-Lein\u00f6l-Finish f\u00fcr angenehme Haptik und langlebigen Schutz.","_rank_math_canonical_url":"","bullet_point1":"Handgedrechselt aus Oliveholz.","bullet_point2":"Variante Streamline \u2013 ergonomisch, ausgewogen und angenehm in der Hand.","bullet_point3":"Metallkomponenten in Chrom \u2013 moderne, hochwertige Optik.","bullet_point4":"Schreibt in Schwarz \u2013 sauberes, gleichm\u00e4\u00dfiges Schriftbild.","bullet_point5":"Nat\u00fcrliches Carnaubawachs-Lein\u00f6l-Finish \u2013 angenehme Haptik und langlebiger Schutz."},"product_brand":[675],"product_cat":[43],"product_tag":[211,45,465,58,470,471,106,121],"class_list":{"0":"post-2401","1":"product","2":"type-product","3":"status-publish","4":"has-post-thumbnail","6":"product_brand-huendt","7":"product_cat-drehkugelschreiber","8":"product_tag-schreibgeraet","9":"product_tag-drehkugelschreiber","10":"product_tag-kugelschreiber","11":"product_tag-olive","12":"product_tag-huendt","13":"product_tag-holzkugelschreiber","14":"product_tag-chrom","15":"product_tag-streamline","17":"first","18":"instock","19":"sold-individually","20":"taxable","21":"shipping-taxable","22":"purchasable","23":"product-type-simple"},"_links":{"self":[{"href":"https:\/\/huendt.com\/de_de\/wp-json\/wp\/v2\/product\/2401","targetHints":{"allow":["GET"]}}],"collection":[{"href":"https:\/\/huendt.com\/de_de\/wp-json\/wp\/v2\/product"}],"about":[{"href":"https:\/\/huendt.com\/de_de\/wp-json\/wp\/v2\/types\/product"}],"replies":[{"embeddable":true,"href":"https:\/\/huendt.com\/de_de\/wp-json\/wp\/v2\/comments?post=2401"}],"wp:featuredmedia":[{"embeddable":true,"href":"https:\/\/huendt.com\/de_de\/wp-json\/wp\/v2\/media\/2427"}],"wp:attachment":[{"href":"https:\/\/huendt.com\/de_de\/wp-json\/wp\/v2\/media?parent=2401"}],"wp:term":[{"taxonomy":"product_brand","embeddable":true,"href":"https:\/\/huendt.com\/de_de\/wp-json\/wp\/v2\/product_brand?post=2401"},{"taxonomy":"product_cat","embeddable":true,"href":"https:\/\/huendt.com\/de_de\/wp-json\/wp\/v2\/product_cat?post=2401"},{"taxonomy":"product_tag","embeddable":true,"href":"https:\/\/huendt.com\/de_de\/wp-json\/wp\/v2\/product_tag?post=2401"}],"curies":[{"name":"wp","href":"https:\/\/api.w.org\/{rel}","templated":true}]}}