{"id":2452,"date":"2025-11-19T21:52:35","date_gmt":"2025-11-19T20:52:35","guid":{"rendered":"https:\/\/huendt.com\/de_de\/?post_type=product&#038;p=2452"},"modified":"2026-01-18T20:51:51","modified_gmt":"2026-01-18T19:51:51","slug":"kreidehalter-birke-chrom-2","status":"publish","type":"product","link":"https:\/\/huendt.com\/de_de\/product\/kreidehalter-birke-chrom-2\/","title":{"rendered":"Kreidehalter aus gemasertem Birkenholz Chrom 10 mm"},"content":{"rendered":"<p>Kreidehalter aus Birkenholz.<\/p>\n<p>Birkenholz ist hell und fein strukturiert. Es wirkt freundlich und leicht und bietet eine ruhige Basis, die gut mit Metallakzenten harmoniert.<br \/>\nGemasertes Holz zeigt besonders lebendige, organische Muster. Die Maserung tritt st\u00e4rker hervor und verleiht dem Schreibger\u00e4t einen ausdrucksstarken, individuellen Charakter.<\/p>\n<p>Geeignet f\u00fcr Kreiden mit einem Durchmesser von 10 mm.<\/p>\n<p>Die Metallkomponenten in Chrom verleihen dem Schreibger\u00e4t eine elegante und hochwertige Optik.<\/p>\n<p>Die Oberfl\u00e4che ist fein geschliffen und mit einer Carnaubawachs-Lein\u00f6lmischung behandelt, was f\u00fcr eine angenehme Haptik und hohe Langlebigkeit sorgt.<\/p>\n<p>Handarbeit aus der Manufaktur.<\/p>\n<p style=\"font-size:0;height:0;overflow:hidden;margin:0\"><a href=\"\/produkt-kategorie\/kreidehalter\">Mehr Produkte<\/a><\/p>\n","protected":false},"excerpt":{"rendered":"<p>Kreidehalter aus Birke. Metallkomponenten in Chrom f\u00fcr eine elegante Optik. Handgedrechselt und hochwertig verarbeitet.<\/p>\n","protected":false},"featured_media":2504,"comment_status":"open","ping_status":"closed","template":"","meta":{"neve_meta_sidebar":"","neve_meta_container":"","neve_meta_enable_content_width":"off","neve_meta_content_width":100,"neve_meta_title_alignment":"","neve_meta_author_avatar":"","neve_post_elements_order":"","neve_meta_disable_header":"","neve_meta_disable_footer":"","neve_meta_disable_title":"","_themeisle_gutenberg_block_has_review":false,"GTIN":"","GTIN, UPC, EAN oder ISBN":"","MPN":"","Material":"","material":"","Farbe":"","color":"","manufacturer":"","hersteller":"","FB_PK":"","GO_PK":"","_rank_math_title":"Kreidehalter Birkenholz Gemasert Chrom \u2013 10 mm","_rank_math_description":"Kreidehalter aus Birkenholz.\n\nBirkenholz ist hell und fein strukturiert. Es wirkt freundlich und leicht und bietet eine ruhige Basis, die gut mit Metallakzenten harmoniert.\nGemasertes Holz zeigt besonders lebendige, organische Muster. Die Maserung tritt st\u00e4rker hervor und verleiht dem Schreibger\u00e4t einen ausdrucksstarken, individuellen Charakter.\n\nGeeignet f\u00fcr Kreiden mit einem Durchmesser von 10 mm.\n\nDie Metallkomponenten in Chrom verleihen dem Schreibger\u00e4t eine elegante und hochwertige Optik.\n\nDie Oberfl\u00e4che ist fein geschliffen und mit einer Carnaubawachs-Lein\u00f6lmischung behandelt, was f\u00fcr eine angenehme Haptik und hohe Langlebigkeit sorgt.\n\nHandarbeit aus der Manufaktur.","_rank_math_focus_keyword":"","_rank_math_facebook_title":"Kreidehalter Birkenholz Gemasert Chrom \u2013 10 mm","_rank_math_facebook_description":"Kreidehalter aus Birkenholz.\n\nBirkenholz ist hell und fein strukturiert. Es wirkt freundlich und leicht und bietet eine ruhige Basis, die gut mit Metallakzenten harmoniert.\nGemasertes Holz zeigt besonders lebendige, organische Muster. Die Maserung tritt st\u00e4rker hervor und verleiht dem Schreibger\u00e4t einen ausdrucksstarken, individuellen Charakter.\n\nGeeignet f\u00fcr Kreiden mit einem Durchmesser von 10 mm.\n\nDie Metallkomponenten in Chrom verleihen dem Schreibger\u00e4t eine elegante und hochwertige Optik.\n\nDie Oberfl\u00e4che ist fein geschliffen und mit einer Carnaubawachs-Lein\u00f6lmischung behandelt, was f\u00fcr eine angenehme Haptik und hohe Langlebigkeit sorgt.\n\nHandarbeit aus der Manufaktur.","_rank_math_twitter_title":"Kreidehalter Birkenholz Gemasert Chrom \u2013 10 mm","_rank_math_twitter_description":"Kreidehalter aus Birkenholz.\n\nBirkenholz ist hell und fein strukturiert. Es wirkt freundlich und leicht und bietet eine ruhige Basis, die gut mit Metallakzenten harmoniert.\nGemasertes Holz zeigt besonders lebendige, organische Muster. Die Maserung tritt st\u00e4rker hervor und verleiht dem Schreibger\u00e4t einen ausdrucksstarken, individuellen Charakter.\n\nGeeignet f\u00fcr Kreiden mit einem Durchmesser von 10 mm.\n\nDie Metallkomponenten in Chrom verleihen dem Schreibger\u00e4t eine elegante und hochwertige Optik.\n\nDie Oberfl\u00e4che ist fein geschliffen und mit einer Carnaubawachs-Lein\u00f6lmischung behandelt, was f\u00fcr eine angenehme Haptik und hohe Langlebigkeit sorgt.\n\nHandarbeit aus der Manufaktur.","_rank_math_canonical_url":"","bullet_point1":"Handgedrechselt aus Birke \u2013 Gemasert.","bullet_point2":"Metallkomponenten in Chrom \u2013 moderne, hochwertige Optik.","bullet_point3":"Geeignet f\u00fcr Kreiden mit 10 mm Durchmesser.","bullet_point4":"Nat\u00fcrliches Carnaubawachs-Lein\u00f6l-Finish \u2013 angenehme Haptik und Schutz.","bullet_point5":"Handarbeit aus der Manufaktur."},"product_brand":[675],"product_cat":[311],"product_tag":[46,470,106,168,637,306],"class_list":{"0":"post-2452","1":"product","2":"type-product","3":"status-publish","4":"has-post-thumbnail","6":"product_brand-huendt","7":"product_cat-kreidehalter","8":"product_tag-holz","9":"product_tag-huendt","10":"product_tag-chrom","11":"product_tag-birke","12":"product_tag-gemasert","13":"product_tag-kreidehalter","15":"first","16":"instock","17":"sold-individually","18":"taxable","19":"shipping-taxable","20":"purchasable","21":"product-type-simple"},"_links":{"self":[{"href":"https:\/\/huendt.com\/de_de\/wp-json\/wp\/v2\/product\/2452","targetHints":{"allow":["GET"]}}],"collection":[{"href":"https:\/\/huendt.com\/de_de\/wp-json\/wp\/v2\/product"}],"about":[{"href":"https:\/\/huendt.com\/de_de\/wp-json\/wp\/v2\/types\/product"}],"replies":[{"embeddable":true,"href":"https:\/\/huendt.com\/de_de\/wp-json\/wp\/v2\/comments?post=2452"}],"wp:featuredmedia":[{"embeddable":true,"href":"https:\/\/huendt.com\/de_de\/wp-json\/wp\/v2\/media\/2504"}],"wp:attachment":[{"href":"https:\/\/huendt.com\/de_de\/wp-json\/wp\/v2\/media?parent=2452"}],"wp:term":[{"taxonomy":"product_brand","embeddable":true,"href":"https:\/\/huendt.com\/de_de\/wp-json\/wp\/v2\/product_brand?post=2452"},{"taxonomy":"product_cat","embeddable":true,"href":"https:\/\/huendt.com\/de_de\/wp-json\/wp\/v2\/product_cat?post=2452"},{"taxonomy":"product_tag","embeddable":true,"href":"https:\/\/huendt.com\/de_de\/wp-json\/wp\/v2\/product_tag?post=2452"}],"curies":[{"name":"wp","href":"https:\/\/api.w.org\/{rel}","templated":true}]}}