{"id":2758,"date":"2026-02-03T21:20:42","date_gmt":"2026-02-03T20:20:42","guid":{"rendered":"https:\/\/huendt.com\/de_de\/?post_type=product&#038;p=2758"},"modified":"2026-02-08T22:04:06","modified_gmt":"2026-02-08T21:04:06","slug":"gewuerzmuehle-eiche-300mm-5","status":"publish","type":"product","link":"https:\/\/huendt.com\/de_de\/product\/gewuerzmuehle-eiche-300mm-5\/","title":{"rendered":"Gew\u00fcrzm\u00fchle aus Eichenholz"},"content":{"rendered":"<p>Gew\u00fcrzm\u00fchle aus Eichenholz.<\/p>\n<p>Eichenholz zeigt eine deutliche Porenstruktur und eine kr\u00e4ftige Maserung. Es wirkt rustikal, wertig und sehr langlebig.<br \/>\nHier wird Holz aus altem Fachwerk wiederverwendet und zu einem neuen, hochwertigen Produkt verarbeitet.<\/p>\n<p>Die Oberfl\u00e4che ist fein geschliffen und mit einer Carnaubawachs-Lein\u00f6lmischung behandelt, was f\u00fcr eine angenehme Haptik und hohe Langlebigkeit sorgt.<\/p>\n<p>Handarbeit aus der Manufaktur.<\/p>\n<p style=\"font-size:0;height:0;overflow:hidden;margin:0\"><a href=\"\/produkt-kategorie\/gew\u00fcrzm\u00fchle\">Mehr Produkte<\/a><\/p>\n","protected":false},"excerpt":{"rendered":"<p>Gew\u00fcrzm\u00fchle aus Eiche. Handgedrechselt und hochwertig verarbeitet.<\/p>\n","protected":false},"featured_media":2797,"comment_status":"open","ping_status":"closed","template":"","meta":{"neve_meta_sidebar":"","neve_meta_container":"","neve_meta_enable_content_width":"","neve_meta_content_width":0,"neve_meta_title_alignment":"","neve_meta_author_avatar":"","neve_post_elements_order":"","neve_meta_disable_header":"","neve_meta_disable_footer":"","neve_meta_disable_title":"","_themeisle_gutenberg_block_has_review":false,"GTIN":"","GTIN, UPC, EAN oder ISBN":"","MPN":"","Material":"","material":"","Farbe":"","color":"","manufacturer":"","hersteller":"","FB_PK":"","GO_PK":"","_rank_math_title":"Gew\u00fcrzm\u00fchle Eichenholz CrushGrind\u00ae-Mahlwerk Carnaubawachs-Lein\u00f6l","_rank_math_description":"Gew\u00fcrzm\u00fchle aus Eichenholz. Eichenholz zeigt eine deutliche Porenstruktur und eine kr\u00e4ftige Maserung. Es wirkt rustikal, wertig und sehr langlebig. Hier wird Holz aus altem Fachwerk wiederverwendet und zu einem neuen, hochwertigen Produkt verarbeitet. Mit Carnaubawachs-Lein\u00f6l-Finish f\u00fcr angenehme Haptik und langlebi...\n\nAusgestattet mit einem hochwertigen CrushGrind\u00ae-Mahlwerk f\u00fcr maximale Langlebigkeit und stufenlose Einstellung.","_rank_math_focus_keyword":"","_rank_math_facebook_title":"Gew\u00fcrzm\u00fchle Eichenholz CrushGrind\u00ae-Mahlwerk Carnaubawachs-Lein\u00f6l","_rank_math_facebook_description":"Gew\u00fcrzm\u00fchle aus Eichenholz. Eichenholz zeigt eine deutliche Porenstruktur und eine kr\u00e4ftige Maserung. Es wirkt rustikal, wertig und sehr langlebig. Hier wird Holz aus altem Fachwerk wiederverwendet und zu einem neuen, hochwertigen Produkt verarbeitet. Mit Carnaubawachs-Lein\u00f6l-Finish f\u00fcr angenehme Haptik und langlebi...\n\nAusgestattet mit einem hochwertigen CrushGrind\u00ae-Mahlwerk f\u00fcr maximale Langlebigkeit und stufenlose Einstellung.","_rank_math_twitter_title":"Gew\u00fcrzm\u00fchle Eichenholz CrushGrind\u00ae-Mahlwerk Carnaubawachs-Lein\u00f6l","_rank_math_twitter_description":"Gew\u00fcrzm\u00fchle aus Eichenholz. Eichenholz zeigt eine deutliche Porenstruktur und eine kr\u00e4ftige Maserung. Es wirkt rustikal, wertig und sehr langlebig. Hier wird Holz aus altem Fachwerk wiederverwendet und zu einem neuen, hochwertigen Produkt verarbeitet. Mit Carnaubawachs-Lein\u00f6l-Finish f\u00fcr angenehme Haptik und langlebi...\n\nAusgestattet mit einem hochwertigen CrushGrind\u00ae-Mahlwerk f\u00fcr maximale Langlebigkeit und stufenlose Einstellung.","_rank_math_canonical_url":"","bullet_point1":"Handgedrechselt aus Eicheholz.","bullet_point2":"CrushGrind\u00ae-Mahlwerk \u2013 langlebig, korrosionsfrei und stufenlos einstellbar.","bullet_point3":"Hochwertiges Keramikmahlwerk \u2013 langlebig und pr\u00e4zise.","bullet_point4":"Nat\u00fcrliches Carnaubawachs-Lein\u00f6l-Finish \u2013 angenehme Haptik und langlebiger Schutz.","bullet_point5":"CrushGrind\u00ae-Mahlwerk \u2013 langlebig und stufenlos einstellbar."},"product_brand":[],"product_cat":[399],"product_tag":[657,46,469,108,470,196,197,505,198,506,200,507,201,508,509],"class_list":{"0":"post-2758","1":"product","2":"type-product","3":"status-publish","4":"has-post-thumbnail","6":"product_cat--300mm","7":"product_tag-fachwerk","8":"product_tag-holz","9":"product_tag-metall","10":"product_tag-eiche","11":"product_tag-huendt","12":"product_tag-gewuerzmuehle","13":"product_tag-pfeffermuehle","14":"product_tag-geschenk","15":"product_tag-salzmuehle","16":"product_tag-kueche","17":"product_tag-crushgrind","18":"product_tag-kuechenmuehle","19":"product_tag-keramikmahlwerk","20":"product_tag-muehle","21":"product_tag-tischaccessoire","23":"first","24":"instock","25":"sold-individually","26":"taxable","27":"shipping-taxable","28":"purchasable","29":"product-type-simple"},"_links":{"self":[{"href":"https:\/\/huendt.com\/de_de\/wp-json\/wp\/v2\/product\/2758","targetHints":{"allow":["GET"]}}],"collection":[{"href":"https:\/\/huendt.com\/de_de\/wp-json\/wp\/v2\/product"}],"about":[{"href":"https:\/\/huendt.com\/de_de\/wp-json\/wp\/v2\/types\/product"}],"replies":[{"embeddable":true,"href":"https:\/\/huendt.com\/de_de\/wp-json\/wp\/v2\/comments?post=2758"}],"wp:featuredmedia":[{"embeddable":true,"href":"https:\/\/huendt.com\/de_de\/wp-json\/wp\/v2\/media\/2797"}],"wp:attachment":[{"href":"https:\/\/huendt.com\/de_de\/wp-json\/wp\/v2\/media?parent=2758"}],"wp:term":[{"taxonomy":"product_brand","embeddable":true,"href":"https:\/\/huendt.com\/de_de\/wp-json\/wp\/v2\/product_brand?post=2758"},{"taxonomy":"product_cat","embeddable":true,"href":"https:\/\/huendt.com\/de_de\/wp-json\/wp\/v2\/product_cat?post=2758"},{"taxonomy":"product_tag","embeddable":true,"href":"https:\/\/huendt.com\/de_de\/wp-json\/wp\/v2\/product_tag?post=2758"}],"curies":[{"name":"wp","href":"https:\/\/api.w.org\/{rel}","templated":true}]}}