{"id":382,"date":"2024-04-16T20:10:36","date_gmt":"2024-04-16T18:10:36","guid":{"rendered":"https:\/\/huendt.com\/product\/princess-ahorn-cc-rose-gold\/"},"modified":"2026-02-15T18:07:50","modified_gmt":"2026-02-15T17:07:50","slug":"drehkugelschreiber-princess-ahorn-rose-gold-2","status":"publish","type":"product","link":"https:\/\/huendt.com\/de_de\/product\/drehkugelschreiber-princess-ahorn-rose-gold-2\/","title":{"rendered":"Drehkugelschreiber Princess aus Ahornholz Rose Gold"},"content":{"rendered":"<p>Drehkugelschreiber Princess aus Ahornholz.<\/p>\n<p>Ahorn ist ein helles, feinporiges Holz mit ruhiger Maserung. Es wirkt modern und zur\u00fcckhaltend und eignet sich ideal f\u00fcr klare, puristische Designs.<br \/>\nCrosscut bedeutet, dass das Holz quer zur Faser geschnitten wird. Dadurch entstehen ungew\u00f6hnliche Muster und eine deutlich andere Optik als beim klassischen L\u00e4ngsschnitt.<\/p>\n<p>Die Metallkomponenten in Rose Gold verleihen dem Drehkugelschreiber eine elegante und hochwertige Optik. Die Mine schreibt in Schwarz und sorgt f\u00fcr ein sauberes, gleichm\u00e4\u00dfiges Schriftbild.<\/p>\n<p>Die Oberfl\u00e4che ist fein geschliffen und mit einer Carnaubawachs-Lein\u00f6lmischung behandelt, was f\u00fcr eine angenehme Haptik und hohe Langlebigkeit sorgt.<\/p>\n<p>Handarbeit aus der Manufaktur.<\/p>\n<p style=\"font-size:0;height:0;overflow:hidden;margin:0\"><a href=\"\/produkt-kategorie\/drehkugelschreiber\">Mehr Produkte<\/a><\/p>\n","protected":false},"excerpt":{"rendered":"<p>Drehkugelschreiber Princess aus Ahorn. Metallkomponenten in Rose Gold f\u00fcr eine elegante Optik. Schreibt in Schwarz. Handgedrechselt und hochwertig verarbeitet.<\/p>\n","protected":false},"featured_media":532,"comment_status":"open","ping_status":"closed","template":"","meta":{"neve_meta_sidebar":"","neve_meta_container":"","neve_meta_enable_content_width":"off","neve_meta_content_width":100,"neve_meta_title_alignment":"","neve_meta_author_avatar":"","neve_post_elements_order":"","neve_meta_disable_header":"","neve_meta_disable_footer":"","neve_meta_disable_title":"","_themeisle_gutenberg_block_has_review":false,"GTIN":"","GTIN, UPC, EAN oder ISBN":"","MPN":"","Material":"","material":"","Farbe":"","color":"","manufacturer":"","hersteller":"","FB_PK":"","GO_PK":"","_rank_math_title":"Drehkugelschreiber Princess Ahornholz Crosscut Rose Gold","_rank_math_description":"Drehkugelschreiber aus Ahornholz. Ahorn ist ein helles, feinporiges Holz mit ruhiger Maserung. Es wirkt modern und zur\u00fcckhaltend und eignet sich ideal f\u00fcr klare, puristische Designs. Crosscut bedeutet, dass das Holz quer zur Faser geschnitten wird. Dadurch entstehen ungew\u00f6hnliche Muster und eine deutlich andere Opti...","_rank_math_focus_keyword":"","_rank_math_facebook_title":"Drehkugelschreiber Princess Ahornholz Crosscut Rose Gold","_rank_math_facebook_description":"Drehkugelschreiber aus Ahornholz. Ahorn ist ein helles, feinporiges Holz mit ruhiger Maserung. Es wirkt modern und zur\u00fcckhaltend und eignet sich ideal f\u00fcr klare, puristische Designs. Crosscut bedeutet, dass das Holz quer zur Faser geschnitten wird. Dadurch entstehen ungew\u00f6hnliche Muster und eine deutlich andere Opti...","_rank_math_twitter_title":"Drehkugelschreiber Princess Ahornholz Crosscut Rose Gold","_rank_math_twitter_description":"Drehkugelschreiber aus Ahornholz. Ahorn ist ein helles, feinporiges Holz mit ruhiger Maserung. Es wirkt modern und zur\u00fcckhaltend und eignet sich ideal f\u00fcr klare, puristische Designs. Crosscut bedeutet, dass das Holz quer zur Faser geschnitten wird. Dadurch entstehen ungew\u00f6hnliche Muster und eine deutlich andere Opti...","_rank_math_canonical_url":"","bullet_point1":"Handgedrechselt aus Ahornholz.","bullet_point2":"Variante Princess \u2013 ergonomisch, ausgewogen und angenehm in der Hand.","bullet_point3":"Metallkomponenten in Rose Gold \u2013 moderne, hochwertige Optik.","bullet_point4":"Schreibt in Schwarz \u2013 sauberes, gleichm\u00e4\u00dfiges Schriftbild.","bullet_point5":"Nat\u00fcrliches Carnaubawachs-Lein\u00f6l-Finish \u2013 angenehme Haptik und langlebiger Schutz."},"product_brand":[675],"product_cat":[43],"product_tag":[45,46,465,470,471,484,88,485,211,44],"class_list":{"0":"post-382","1":"product","2":"type-product","3":"status-publish","4":"has-post-thumbnail","6":"product_brand-huendt","7":"product_cat-drehkugelschreiber","8":"product_tag-drehkugelschreiber","9":"product_tag-holz","10":"product_tag-kugelschreiber","11":"product_tag-huendt","12":"product_tag-holzkugelschreiber","13":"product_tag-princess","14":"product_tag-crosscut","15":"product_tag-rose-gold","16":"product_tag-schreibgeraet","17":"product_tag-ahorn","18":"product_shipping_class-warensendung","20":"first","21":"instock","22":"sold-individually","23":"taxable","24":"shipping-taxable","25":"purchasable","26":"product-type-simple"},"_links":{"self":[{"href":"https:\/\/huendt.com\/de_de\/wp-json\/wp\/v2\/product\/382","targetHints":{"allow":["GET"]}}],"collection":[{"href":"https:\/\/huendt.com\/de_de\/wp-json\/wp\/v2\/product"}],"about":[{"href":"https:\/\/huendt.com\/de_de\/wp-json\/wp\/v2\/types\/product"}],"replies":[{"embeddable":true,"href":"https:\/\/huendt.com\/de_de\/wp-json\/wp\/v2\/comments?post=382"}],"wp:featuredmedia":[{"embeddable":true,"href":"https:\/\/huendt.com\/de_de\/wp-json\/wp\/v2\/media\/532"}],"wp:attachment":[{"href":"https:\/\/huendt.com\/de_de\/wp-json\/wp\/v2\/media?parent=382"}],"wp:term":[{"taxonomy":"product_brand","embeddable":true,"href":"https:\/\/huendt.com\/de_de\/wp-json\/wp\/v2\/product_brand?post=382"},{"taxonomy":"product_cat","embeddable":true,"href":"https:\/\/huendt.com\/de_de\/wp-json\/wp\/v2\/product_cat?post=382"},{"taxonomy":"product_tag","embeddable":true,"href":"https:\/\/huendt.com\/de_de\/wp-json\/wp\/v2\/product_tag?post=382"}],"curies":[{"name":"wp","href":"https:\/\/api.w.org\/{rel}","templated":true}]}}