{"id":447,"date":"2024-04-18T22:17:45","date_gmt":"2024-04-18T20:17:45","guid":{"rendered":"https:\/\/huendt.com\/product\/fallminenbleistift-2mm-apfel\/"},"modified":"2026-02-15T18:19:10","modified_gmt":"2026-02-15T17:19:10","slug":"druckbleistift-streamline-wacholder","status":"publish","type":"product","link":"https:\/\/huendt.com\/de_de\/product\/druckbleistift-streamline-wacholder\/","title":{"rendered":"Druckbleistift Streamline aus Wacholderholz Gunmetal 0.7 mm"},"content":{"rendered":"<p>Druckbleistift Streamline aus Wacholderholz.<\/p>\n<p>Wacholder zeigt einen hellen Splint und einen deutlich dunkleren Kern. Das ergibt eine sehr charakteristische, dekorative Optik.<\/p>\n<p>Geeignet f\u00fcr Minen mit einem Durchmesser von 0.7 mm.<\/p>\n<p>Die Metallkomponenten in Gunmetal verleihen dem Druckbleistift eine elegante und hochwertige Optik.<\/p>\n<p>Die Oberfl\u00e4che ist fein geschliffen und mit einer Carnaubawachs-Lein\u00f6lmischung behandelt, was f\u00fcr eine angenehme Haptik und hohe Langlebigkeit sorgt.<\/p>\n<p>Handarbeit aus der Manufaktur.<\/p>\n<p style=\"font-size:0;height:0;overflow:hidden;margin:0\"><a href=\"\/produkt-kategorie\/druckbleistift\">Mehr Produkte<\/a><\/p>\n","protected":false},"excerpt":{"rendered":"<p>Druckbleistift Streamline aus Wacholder. Metallkomponenten in Gunmetal f\u00fcr eine elegante Optik. Geeignet f\u00fcr 0.7 mm. Handgedrechselt und hochwertig verarbeitet.<\/p>\n","protected":false},"featured_media":2121,"comment_status":"open","ping_status":"closed","template":"","meta":{"neve_meta_sidebar":"","neve_meta_container":"","neve_meta_enable_content_width":"off","neve_meta_content_width":100,"neve_meta_title_alignment":"","neve_meta_author_avatar":"","neve_post_elements_order":"","neve_meta_disable_header":"","neve_meta_disable_footer":"","neve_meta_disable_title":"","_themeisle_gutenberg_block_has_review":false,"GTIN":"","GTIN, UPC, EAN oder ISBN":"","MPN":"","Material":"","material":"","Farbe":"","color":"","manufacturer":"","hersteller":"","FB_PK":"","GO_PK":"","_rank_math_title":"Druckbleistift Streamline Wacholderholz Gunmetal \u2013 0.7 mm","_rank_math_description":"Druckbleistift aus Wacholderholz. Wacholder zeigt einen hellen Splint und einen deutlich dunkleren Kern. Das ergibt eine sehr charakteristische, dekorative Optik. Metallkomponenten in Gunmetal f\u00fcr eine elegante Optik. Mit Carnaubawachs-Lein\u00f6l-Finish f\u00fcr angenehme Haptik und langlebigen Schutz.","_rank_math_focus_keyword":"","_rank_math_facebook_title":"Druckbleistift Streamline Wacholderholz Gunmetal \u2013 0.7 mm","_rank_math_facebook_description":"Druckbleistift aus Wacholderholz. Wacholder zeigt einen hellen Splint und einen deutlich dunkleren Kern. Das ergibt eine sehr charakteristische, dekorative Optik. Metallkomponenten in Gunmetal f\u00fcr eine elegante Optik. Mit Carnaubawachs-Lein\u00f6l-Finish f\u00fcr angenehme Haptik und langlebigen Schutz.","_rank_math_twitter_title":"Druckbleistift Streamline Wacholderholz Gunmetal \u2013 0.7 mm","_rank_math_twitter_description":"Druckbleistift aus Wacholderholz. Wacholder zeigt einen hellen Splint und einen deutlich dunkleren Kern. Das ergibt eine sehr charakteristische, dekorative Optik. Metallkomponenten in Gunmetal f\u00fcr eine elegante Optik. Mit Carnaubawachs-Lein\u00f6l-Finish f\u00fcr angenehme Haptik und langlebigen Schutz.","_rank_math_canonical_url":"","bullet_point1":"Handgedrechselt aus Wacholderholz.","bullet_point2":"Variante Streamline \u2013 ergonomisch, ausgewogen und angenehm in der Hand.","bullet_point3":"Metallkomponenten in Gunmetal \u2013 moderne, hochwertige Optik.","bullet_point4":"Passend f\u00fcr Minen mit 0.7 mm mm Durchmesser.","bullet_point5":"Nat\u00fcrliches Carnaubawachs-Lein\u00f6l-Finish \u2013 angenehme Haptik und langlebiger Schutz."},"product_brand":[675],"product_cat":[425,429],"product_tag":[368,57,96,431,121,470,211],"class_list":{"0":"post-447","1":"product","2":"type-product","3":"status-publish","4":"has-post-thumbnail","6":"product_brand-huendt","7":"product_cat-druckbleistift","8":"product_cat-0-7mm","9":"product_tag-wacholder","10":"product_tag-bleistift","11":"product_tag-gunmetal","12":"product_tag-druckbleistift","13":"product_tag-streamline","14":"product_tag-huendt","15":"product_tag-schreibgeraet","17":"first","18":"instock","19":"sold-individually","20":"taxable","21":"shipping-taxable","22":"purchasable","23":"product-type-simple"},"_links":{"self":[{"href":"https:\/\/huendt.com\/de_de\/wp-json\/wp\/v2\/product\/447","targetHints":{"allow":["GET"]}}],"collection":[{"href":"https:\/\/huendt.com\/de_de\/wp-json\/wp\/v2\/product"}],"about":[{"href":"https:\/\/huendt.com\/de_de\/wp-json\/wp\/v2\/types\/product"}],"replies":[{"embeddable":true,"href":"https:\/\/huendt.com\/de_de\/wp-json\/wp\/v2\/comments?post=447"}],"wp:featuredmedia":[{"embeddable":true,"href":"https:\/\/huendt.com\/de_de\/wp-json\/wp\/v2\/media\/2121"}],"wp:attachment":[{"href":"https:\/\/huendt.com\/de_de\/wp-json\/wp\/v2\/media?parent=447"}],"wp:term":[{"taxonomy":"product_brand","embeddable":true,"href":"https:\/\/huendt.com\/de_de\/wp-json\/wp\/v2\/product_brand?post=447"},{"taxonomy":"product_cat","embeddable":true,"href":"https:\/\/huendt.com\/de_de\/wp-json\/wp\/v2\/product_cat?post=447"},{"taxonomy":"product_tag","embeddable":true,"href":"https:\/\/huendt.com\/de_de\/wp-json\/wp\/v2\/product_tag?post=447"}],"curies":[{"name":"wp","href":"https:\/\/api.w.org\/{rel}","templated":true}]}}