{"id":547,"date":"2024-04-21T08:49:28","date_gmt":"2024-04-21T06:49:28","guid":{"rendered":"https:\/\/huendt.com\/?post_type=product&#038;p=547"},"modified":"2026-03-28T12:23:16","modified_gmt":"2026-03-28T11:23:16","slug":"rollerball-manager-kastanie-gold-2","status":"publish","type":"product","link":"https:\/\/huendt.com\/de_de\/product\/rollerball-manager-kastanie-gold-2\/","title":{"rendered":"Rollerball Manager aus Kastanienholz Gold"},"content":{"rendered":"<p>Rollerball Manager aus Kastanienholz.<\/p>\n<p>Kastanienholz zeigt ein warmes, hell- bis mittelbraunes Farbspiel mit deutlich erkennbarer, aber feinerer Maserung als Eiche.<\/p>\n<p>Die Metallkomponenten in Gold verleihen dem Rollerball eine elegante und hochwertige Optik. Der Rollerball schreibt in Schwarz und sorgt f\u00fcr ein sauberes, gleichm\u00e4\u00dfiges Schriftbild.<\/p>\n<p>Die Oberfl\u00e4che ist fein geschliffen und mit einer Carnaubawachs-Lein\u00f6lmischung behandelt, was f\u00fcr eine angenehme Haptik und hohe Langlebigkeit sorgt.<\/p>\n<p>Handarbeit aus der Manufaktur.<\/p>\n<p style=\"font-size:0;height:0;overflow:hidden;margin:0\"><a href=\"\/produkt-kategorie\/rollerball\">Mehr Produkte<\/a><\/p>\n","protected":false},"excerpt":{"rendered":"<p>Rollerball Manager aus Kastanie. Metallkomponenten in Gold f\u00fcr eine elegante Optik. Schreibt in Schwarz. Handgedrechselt und hochwertig verarbeitet.<\/p>\n","protected":false},"featured_media":550,"comment_status":"open","ping_status":"closed","template":"","meta":{"neve_meta_sidebar":"","neve_meta_container":"","neve_meta_enable_content_width":"off","neve_meta_content_width":100,"neve_meta_title_alignment":"","neve_meta_author_avatar":"","neve_post_elements_order":"","neve_meta_disable_header":"","neve_meta_disable_footer":"","neve_meta_disable_title":"","_themeisle_gutenberg_block_has_review":false,"GTIN":"","GTIN, UPC, EAN oder ISBN":"","MPN":"","Material":"","material":"","Farbe":"","color":"","manufacturer":"","hersteller":"","FB_PK":"","GO_PK":"","_rank_math_title":"Rollerball Manager Kastanienholz Gold","_rank_math_description":"Rollerball aus Kastanienholz. Kastanienholz zeigt ein warmes, hell- bis mittelbraunes Farbspiel mit deutlich erkennbarer, aber feinerer Maserung als Eiche. Metallkomponenten in Gold f\u00fcr eine elegante Optik.","_rank_math_focus_keyword":"","_rank_math_facebook_title":"Rollerball Manager Kastanienholz Gold","_rank_math_facebook_description":"Rollerball aus Kastanienholz. Kastanienholz zeigt ein warmes, hell- bis mittelbraunes Farbspiel mit deutlich erkennbarer, aber feinerer Maserung als Eiche. Metallkomponenten in Gold f\u00fcr eine elegante Optik.","_rank_math_twitter_title":"Rollerball Manager Kastanienholz Gold","_rank_math_twitter_description":"Rollerball aus Kastanienholz. Kastanienholz zeigt ein warmes, hell- bis mittelbraunes Farbspiel mit deutlich erkennbarer, aber feinerer Maserung als Eiche. Metallkomponenten in Gold f\u00fcr eine elegante Optik.","_rank_math_canonical_url":"","bullet_point1":"Handgedrechselt aus Kastanieholz.","bullet_point2":"Variante Manager \u2013 ergonomisch, ausgewogen und angenehm in der Hand.","bullet_point3":"Metallkomponenten in Gold \u2013 moderne, hochwertige Optik.","bullet_point4":"Schreibt in Schwarz \u2013 sauberes, gleichm\u00e4\u00dfiges Schriftbild.","bullet_point5":"Handarbeit aus der Manufaktur."},"product_brand":[675],"product_cat":[98],"product_tag":[104,105,733,734,470,479,99],"class_list":{"0":"post-547","1":"product","2":"type-product","3":"status-publish","4":"has-post-thumbnail","6":"product_brand-huendt","7":"product_cat-rollerball","8":"product_tag-gold","9":"product_tag-kastanie","10":"product_tag-tintenroller","11":"product_tag-rollerpen","12":"product_tag-huendt","13":"product_tag-manager","14":"product_tag-rollerball","15":"product_shipping_class-warensendung","17":"first","18":"outofstock","19":"sold-individually","20":"taxable","21":"shipping-taxable","22":"purchasable","23":"product-type-simple"},"_links":{"self":[{"href":"https:\/\/huendt.com\/de_de\/wp-json\/wp\/v2\/product\/547","targetHints":{"allow":["GET"]}}],"collection":[{"href":"https:\/\/huendt.com\/de_de\/wp-json\/wp\/v2\/product"}],"about":[{"href":"https:\/\/huendt.com\/de_de\/wp-json\/wp\/v2\/types\/product"}],"replies":[{"embeddable":true,"href":"https:\/\/huendt.com\/de_de\/wp-json\/wp\/v2\/comments?post=547"}],"wp:featuredmedia":[{"embeddable":true,"href":"https:\/\/huendt.com\/de_de\/wp-json\/wp\/v2\/media\/550"}],"wp:attachment":[{"href":"https:\/\/huendt.com\/de_de\/wp-json\/wp\/v2\/media?parent=547"}],"wp:term":[{"taxonomy":"product_brand","embeddable":true,"href":"https:\/\/huendt.com\/de_de\/wp-json\/wp\/v2\/product_brand?post=547"},{"taxonomy":"product_cat","embeddable":true,"href":"https:\/\/huendt.com\/de_de\/wp-json\/wp\/v2\/product_cat?post=547"},{"taxonomy":"product_tag","embeddable":true,"href":"https:\/\/huendt.com\/de_de\/wp-json\/wp\/v2\/product_tag?post=547"}],"curies":[{"name":"wp","href":"https:\/\/api.w.org\/{rel}","templated":true}]}}