{"id":619,"date":"2024-04-21T22:23:36","date_gmt":"2024-04-21T20:23:36","guid":{"rendered":"https:\/\/huendt.com\/?post_type=product&#038;p=619"},"modified":"2026-02-15T18:07:03","modified_gmt":"2026-02-15T17:07:03","slug":"drehkugelschreiber-paris-ahorn-gold","status":"publish","type":"product","link":"https:\/\/huendt.com\/de_de\/product\/drehkugelschreiber-paris-ahorn-gold\/","title":{"rendered":"Drehkugelschreiber Paris aus Ahornholz Gold"},"content":{"rendered":"<p>Drehkugelschreiber Paris aus Ahornholz.<\/p>\n<p>Ahorn ist ein helles, feinporiges Holz mit ruhiger Maserung. Es wirkt modern und zur\u00fcckhaltend und eignet sich ideal f\u00fcr klare, puristische Designs.<\/p>\n<p>Die Metallkomponenten in Gold verleihen dem Drehkugelschreiber eine elegante und hochwertige Optik. Die Mine schreibt in Schwarz und sorgt f\u00fcr ein sauberes, gleichm\u00e4\u00dfiges Schriftbild.<\/p>\n<p>Die Oberfl\u00e4che ist fein geschliffen und mit einer Carnaubawachs-Lein\u00f6lmischung behandelt, was f\u00fcr eine angenehme Haptik und hohe Langlebigkeit sorgt.<\/p>\n<p>Handarbeit aus der Manufaktur.<\/p>\n<p style=\"font-size:0;height:0;overflow:hidden;margin:0\"><a href=\"\/produkt-kategorie\/drehkugelschreiber\">Mehr Produkte<\/a><\/p>\n","protected":false},"excerpt":{"rendered":"<p>Drehkugelschreiber Paris aus Ahorn. Metallkomponenten in Gold f\u00fcr eine elegante Optik. Schreibt in Schwarz. Handgedrechselt und hochwertig verarbeitet.<\/p>\n","protected":false},"featured_media":620,"comment_status":"open","ping_status":"closed","template":"","meta":{"neve_meta_sidebar":"","neve_meta_container":"","neve_meta_enable_content_width":"off","neve_meta_content_width":100,"neve_meta_title_alignment":"","neve_meta_author_avatar":"","neve_post_elements_order":"","neve_meta_disable_header":"","neve_meta_disable_footer":"","neve_meta_disable_title":"","_themeisle_gutenberg_block_has_review":false,"GTIN":"","GTIN, UPC, EAN oder ISBN":"","MPN":"","Material":"","material":"","Farbe":"","color":"","manufacturer":"","hersteller":"","FB_PK":"","GO_PK":"","_rank_math_title":"Drehkugelschreiber Paris Ahornholz Gold","_rank_math_description":"Drehkugelschreiber aus Ahornholz. Ahorn ist ein helles, feinporiges Holz mit ruhiger Maserung. Es wirkt modern und zur\u00fcckhaltend und eignet sich ideal f\u00fcr klare, puristische Designs. Metallkomponenten in Gold f\u00fcr eine elegante Optik. Mit Carnaubawachs-Lein\u00f6l-Finish f\u00fcr angenehme Haptik und langlebigen Schutz.","_rank_math_focus_keyword":"","_rank_math_facebook_title":"Drehkugelschreiber Paris Ahornholz Gold","_rank_math_facebook_description":"Drehkugelschreiber aus Ahornholz. Ahorn ist ein helles, feinporiges Holz mit ruhiger Maserung. Es wirkt modern und zur\u00fcckhaltend und eignet sich ideal f\u00fcr klare, puristische Designs. Metallkomponenten in Gold f\u00fcr eine elegante Optik. Mit Carnaubawachs-Lein\u00f6l-Finish f\u00fcr angenehme Haptik und langlebigen Schutz.","_rank_math_twitter_title":"Drehkugelschreiber Paris Ahornholz Gold","_rank_math_twitter_description":"Drehkugelschreiber aus Ahornholz. Ahorn ist ein helles, feinporiges Holz mit ruhiger Maserung. Es wirkt modern und zur\u00fcckhaltend und eignet sich ideal f\u00fcr klare, puristische Designs. Metallkomponenten in Gold f\u00fcr eine elegante Optik. Mit Carnaubawachs-Lein\u00f6l-Finish f\u00fcr angenehme Haptik und langlebigen Schutz.","_rank_math_canonical_url":"","bullet_point1":"Handgedrechselt aus Ahornholz.","bullet_point2":"Variante Paris \u2013 ergonomisch, ausgewogen und angenehm in der Hand.","bullet_point3":"Metallkomponenten in Gold \u2013 moderne, hochwertige Optik.","bullet_point4":"Schreibt in Schwarz \u2013 sauberes, gleichm\u00e4\u00dfiges Schriftbild.","bullet_point5":"Nat\u00fcrliches Carnaubawachs-Lein\u00f6l-Finish \u2013 angenehme Haptik und langlebiger Schutz."},"product_brand":[675],"product_cat":[43],"product_tag":[130,44,211,45,46,465,470,471,104],"class_list":{"0":"post-619","1":"product","2":"type-product","3":"status-publish","4":"has-post-thumbnail","6":"product_brand-huendt","7":"product_cat-drehkugelschreiber","8":"product_tag-paris","9":"product_tag-ahorn","10":"product_tag-schreibgeraet","11":"product_tag-drehkugelschreiber","12":"product_tag-holz","13":"product_tag-kugelschreiber","14":"product_tag-huendt","15":"product_tag-holzkugelschreiber","16":"product_tag-gold","17":"product_shipping_class-warensendung","19":"first","20":"instock","21":"sold-individually","22":"taxable","23":"shipping-taxable","24":"purchasable","25":"product-type-simple"},"_links":{"self":[{"href":"https:\/\/huendt.com\/de_de\/wp-json\/wp\/v2\/product\/619","targetHints":{"allow":["GET"]}}],"collection":[{"href":"https:\/\/huendt.com\/de_de\/wp-json\/wp\/v2\/product"}],"about":[{"href":"https:\/\/huendt.com\/de_de\/wp-json\/wp\/v2\/types\/product"}],"replies":[{"embeddable":true,"href":"https:\/\/huendt.com\/de_de\/wp-json\/wp\/v2\/comments?post=619"}],"wp:featuredmedia":[{"embeddable":true,"href":"https:\/\/huendt.com\/de_de\/wp-json\/wp\/v2\/media\/620"}],"wp:attachment":[{"href":"https:\/\/huendt.com\/de_de\/wp-json\/wp\/v2\/media?parent=619"}],"wp:term":[{"taxonomy":"product_brand","embeddable":true,"href":"https:\/\/huendt.com\/de_de\/wp-json\/wp\/v2\/product_brand?post=619"},{"taxonomy":"product_cat","embeddable":true,"href":"https:\/\/huendt.com\/de_de\/wp-json\/wp\/v2\/product_cat?post=619"},{"taxonomy":"product_tag","embeddable":true,"href":"https:\/\/huendt.com\/de_de\/wp-json\/wp\/v2\/product_tag?post=619"}],"curies":[{"name":"wp","href":"https:\/\/api.w.org\/{rel}","templated":true}]}}