{"id":634,"date":"2024-04-21T22:23:35","date_gmt":"2024-04-21T20:23:35","guid":{"rendered":"https:\/\/huendt.com\/?post_type=product&#038;p=634"},"modified":"2026-01-18T21:02:10","modified_gmt":"2026-01-18T20:02:10","slug":"schluesselanhaenger-amaranth","status":"publish","type":"product","link":"https:\/\/huendt.com\/de_de\/product\/schluesselanhaenger-amaranth\/","title":{"rendered":"Schl\u00fcsselanh\u00e4nger Pfeife aus Amaranthholz Chrom"},"content":{"rendered":"<p>Schl\u00fcsselanh\u00e4nger Pfeife aus Amaranthholz.<\/p>\n<p>Amaranth, auch Violettholz genannt, ist f\u00fcr seine intensive violette bis purpurfarbene T\u00f6nung bekannt. Es setzt starke Akzente und macht jedes St\u00fcck zu einem besonderen Hingucker.<\/p>\n<p>Die Metallkomponenten in Chrom verleihen dem schl\u00fcsselanh\u00e4nger eine elegante und hochwertige Optik.<\/p>\n<p>Die Oberfl\u00e4che ist fein geschliffen und mit einer Carnaubawachs-Lein\u00f6lmischung behandelt, was f\u00fcr eine angenehme Haptik und hohe Langlebigkeit sorgt.<\/p>\n<p>Handarbeit aus der Manufaktur.<\/p>\n<p style=\"font-size:0;height:0;overflow:hidden;margin:0\"><a href=\"\/produkt-kategorie\/schl\u00fcsselanh\u00e4nger\">Mehr Produkte<\/a><\/p>\n","protected":false},"excerpt":{"rendered":"<p>Schl\u00fcsselanh\u00e4nger Pfeife aus Amaranth. Metallkomponenten in Chrom f\u00fcr eine elegante Optik. Metallkomponenten in Chrom. Handgedrechselt und hochwertig verarbeitet.<\/p>\n","protected":false},"featured_media":637,"comment_status":"open","ping_status":"closed","template":"","meta":{"neve_meta_sidebar":"","neve_meta_container":"","neve_meta_enable_content_width":"off","neve_meta_content_width":100,"neve_meta_title_alignment":"","neve_meta_author_avatar":"","neve_post_elements_order":"","neve_meta_disable_header":"","neve_meta_disable_footer":"","neve_meta_disable_title":"","_themeisle_gutenberg_block_has_review":false,"GTIN":"","GTIN, UPC, EAN oder ISBN":"","MPN":"","Material":"","material":"","Farbe":"","color":"","manufacturer":"","hersteller":"","FB_PK":"","GO_PK":"","_rank_math_title":"Schl\u00fcsselanh\u00e4nger Pfeife Amaranthholz Chrom","_rank_math_description":"Schl\u00fcsselanh\u00e4nger aus Amaranthholz. Amaranth, auch Violettholz genannt, ist f\u00fcr seine intensive violette bis purpurfarbene T\u00f6nung bekannt. Es setzt starke Akzente und macht jedes St\u00fcck zu einem besonderen Hingucker. Metallkomponenten in Chrom f\u00fcr eine elegante Optik.","_rank_math_focus_keyword":"","_rank_math_facebook_title":"Schl\u00fcsselanh\u00e4nger Pfeife Amaranthholz Chrom","_rank_math_facebook_description":"Schl\u00fcsselanh\u00e4nger aus Amaranthholz. Amaranth, auch Violettholz genannt, ist f\u00fcr seine intensive violette bis purpurfarbene T\u00f6nung bekannt. Es setzt starke Akzente und macht jedes St\u00fcck zu einem besonderen Hingucker. Metallkomponenten in Chrom f\u00fcr eine elegante Optik.","_rank_math_twitter_title":"Schl\u00fcsselanh\u00e4nger Pfeife Amaranthholz Chrom","_rank_math_twitter_description":"Schl\u00fcsselanh\u00e4nger aus Amaranthholz. Amaranth, auch Violettholz genannt, ist f\u00fcr seine intensive violette bis purpurfarbene T\u00f6nung bekannt. Es setzt starke Akzente und macht jedes St\u00fcck zu einem besonderen Hingucker. Metallkomponenten in Chrom f\u00fcr eine elegante Optik.","_rank_math_canonical_url":"","bullet_point1":"Handgedrechselt aus Amaranthholz.","bullet_point2":"Variante Pfeife \u2013 ergonomisch, ausgewogen und angenehm in der Hand.","bullet_point3":"Metallkomponenten in Chrom \u2013 moderne, hochwertige Optik.","bullet_point4":"Handarbeit aus der Manufaktur.","bullet_point5":""},"product_brand":[675],"product_cat":[140],"product_tag":[143,144,145,46,470,106],"class_list":{"0":"post-634","1":"product","2":"type-product","3":"status-publish","4":"has-post-thumbnail","6":"product_brand-huendt","7":"product_cat-schluesselanhaenger","8":"product_tag-schluesselanhaenger","9":"product_tag-pfeife","10":"product_tag-amaranth","11":"product_tag-holz","12":"product_tag-huendt","13":"product_tag-chrom","14":"product_shipping_class-warensendung","16":"first","17":"instock","18":"sold-individually","19":"taxable","20":"shipping-taxable","21":"purchasable","22":"product-type-simple"},"_links":{"self":[{"href":"https:\/\/huendt.com\/de_de\/wp-json\/wp\/v2\/product\/634","targetHints":{"allow":["GET"]}}],"collection":[{"href":"https:\/\/huendt.com\/de_de\/wp-json\/wp\/v2\/product"}],"about":[{"href":"https:\/\/huendt.com\/de_de\/wp-json\/wp\/v2\/types\/product"}],"replies":[{"embeddable":true,"href":"https:\/\/huendt.com\/de_de\/wp-json\/wp\/v2\/comments?post=634"}],"wp:featuredmedia":[{"embeddable":true,"href":"https:\/\/huendt.com\/de_de\/wp-json\/wp\/v2\/media\/637"}],"wp:attachment":[{"href":"https:\/\/huendt.com\/de_de\/wp-json\/wp\/v2\/media?parent=634"}],"wp:term":[{"taxonomy":"product_brand","embeddable":true,"href":"https:\/\/huendt.com\/de_de\/wp-json\/wp\/v2\/product_brand?post=634"},{"taxonomy":"product_cat","embeddable":true,"href":"https:\/\/huendt.com\/de_de\/wp-json\/wp\/v2\/product_cat?post=634"},{"taxonomy":"product_tag","embeddable":true,"href":"https:\/\/huendt.com\/de_de\/wp-json\/wp\/v2\/product_tag?post=634"}],"curies":[{"name":"wp","href":"https:\/\/api.w.org\/{rel}","templated":true}]}}