{"id":698,"date":"2024-04-24T22:51:45","date_gmt":"2024-04-24T20:51:45","guid":{"rendered":"https:\/\/huendt.com\/?post_type=product&#038;p=698"},"modified":"2026-01-18T21:02:09","modified_gmt":"2026-01-18T20:02:09","slug":"schluesselanhaenger-quitte","status":"publish","type":"product","link":"https:\/\/huendt.com\/de_de\/product\/schluesselanhaenger-quitte\/","title":{"rendered":"Schl\u00fcsselanh\u00e4nger Drehkugelschreiber aus Quitteholz Gold"},"content":{"rendered":"<p>Schl\u00fcsselanh\u00e4nger Drehkugelschreiber aus Quitteholz.<\/p>\n<p>Quitte zeigt eine dichte Struktur und ein eher ruhiges, gelblich bis hellbraunes Farbspiel. Es wirkt nat\u00fcrlich und edel.<\/p>\n<p>Die Metallkomponenten in Gold verleihen dem Schreibger\u00e4t eine elegante und hochwertige Optik.<\/p>\n<p>Die Oberfl\u00e4che ist fein geschliffen und mit einer Carnaubawachs-Lein\u00f6lmischung behandelt, was f\u00fcr eine angenehme Haptik und hohe Langlebigkeit sorgt.<\/p>\n<p>Handarbeit aus der Manufaktur.<\/p>\n<p style=\"font-size:0;height:0;overflow:hidden;margin:0\"><a href=\"\/produkt-kategorie\/schl\u00fcsselanh\u00e4nger\">Mehr Produkte<\/a><\/p>\n","protected":false},"excerpt":{"rendered":"<p>Schl\u00fcsselanh\u00e4nger Drehkugelschreiber aus Quitte. Metallkomponenten in Gold f\u00fcr eine elegante Optik. Metallkomponenten in Gold. Handgedrechselt und hochwertig verarbeitet.<\/p>\n","protected":false},"featured_media":718,"comment_status":"open","ping_status":"closed","template":"","meta":{"neve_meta_sidebar":"","neve_meta_container":"","neve_meta_enable_content_width":"off","neve_meta_content_width":100,"neve_meta_title_alignment":"","neve_meta_author_avatar":"","neve_post_elements_order":"","neve_meta_disable_header":"","neve_meta_disable_footer":"","neve_meta_disable_title":"","_themeisle_gutenberg_block_has_review":false,"GTIN":"","GTIN, UPC, EAN oder ISBN":"","MPN":"","Material":"","material":"","Farbe":"","color":"","manufacturer":"","hersteller":"","FB_PK":"","GO_PK":"","_rank_math_title":"Schl\u00fcsselanh\u00e4nger Drehkugelschreiber Quitteholz Gold","_rank_math_description":"Schl\u00fcsselanh\u00e4nger aus Quitte. Quitte zeigt eine dichte Struktur und ein eher ruhiges, gelblich bis hellbraunes Farbspiel. Es wirkt nat\u00fcrlich und edel. Metallkomponenten in Gold f\u00fcr eine elegante Optik. Mit Carnaubawachs-Lein\u00f6l-Finish f\u00fcr angenehme Haptik und langlebigen Schutz.","_rank_math_focus_keyword":"","_rank_math_facebook_title":"Schl\u00fcsselanh\u00e4nger Drehkugelschreiber Quitteholz Gold","_rank_math_facebook_description":"Schl\u00fcsselanh\u00e4nger aus Quitte. Quitte zeigt eine dichte Struktur und ein eher ruhiges, gelblich bis hellbraunes Farbspiel. Es wirkt nat\u00fcrlich und edel. Metallkomponenten in Gold f\u00fcr eine elegante Optik. Mit Carnaubawachs-Lein\u00f6l-Finish f\u00fcr angenehme Haptik und langlebigen Schutz.","_rank_math_twitter_title":"Schl\u00fcsselanh\u00e4nger Drehkugelschreiber Quitteholz Gold","_rank_math_twitter_description":"Schl\u00fcsselanh\u00e4nger aus Quitte. Quitte zeigt eine dichte Struktur und ein eher ruhiges, gelblich bis hellbraunes Farbspiel. Es wirkt nat\u00fcrlich und edel. Metallkomponenten in Gold f\u00fcr eine elegante Optik. Mit Carnaubawachs-Lein\u00f6l-Finish f\u00fcr angenehme Haptik und langlebigen Schutz.","_rank_math_canonical_url":"","bullet_point1":"Handgedrechselt aus Quitteholz.","bullet_point2":"Variante Drehkugelschreiber \u2013 ergonomisch, ausgewogen und angenehm in der Hand.","bullet_point3":"Metallkomponenten in Gold \u2013 moderne, hochwertige Optik.","bullet_point4":"Nat\u00fcrliches Carnaubawachs-Lein\u00f6l-Finish \u2013 angenehme Haptik und langlebiger Schutz.","bullet_point5":"Handarbeit aus der Manufaktur."},"product_brand":[675],"product_cat":[43,140],"product_tag":[211,45,465,104,470,471,127,143],"class_list":{"0":"post-698","1":"product","2":"type-product","3":"status-publish","4":"has-post-thumbnail","6":"product_brand-huendt","7":"product_cat-drehkugelschreiber","8":"product_cat-schluesselanhaenger","9":"product_tag-schreibgeraet","10":"product_tag-drehkugelschreiber","11":"product_tag-kugelschreiber","12":"product_tag-gold","13":"product_tag-huendt","14":"product_tag-holzkugelschreiber","15":"product_tag-quitte","16":"product_tag-schluesselanhaenger","18":"first","19":"instock","20":"sold-individually","21":"taxable","22":"shipping-taxable","23":"purchasable","24":"product-type-simple"},"_links":{"self":[{"href":"https:\/\/huendt.com\/de_de\/wp-json\/wp\/v2\/product\/698","targetHints":{"allow":["GET"]}}],"collection":[{"href":"https:\/\/huendt.com\/de_de\/wp-json\/wp\/v2\/product"}],"about":[{"href":"https:\/\/huendt.com\/de_de\/wp-json\/wp\/v2\/types\/product"}],"replies":[{"embeddable":true,"href":"https:\/\/huendt.com\/de_de\/wp-json\/wp\/v2\/comments?post=698"}],"wp:featuredmedia":[{"embeddable":true,"href":"https:\/\/huendt.com\/de_de\/wp-json\/wp\/v2\/media\/718"}],"wp:attachment":[{"href":"https:\/\/huendt.com\/de_de\/wp-json\/wp\/v2\/media?parent=698"}],"wp:term":[{"taxonomy":"product_brand","embeddable":true,"href":"https:\/\/huendt.com\/de_de\/wp-json\/wp\/v2\/product_brand?post=698"},{"taxonomy":"product_cat","embeddable":true,"href":"https:\/\/huendt.com\/de_de\/wp-json\/wp\/v2\/product_cat?post=698"},{"taxonomy":"product_tag","embeddable":true,"href":"https:\/\/huendt.com\/de_de\/wp-json\/wp\/v2\/product_tag?post=698"}],"curies":[{"name":"wp","href":"https:\/\/api.w.org\/{rel}","templated":true}]}}