{"id":997,"date":"2024-05-07T22:11:57","date_gmt":"2024-05-07T20:11:57","guid":{"rendered":"https:\/\/huendt.com\/?post_type=product&#038;p=997"},"modified":"2026-01-18T21:04:39","modified_gmt":"2026-01-18T20:04:39","slug":"gewuerzmuehle-nussbaum-300mm","status":"publish","type":"product","link":"https:\/\/huendt.com\/de_de\/product\/gewuerzmuehle-nussbaum-300mm\/","title":{"rendered":"Gew\u00fcrzm\u00fchle aus dunkelem Nussbaumholz"},"content":{"rendered":"<p>Gew\u00fcrzm\u00fchle aus Nussbaum.<\/p>\n<p>In dieser dunkleren Auspr\u00e4gung wirkt das Holz besonders tief und elegant. Die kr\u00e4ftigere T\u00f6nung setzt einen bewussten Akzent und unterstreicht die Form des Schreibger\u00e4tes.<br \/>\nDas verwendete Holz hat seinen Ursprung in Nordamerika und bringt typische Farb- und Maserungsbilder dieser Region mit.<\/p>\n<p>Die Oberfl\u00e4che ist fein geschliffen und mit einer Carnaubawachs-Lein\u00f6lmischung behandelt, was f\u00fcr eine angenehme Haptik und hohe Langlebigkeit sorgt.<\/p>\n<p>Das verbaute CrushGrind\u00ae-Mahlwerk gilt als eines der besten Mahlwerke weltweit. Es ist korrosionsfrei, extrem langlebig und l\u00e4sst sich stufenlos einstellen \u2013 ideal f\u00fcr Pfeffer, Salz und Gew\u00fcrze aller Art.<\/p>\n<p>Handarbeit aus der Manufaktur.<\/p>\n<p style=\"font-size:0;height:0;overflow:hidden;margin:0\"><a href=\"\/produkt-kategorie\/gew\u00fcrzm\u00fchle\">Mehr Produkte<\/a><\/p>\n","protected":false},"excerpt":{"rendered":"<p>Gew\u00fcrzm\u00fchle aus Nussbaum. Handgedrechselt und hochwertig verarbeitet.<\/p>\n","protected":false},"featured_media":999,"comment_status":"closed","ping_status":"closed","template":"","meta":{"neve_meta_sidebar":"","neve_meta_container":"","neve_meta_enable_content_width":"off","neve_meta_content_width":100,"neve_meta_title_alignment":"","neve_meta_author_avatar":"","neve_post_elements_order":"","neve_meta_disable_header":"","neve_meta_disable_footer":"","neve_meta_disable_title":"","_themeisle_gutenberg_block_has_review":false,"GTIN":"","GTIN, UPC, EAN oder ISBN":"","MPN":"","Material":"","material":"","Farbe":"","color":"","manufacturer":"","hersteller":"","FB_PK":"","GO_PK":"","_rank_math_title":"Gew\u00fcrzm\u00fchle Nussbaumholz Dunkel CrushGrind\u00ae-Mahlwerk","_rank_math_description":"Gew\u00fcrzm\u00fchle aus Nussbaum.\n\nIn dieser dunkleren Auspr\u00e4gung wirkt das Holz besonders tief und elegant. Die kr\u00e4ftigere T\u00f6nung setzt einen bewussten Akzent und unterstreicht die Form des Schreibger\u00e4tes.\nDas verwendete Holz hat seinen Ursprung in Nordamerika und bringt typische Farb- und Maserungsbilder dieser Region mit.\n\nDie Oberfl\u00e4che ist fein geschliffen und mit einer Carnaubawachs-Lein\u00f6lmischung behandelt, was f\u00fcr eine angenehme Haptik und hohe Langlebigkeit sorgt.\n\nDas verbaute CrushGrind\u00ae-Mahlwerk gilt als eines der besten Mahlwerke weltweit. Es ist korrosionsfrei, extrem langlebig und l\u00e4sst sich stufenlos einstellen \u2013 ideal f\u00fcr Pfeffer, Salz und Gew\u00fcrze aller Art.\n\nHandarbeit aus der Manufaktur.\n\nAusgestattet mit einem hochwertigen CrushGrind\u00ae-Mahlwerk f\u00fcr maximale Langlebigkeit und stufenlose Einstellung.","_rank_math_focus_keyword":"","_rank_math_facebook_title":"Gew\u00fcrzm\u00fchle Nussbaumholz Dunkel CrushGrind\u00ae-Mahlwerk","_rank_math_facebook_description":"Gew\u00fcrzm\u00fchle aus Nussbaum.\n\nIn dieser dunkleren Auspr\u00e4gung wirkt das Holz besonders tief und elegant. Die kr\u00e4ftigere T\u00f6nung setzt einen bewussten Akzent und unterstreicht die Form des Schreibger\u00e4tes.\nDas verwendete Holz hat seinen Ursprung in Nordamerika und bringt typische Farb- und Maserungsbilder dieser Region mit.\n\nDie Oberfl\u00e4che ist fein geschliffen und mit einer Carnaubawachs-Lein\u00f6lmischung behandelt, was f\u00fcr eine angenehme Haptik und hohe Langlebigkeit sorgt.\n\nDas verbaute CrushGrind\u00ae-Mahlwerk gilt als eines der besten Mahlwerke weltweit. Es ist korrosionsfrei, extrem langlebig und l\u00e4sst sich stufenlos einstellen \u2013 ideal f\u00fcr Pfeffer, Salz und Gew\u00fcrze aller Art.\n\nHandarbeit aus der Manufaktur.\n\nAusgestattet mit einem hochwertigen CrushGrind\u00ae-Mahlwerk f\u00fcr maximale Langlebigkeit und stufenlose Einstellung.","_rank_math_twitter_title":"Gew\u00fcrzm\u00fchle Nussbaumholz Dunkel CrushGrind\u00ae-Mahlwerk","_rank_math_twitter_description":"Gew\u00fcrzm\u00fchle aus Nussbaum.\n\nIn dieser dunkleren Auspr\u00e4gung wirkt das Holz besonders tief und elegant. Die kr\u00e4ftigere T\u00f6nung setzt einen bewussten Akzent und unterstreicht die Form des Schreibger\u00e4tes.\nDas verwendete Holz hat seinen Ursprung in Nordamerika und bringt typische Farb- und Maserungsbilder dieser Region mit.\n\nDie Oberfl\u00e4che ist fein geschliffen und mit einer Carnaubawachs-Lein\u00f6lmischung behandelt, was f\u00fcr eine angenehme Haptik und hohe Langlebigkeit sorgt.\n\nDas verbaute CrushGrind\u00ae-Mahlwerk gilt als eines der besten Mahlwerke weltweit. Es ist korrosionsfrei, extrem langlebig und l\u00e4sst sich stufenlos einstellen \u2013 ideal f\u00fcr Pfeffer, Salz und Gew\u00fcrze aller Art.\n\nHandarbeit aus der Manufaktur.\n\nAusgestattet mit einem hochwertigen CrushGrind\u00ae-Mahlwerk f\u00fcr maximale Langlebigkeit und stufenlose Einstellung.","_rank_math_canonical_url":"","bullet_point1":"Handgedrechselt aus Nussbaum \u2013 Dunkel.","bullet_point2":"CrushGrind\u00ae-Mahlwerk \u2013 langlebig, korrosionsfrei und stufenlos einstellbar.","bullet_point3":"Handarbeit aus der Manufaktur.","bullet_point4":"","bullet_point5":""},"product_brand":[675],"product_cat":[67,399],"product_tag":[200,506,201,507,508,509,46,469,470,655,196,656,197,492,198,505],"class_list":{"0":"post-997","1":"product","2":"type-product","3":"status-publish","4":"has-post-thumbnail","6":"product_brand-huendt","7":"product_cat-muehlen","8":"product_cat--300mm","9":"product_tag-crushgrind","10":"product_tag-kueche","11":"product_tag-keramikmahlwerk","12":"product_tag-kuechenmuehle","13":"product_tag-muehle","14":"product_tag-tischaccessoire","15":"product_tag-holz","16":"product_tag-metall","17":"product_tag-huendt","18":"product_tag-dunkel","19":"product_tag-gewuerzmuehle","20":"product_tag-nordamerika","21":"product_tag-pfeffermuehle","22":"product_tag-nussbaum","23":"product_tag-salzmuehle","24":"product_tag-geschenk","26":"first","27":"instock","28":"sold-individually","29":"taxable","30":"shipping-taxable","31":"purchasable","32":"product-type-simple"},"_links":{"self":[{"href":"https:\/\/huendt.com\/de_de\/wp-json\/wp\/v2\/product\/997","targetHints":{"allow":["GET"]}}],"collection":[{"href":"https:\/\/huendt.com\/de_de\/wp-json\/wp\/v2\/product"}],"about":[{"href":"https:\/\/huendt.com\/de_de\/wp-json\/wp\/v2\/types\/product"}],"replies":[{"embeddable":true,"href":"https:\/\/huendt.com\/de_de\/wp-json\/wp\/v2\/comments?post=997"}],"wp:featuredmedia":[{"embeddable":true,"href":"https:\/\/huendt.com\/de_de\/wp-json\/wp\/v2\/media\/999"}],"wp:attachment":[{"href":"https:\/\/huendt.com\/de_de\/wp-json\/wp\/v2\/media?parent=997"}],"wp:term":[{"taxonomy":"product_brand","embeddable":true,"href":"https:\/\/huendt.com\/de_de\/wp-json\/wp\/v2\/product_brand?post=997"},{"taxonomy":"product_cat","embeddable":true,"href":"https:\/\/huendt.com\/de_de\/wp-json\/wp\/v2\/product_cat?post=997"},{"taxonomy":"product_tag","embeddable":true,"href":"https:\/\/huendt.com\/de_de\/wp-json\/wp\/v2\/product_tag?post=997"}],"curies":[{"name":"wp","href":"https:\/\/api.w.org\/{rel}","templated":true}]}}