{"id":326,"date":"2020-09-09T17:55:08","date_gmt":"2020-09-09T17:55:08","guid":{"rendered":"https:\/\/demosites.io\/shop-gb\/?page_id=265"},"modified":"2025-03-19T20:41:57","modified_gmt":"2025-03-19T19:41:57","slug":"52e3e-home","status":"publish","type":"page","link":"https:\/\/huendt.com\/en\/","title":{"rendered":"Home"},"content":{"rendered":"\n<div id=\"wp-block-themeisle-blocks-advanced-columns-2e16e929\" class=\"wp-block-themeisle-blocks-advanced-columns alignfull has-1-columns has-desktop-equal-layout has-mobile-equal-layout hide-in-tablet has-vertical-top\"><div class=\"wp-block-themeisle-blocks-advanced-columns-overlay\"><\/div><div class=\"innerblocks-wrap\">\n<div id=\"wp-block-themeisle-blocks-advanced-column-630e65ce\" class=\"wp-block-themeisle-blocks-advanced-column\">\n<h1 class=\"wp-block-heading has-text-align-center has-neve-text-color-color has-text-color\">EINZIGARTIGE HANDGEFERTIGTE HOLZARBEITEN<\/h1>\n\n\n\n<p class=\"has-text-align-center has-neve-text-color-color has-text-color\">Entdecken Sie Schalen, Schreibger\u00e4te, M\u00fchlen und mehr.<\/p>\n\n\n\n<div class=\"wp-block-buttons is-horizontal is-content-justification-center is-layout-flex wp-container-core-buttons-is-layout-1891d752 wp-block-buttons-is-layout-flex\">\n<div class=\"wp-block-button is-style-primary\"><a class=\"wp-block-button__link wp-element-button\" href=\"https:\/\/huendt.com\/shop\/\">Alle Produkte<\/a><\/div>\n<\/div>\n<\/div>\n<\/div><\/div>\n\n\n\n<div id=\"wp-block-themeisle-blocks-advanced-columns-57bfef66\" class=\"wp-block-themeisle-blocks-advanced-columns alignfull has-1-columns has-desktop-equal-layout has-tablet-equal-layout has-mobile-equal-layout has-vertical-unset has-light-bg\"><div class=\"wp-block-themeisle-blocks-advanced-columns-overlay\"><\/div><div class=\"innerblocks-wrap\">\n<div id=\"wp-block-themeisle-blocks-advanced-column-88849554\" class=\"wp-block-themeisle-blocks-advanced-column\">\n<h2 class=\"wp-block-heading has-text-align-center\"><br>EINZIGARTIGE UNIKATE<\/h2>\n\n\n\n<p class=\"has-text-align-center\"><\/p>\n\n\n\n<div id=\"wp-block-themeisle-blocks-advanced-columns-f4d5db45\" class=\"wp-block-themeisle-blocks-advanced-columns has-3-columns has-desktop-equal-layout has-tablet-equal-layout has-mobile-collapsedRows-layout has-vertical-unset\"><div class=\"wp-block-themeisle-blocks-advanced-columns-overlay\"><\/div><div class=\"innerblocks-wrap\">\n<div id=\"wp-block-themeisle-blocks-advanced-column-abaf1f32\" class=\"wp-block-themeisle-blocks-advanced-column\">\n<div class=\"wp-block-themeisle-blocks-service\">\n<div id=\"wp-block-themeisle-blocks-font-awesome-icons-83293f68\" class=\"wp-block-themeisle-blocks-font-awesome-icons\"><span class=\"wp-block-themeisle-blocks-font-awesome-icons-container\"><i class=\"fas fa-gift\"><\/i><\/span><\/div>\n\n\n\n<h3 class=\"wp-block-heading has-text-align-center\">Individuelles Design<\/h3>\n\n\n\n<p class=\"has-text-align-center\">So individuell wie das Holz \u2013 jedes Werke ein Unikat.<br>Die nat\u00fcrliche Sch\u00f6nheit und Maserung des Holzes macht jedes Produkt einzigartig.<\/p>\n<\/div>\n<\/div>\n\n\n\n<div id=\"wp-block-themeisle-blocks-advanced-column-2670760a\" class=\"wp-block-themeisle-blocks-advanced-column\">\n<div class=\"wp-block-themeisle-blocks-service\">\n<div id=\"wp-block-themeisle-blocks-font-awesome-icons-48f0c34c\" class=\"wp-block-themeisle-blocks-font-awesome-icons\"><span class=\"wp-block-themeisle-blocks-font-awesome-icons-container\"><i class=\"fas fa-globe\"><\/i><\/span><\/div>\n\n\n\n<h3 class=\"wp-block-heading has-text-align-center\">Handwerkliche Qualit\u00e4t<\/h3>\n\n\n\n<p class=\"has-text-align-center\">Jedes St\u00fcck wird mit gr\u00f6\u00dfter Sorgfalt und Geschick gefertigt. Ich verwende traditionelle Techniken, um dauerhafte und zeitlose Werke zu schaffen.<\/p>\n<\/div>\n<\/div>\n\n\n\n<div id=\"wp-block-themeisle-blocks-advanced-column-4f9991e5\" class=\"wp-block-themeisle-blocks-advanced-column\">\n<div class=\"wp-block-themeisle-blocks-service\">\n<div id=\"wp-block-themeisle-blocks-font-awesome-icons-8351db79\" class=\"wp-block-themeisle-blocks-font-awesome-icons\"><span class=\"wp-block-themeisle-blocks-font-awesome-icons-container\"><i class=\"fas fa-star\"><\/i><\/span><\/div>\n\n\n\n<h3 class=\"wp-block-heading has-text-align-center\">Pers\u00f6nlicher Service<\/h3>\n\n\n\n<p class=\"has-text-align-center\">Von der ersten Anfrage bis zur Lieferung des fertigen Produkts biete ich einen pers\u00f6nlichen Service. Ihre W\u00fcnsche und Vorstellungen stehen bei mir im Mittelpunkt.<\/p>\n<\/div>\n<\/div>\n<\/div><\/div>\n<\/div>\n<\/div><\/div>\n\n\n\n<div id=\"wp-block-themeisle-blocks-advanced-columns-11adf6c7\" class=\"wp-block-themeisle-blocks-advanced-columns has-1-columns has-desktop-equal-layout has-tablet-equal-layout has-mobile-equal-layout has-vertical-unset has-light-bg\"><div class=\"wp-block-themeisle-blocks-advanced-columns-overlay\"><\/div><div class=\"innerblocks-wrap\">\n<div id=\"wp-block-themeisle-blocks-advanced-column-8e84f112\" class=\"wp-block-themeisle-blocks-advanced-column\">\n<h2 class=\"wp-block-heading has-text-align-center\">Neues<\/h2>\n\n\n<div data-block-name=\"woocommerce\/product-new\" data-categories=\"[60,53,77,277,236,90,67,279,278,98,140,16,280,184,311]\" data-rows=\"1\" data-stock-status=\"[&quot;&quot;,&quot;instock&quot;]\" class=\"wc-block-grid wp-block-product-new wp-block-woocommerce-product-new wc-block-product-new has-3-columns\"><ul class=\"wc-block-grid__products\"><li class=\"wc-block-grid__product\">\n\t\t\t\t<a href=\"https:\/\/huendt.com\/en\/product\/gewuerzmuehle-zwetschge-300mm-2\/\" class=\"wc-block-grid__product-link\">\n\t\t\t\t\t\n\t\t\t\t\t<div class=\"wc-block-grid__product-image\"><img decoding=\"async\" width=\"300\" height=\"300\" src=\"https:\/\/huendt.com\/wp-content\/uploads\/2026\/02\/gewuerzmuehle-zwetschge-300mm_01-300x300.jpg\" class=\"attachment-woocommerce_thumbnail size-woocommerce_thumbnail\" alt=\"Gew&uuml;rzm&uuml;hle aus Zwetschge. Handgedrechselt und hochwertig verarbeitet.\" srcset=\"https:\/\/huendt.com\/wp-content\/uploads\/2026\/02\/gewuerzmuehle-zwetschge-300mm_01-300x300.jpg 300w, https:\/\/huendt.com\/wp-content\/uploads\/2026\/02\/gewuerzmuehle-zwetschge-300mm_01-150x150.jpg 150w, https:\/\/huendt.com\/wp-content\/uploads\/2026\/02\/gewuerzmuehle-zwetschge-300mm_01-100x100.jpg 100w, https:\/\/huendt.com\/wp-content\/uploads\/2026\/02\/gewuerzmuehle-zwetschge-300mm_01-600x600.jpg 600w, https:\/\/huendt.com\/wp-content\/uploads\/2026\/02\/gewuerzmuehle-zwetschge-300mm_01-96x96.jpg 96w\" sizes=\"(max-width: 300px) 100vw, 300px\"><\/div>\n\t\t\t\t\t<div class=\"wc-block-grid__product-title\">Gew&uuml;rzm&uuml;hle aus Zwetschgenholz<\/div>\n\t\t\t\t<\/a>\n\t\t\t\t<div class=\"wc-block-grid__product-price price\"><span class=\"woocommerce-Price-amount amount\">70,00&nbsp;<span class=\"woocommerce-Price-currencySymbol\">&euro;<\/span><\/span><\/div><p class=\"wc-gzd-additional-info wc-gzd-additional-info-loop tax-info\">incl. 0% VAT<\/p><p class=\"wc-gzd-additional-info wc-gzd-additional-info-loop shipping-costs-info\">zzgl. <a href=\"https:\/\/huendt.com\/en\/versandarten\/\" target=\"_blank\">Versandkosten<\/a><\/p>\n\t\t\t\t\n\t\t\t\t<div class=\"wp-block-button wc-block-grid__product-add-to-cart\"><a href=\"\/en\/wp-json\/wp\/v2\/pages\/326?add-to-cart=2762\" aria-label=\"Add to cart: &ldquo;Gew&uuml;rzm&uuml;hle aus Zwetschgenholz&rdquo;\" data-quantity=\"1\" data-product_id=\"2762\" data-product_sku=\"Stora:01561\" data-price=\"70\" rel=\"nofollow\" class=\"wp-block-button__link  add_to_cart_button ajax_add_to_cart\">Add to cart<\/a><\/div>\n\t\t\t<\/li>\n<li class=\"wc-block-grid__product\">\n\t\t\t\t<a href=\"https:\/\/huendt.com\/en\/product\/gewuerzmuehle-eiche-300mm-5\/\" class=\"wc-block-grid__product-link\">\n\t\t\t\t\t\n\t\t\t\t\t<div class=\"wc-block-grid__product-image\"><img decoding=\"async\" width=\"300\" height=\"300\" src=\"https:\/\/huendt.com\/wp-content\/uploads\/2026\/02\/gewuerzmuehle-eiche-300mm-7_01-300x300.jpg\" class=\"attachment-woocommerce_thumbnail size-woocommerce_thumbnail\" alt=\"Gew&uuml;rzm&uuml;hle aus Eiche. Handgedrechselt und hochwertig verarbeitet.\" srcset=\"https:\/\/huendt.com\/wp-content\/uploads\/2026\/02\/gewuerzmuehle-eiche-300mm-7_01-300x300.jpg 300w, https:\/\/huendt.com\/wp-content\/uploads\/2026\/02\/gewuerzmuehle-eiche-300mm-7_01-150x150.jpg 150w, https:\/\/huendt.com\/wp-content\/uploads\/2026\/02\/gewuerzmuehle-eiche-300mm-7_01-100x100.jpg 100w, https:\/\/huendt.com\/wp-content\/uploads\/2026\/02\/gewuerzmuehle-eiche-300mm-7_01-600x600.jpg 600w, https:\/\/huendt.com\/wp-content\/uploads\/2026\/02\/gewuerzmuehle-eiche-300mm-7_01-96x96.jpg 96w\" sizes=\"(max-width: 300px) 100vw, 300px\"><\/div>\n\t\t\t\t\t<div class=\"wc-block-grid__product-title\">Gew&uuml;rzm&uuml;hle aus Eichenholz<\/div>\n\t\t\t\t<\/a>\n\t\t\t\t<div class=\"wc-block-grid__product-price price\"><span class=\"woocommerce-Price-amount amount\">70,00&nbsp;<span class=\"woocommerce-Price-currencySymbol\">&euro;<\/span><\/span><\/div><p class=\"wc-gzd-additional-info wc-gzd-additional-info-loop tax-info\">incl. 0% VAT<\/p><p class=\"wc-gzd-additional-info wc-gzd-additional-info-loop shipping-costs-info\">zzgl. <a href=\"https:\/\/huendt.com\/en\/versandarten\/\" target=\"_blank\">Versandkosten<\/a><\/p>\n\t\t\t\t\n\t\t\t\t<div class=\"wp-block-button wc-block-grid__product-add-to-cart\"><a href=\"\/en\/wp-json\/wp\/v2\/pages\/326?add-to-cart=2758\" aria-label=\"Add to cart: &ldquo;Gew&uuml;rzm&uuml;hle aus Eichenholz&rdquo;\" data-quantity=\"1\" data-product_id=\"2758\" data-product_sku=\"Stora:01569\" data-price=\"70\" rel=\"nofollow\" class=\"wp-block-button__link  add_to_cart_button ajax_add_to_cart\">Add to cart<\/a><\/div>\n\t\t\t<\/li>\n<li class=\"wc-block-grid__product\">\n\t\t\t\t<a href=\"https:\/\/huendt.com\/en\/product\/gewuerzmuehle-eiche-300mm-7\/\" class=\"wc-block-grid__product-link\">\n\t\t\t\t\t\n\t\t\t\t\t<div class=\"wc-block-grid__product-image\"><img decoding=\"async\" width=\"300\" height=\"300\" src=\"https:\/\/huendt.com\/wp-content\/uploads\/2026\/02\/gewuerzmuehle-eiche-300mm-6_01-300x300.jpg\" class=\"attachment-woocommerce_thumbnail size-woocommerce_thumbnail\" alt=\"Gew&uuml;rzm&uuml;hle aus Eiche. Handgedrechselt und hochwertig verarbeitet.\" srcset=\"https:\/\/huendt.com\/wp-content\/uploads\/2026\/02\/gewuerzmuehle-eiche-300mm-6_01-300x300.jpg 300w, https:\/\/huendt.com\/wp-content\/uploads\/2026\/02\/gewuerzmuehle-eiche-300mm-6_01-150x150.jpg 150w, https:\/\/huendt.com\/wp-content\/uploads\/2026\/02\/gewuerzmuehle-eiche-300mm-6_01-100x100.jpg 100w, https:\/\/huendt.com\/wp-content\/uploads\/2026\/02\/gewuerzmuehle-eiche-300mm-6_01-600x600.jpg 600w, https:\/\/huendt.com\/wp-content\/uploads\/2026\/02\/gewuerzmuehle-eiche-300mm-6_01-96x96.jpg 96w\" sizes=\"(max-width: 300px) 100vw, 300px\"><\/div>\n\t\t\t\t\t<div class=\"wc-block-grid__product-title\">Gew&uuml;rzm&uuml;hle aus Eichenholz<\/div>\n\t\t\t\t<\/a>\n\t\t\t\t<div class=\"wc-block-grid__product-price price\"><span class=\"woocommerce-Price-amount amount\">70,00&nbsp;<span class=\"woocommerce-Price-currencySymbol\">&euro;<\/span><\/span><\/div><p class=\"wc-gzd-additional-info wc-gzd-additional-info-loop tax-info\">incl. 0% VAT<\/p><p class=\"wc-gzd-additional-info wc-gzd-additional-info-loop shipping-costs-info\">zzgl. <a href=\"https:\/\/huendt.com\/en\/versandarten\/\" target=\"_blank\">Versandkosten<\/a><\/p>\n\t\t\t\t\n\t\t\t\t<div class=\"wp-block-button wc-block-grid__product-add-to-cart\"><a href=\"\/en\/wp-json\/wp\/v2\/pages\/326?add-to-cart=2756\" aria-label=\"Add to cart: &ldquo;Gew&uuml;rzm&uuml;hle aus Eichenholz&rdquo;\" data-quantity=\"1\" data-product_id=\"2756\" data-product_sku=\"Stora:01568\" data-price=\"70\" rel=\"nofollow\" class=\"wp-block-button__link  add_to_cart_button ajax_add_to_cart\">Add to cart<\/a><\/div>\n\t\t\t<\/li>\n<\/ul><\/div>\n\n\n<div class=\"wp-block-buttons is-horizontal is-content-justification-center is-layout-flex wp-container-core-buttons-is-layout-499968f5 wp-block-buttons-is-layout-flex\">\n<div class=\"wp-block-button is-style-primary\"><a class=\"wp-block-button__link wp-element-button\" href=\"https:\/\/huendt.com\/shop\/\">Alle Produkte<\/a><\/div>\n<\/div>\n<\/div>\n<\/div><\/div>\n\n\n\n<div id=\"wp-block-themeisle-blocks-advanced-columns-ebdfb20d\" class=\"wp-block-themeisle-blocks-advanced-columns alignfull has-1-columns has-desktop-equal-layout has-tablet-equal-layout has-mobile-equal-layout has-vertical-unset\"><div class=\"wp-block-themeisle-blocks-advanced-columns-overlay\"><\/div><div class=\"innerblocks-wrap\">\n<div id=\"wp-block-themeisle-blocks-advanced-column-1533a724\" class=\"wp-block-themeisle-blocks-advanced-column\"><\/div>\n<\/div><\/div>\n\n\n\n<p><\/p>\n","protected":false},"excerpt":{"rendered":"","protected":false},"author":1,"featured_media":0,"parent":0,"menu_order":0,"comment_status":"closed","ping_status":"closed","template":"","meta":{"neve_meta_sidebar":"full-width","neve_meta_container":"default","neve_meta_enable_content_width":"on","neve_meta_content_width":100,"neve_meta_title_alignment":"","neve_meta_author_avatar":"","neve_post_elements_order":"","neve_meta_disable_header":"","neve_meta_disable_footer":"","neve_meta_disable_title":"on","_themeisle_gutenberg_block_has_review":false,"footnotes":""},"class_list":["post-326","page","type-page","status-publish","hentry"],"_links":{"self":[{"href":"https:\/\/huendt.com\/en\/wp-json\/wp\/v2\/pages\/326","targetHints":{"allow":["GET"]}}],"collection":[{"href":"https:\/\/huendt.com\/en\/wp-json\/wp\/v2\/pages"}],"about":[{"href":"https:\/\/huendt.com\/en\/wp-json\/wp\/v2\/types\/page"}],"author":[{"embeddable":true,"href":"https:\/\/huendt.com\/en\/wp-json\/wp\/v2\/users\/1"}],"replies":[{"embeddable":true,"href":"https:\/\/huendt.com\/en\/wp-json\/wp\/v2\/comments?post=326"}],"version-history":[{"count":23,"href":"https:\/\/huendt.com\/en\/wp-json\/wp\/v2\/pages\/326\/revisions"}],"predecessor-version":[{"id":2039,"href":"https:\/\/huendt.com\/en\/wp-json\/wp\/v2\/pages\/326\/revisions\/2039"}],"wp:attachment":[{"href":"https:\/\/huendt.com\/en\/wp-json\/wp\/v2\/media?parent=326"}],"curies":[{"name":"wp","href":"https:\/\/api.w.org\/{rel}","templated":true}]}}