{"id":1132,"date":"2024-05-14T22:41:02","date_gmt":"2024-05-14T20:41:02","guid":{"rendered":"https:\/\/huendt.com\/?post_type=product&#038;p=1132"},"modified":"2026-02-15T16:15:41","modified_gmt":"2026-02-15T15:15:41","slug":"fallmine-farbmine-56mm","status":"publish","type":"product","link":"https:\/\/huendt.com\/en\/product\/fallmine-farbmine-56mm\/","title":{"rendered":"Lead mine color 5.6mm"},"content":{"rendered":"<p>replacement leads - colored leads in a pack of 6<\/p>\n<ul>\n<li>colored leads<\/li>\n<li>D = 5.6 mm<\/li>\n<li>L = 120 mm<\/li>\n<li>Metallic Mix 120mm:\n<ul>\n<li>Green, blue, pink, gold, silver and copper<\/li>\n<\/ul>\n<\/li>\n<li>Metallic Mix 80mm:\n<ul>\n<li>Green, blue, silver, gold, red, bronze<\/li>\n<\/ul>\n<\/li>\n<li>Metallic:\n<ul>\n<li>Green, blue, pink, gold, silver or copper<\/li>\n<\/ul>\n<\/li>\n<li>Magic:\n<ul>\n<li>mehrfarbige k\u00fcnstlerische Pastellfarben, f\u00fcr eine spezielle Zeichnungstechnikdurch das F\u00fchren und Drehen des Stiftes,ver\u00e4ndert sich die Strichfarbe<\/li>\n<\/ul>\n<\/li>\n<li>suitable for pressure, clutch pencils<\/li>\n<\/ul>\n<p>&nbsp;<\/p>","protected":false},"excerpt":{"rendered":"<p>Ersatzminen- Farbminen im 6er Pack Farbminen D = 5,6 mm L = 120 mm Metallic Mix 120mm: Gr\u00fcn, Blau, Pink, Gold, Silber und Kupfer Metallic Mix 80mm: Gr\u00fcn, Blau, Silber, Gold, Rot, Bronze Metallic: Gr\u00fcn, Blau, Pink, Gold, Silber oder Kupfer Magic: mehrfarbige k\u00fcnstlerische Pastellfarben, f\u00fcr eine spezielle Zeichnungstechnikdurch das F\u00fchren und Drehen des Stiftes,ver\u00e4ndert&hellip;&nbsp;<a href=\"https:\/\/huendt.com\/en\/product\/fallmine-farbmine-56mm\/\" rel=\"bookmark\">Read More &raquo;<span class=\"screen-reader-text\">Lead mine color 5.6mm<\/span><\/a><\/p>","protected":false},"featured_media":1452,"comment_status":"open","ping_status":"closed","template":"","meta":{"neve_meta_sidebar":"","neve_meta_container":"","neve_meta_enable_content_width":"off","neve_meta_content_width":100,"neve_meta_title_alignment":"","neve_meta_author_avatar":"","neve_post_elements_order":"","neve_meta_disable_header":"","neve_meta_disable_footer":"","neve_meta_disable_title":"","_themeisle_gutenberg_block_has_review":false,"GTIN":"","GTIN, UPC, EAN oder ISBN":"","MPN":"","Material":"","material":"","Farbe":"","color":"","manufacturer":"","hersteller":"","FB_PK":"","GO_PK":"","_rank_math_title":"","_rank_math_description":"","_rank_math_focus_keyword":"","_rank_math_facebook_title":"","_rank_math_facebook_description":"","_rank_math_twitter_title":"","_rank_math_twitter_description":"","_rank_math_canonical_url":"","bullet_point1":"","bullet_point2":"","bullet_point3":"","bullet_point4":"","bullet_point5":""},"product_brand":[456],"product_cat":[226,227],"product_tag":[235,104,238,239,191,240,192,245,251,314,315,316,80],"class_list":{"0":"post-1132","1":"product","2":"type-product","3":"status-publish","4":"has-post-thumbnail","6":"product_brand-koh-i-noor","7":"product_cat-fallmine","8":"product_cat-zubehoer-fallminenbleistift","9":"product_tag-fallmine","10":"product_tag-gold","11":"product_tag-magic-colour","12":"product_tag-textmarker","13":"product_tag-blau","14":"product_tag-metallic","15":"product_tag-rot","16":"product_tag-koh-i-noor","17":"product_tag-gruen","18":"product_tag-silber","19":"product_tag-bronze","20":"product_tag-pink","21":"product_tag-5-6mm","23":"first","24":"onbackorder","25":"taxable","26":"shipping-taxable","27":"purchasable","28":"product-type-variable"},"_links":{"self":[{"href":"https:\/\/huendt.com\/en\/wp-json\/wp\/v2\/product\/1132","targetHints":{"allow":["GET"]}}],"collection":[{"href":"https:\/\/huendt.com\/en\/wp-json\/wp\/v2\/product"}],"about":[{"href":"https:\/\/huendt.com\/en\/wp-json\/wp\/v2\/types\/product"}],"replies":[{"embeddable":true,"href":"https:\/\/huendt.com\/en\/wp-json\/wp\/v2\/comments?post=1132"}],"wp:featuredmedia":[{"embeddable":true,"href":"https:\/\/huendt.com\/en\/wp-json\/wp\/v2\/media\/1452"}],"wp:attachment":[{"href":"https:\/\/huendt.com\/en\/wp-json\/wp\/v2\/media?parent=1132"}],"wp:term":[{"taxonomy":"product_brand","embeddable":true,"href":"https:\/\/huendt.com\/en\/wp-json\/wp\/v2\/product_brand?post=1132"},{"taxonomy":"product_cat","embeddable":true,"href":"https:\/\/huendt.com\/en\/wp-json\/wp\/v2\/product_cat?post=1132"},{"taxonomy":"product_tag","embeddable":true,"href":"https:\/\/huendt.com\/en\/wp-json\/wp\/v2\/product_tag?post=1132"}],"curies":[{"name":"wp","href":"https:\/\/api.w.org\/{rel}","templated":true}]}}