{"id":1577,"date":"2024-10-16T23:27:00","date_gmt":"2024-10-16T21:27:00","guid":{"rendered":"https:\/\/huendt.com\/?post_type=product&#038;p=1577"},"modified":"2026-02-15T17:19:53","modified_gmt":"2026-02-15T16:19:53","slug":"fuellfederhalter-manager-wacholder-chrom","status":"publish","type":"product","link":"https:\/\/huendt.com\/en\/product\/fuellfederhalter-manager-wacholder-chrom\/","title":{"rendered":"F\u00fcllfederhalter Manager aus Wacholderholz Chrom"},"content":{"rendered":"<p>F\u00fcllfederhalter Manager aus Wacholderholz.<\/p>\n<p>Wacholder zeigt einen hellen Splint und einen deutlich dunkleren Kern. Das ergibt eine sehr charakteristische, dekorative Optik.<\/p>\n<p>Die Metallkomponenten in Chrom verleihen dem F\u00fcllfederhalter eine elegante und hochwertige Optik.<\/p>\n<p>Die Oberfl\u00e4che ist fein geschliffen und mit einer Carnaubawachs-Lein\u00f6lmischung behandelt, was f\u00fcr eine angenehme Haptik und hohe Langlebigkeit sorgt.<\/p>\n<p>Handarbeit aus der Manufaktur.<\/p>\n<p style=\"font-size:0;height:0;overflow:hidden;margin:0\"><a href=\"\/en\/produkt-kategorie\/f\u00fcllfederhalter\/\">Mehr Produkte<\/a><\/p>","protected":false},"excerpt":{"rendered":"<p>F\u00fcllfederhalter Manager aus Wacholder. Metallkomponenten in Chrom f\u00fcr eine elegante Optik. Handgedrechselt und hochwertig verarbeitet.<\/p>","protected":false},"featured_media":1580,"comment_status":"open","ping_status":"closed","template":"","meta":{"neve_meta_sidebar":"","neve_meta_container":"","neve_meta_enable_content_width":"off","neve_meta_content_width":100,"neve_meta_title_alignment":"","neve_meta_author_avatar":"","neve_post_elements_order":"","neve_meta_disable_header":"","neve_meta_disable_footer":"","neve_meta_disable_title":"","_themeisle_gutenberg_block_has_review":false,"GTIN":"","GTIN, UPC, EAN oder ISBN":"","MPN":"","Material":"","material":"","Farbe":"","color":"","manufacturer":"","hersteller":"","FB_PK":"","GO_PK":"","_rank_math_title":"F\u00fcllfederhalter Manager Wacholderholz Chrom","_rank_math_description":"F\u00fcllfederhalter aus Wacholderholz. Wacholder zeigt einen hellen Splint und einen deutlich dunkleren Kern. Das ergibt eine sehr charakteristische, dekorative Optik. Metallkomponenten in Chrom f\u00fcr eine elegante Optik. Mit Carnaubawachs-Lein\u00f6l-Finish f\u00fcr angenehme Haptik und langlebigen Schutz.","_rank_math_focus_keyword":"","_rank_math_facebook_title":"F\u00fcllfederhalter Manager Wacholderholz Chrom","_rank_math_facebook_description":"F\u00fcllfederhalter aus Wacholderholz. Wacholder zeigt einen hellen Splint und einen deutlich dunkleren Kern. Das ergibt eine sehr charakteristische, dekorative Optik. Metallkomponenten in Chrom f\u00fcr eine elegante Optik. Mit Carnaubawachs-Lein\u00f6l-Finish f\u00fcr angenehme Haptik und langlebigen Schutz.","_rank_math_twitter_title":"F\u00fcllfederhalter Manager Wacholderholz Chrom","_rank_math_twitter_description":"F\u00fcllfederhalter aus Wacholderholz. Wacholder zeigt einen hellen Splint und einen deutlich dunkleren Kern. Das ergibt eine sehr charakteristische, dekorative Optik. Metallkomponenten in Chrom f\u00fcr eine elegante Optik. Mit Carnaubawachs-Lein\u00f6l-Finish f\u00fcr angenehme Haptik und langlebigen Schutz.","_rank_math_canonical_url":"","bullet_point1":"Handgedrechselt aus Wacholderholz.","bullet_point2":"Variante Manager \u2013 ergonomisch, ausgewogen und angenehm in der Hand.","bullet_point3":"Metallkomponenten in Chrom \u2013 moderne, hochwertige Optik.","bullet_point4":"Nat\u00fcrliches Carnaubawachs-Lein\u00f6l-Finish \u2013 angenehme Haptik und langlebiger Schutz.","bullet_point5":"Handarbeit aus der Manufaktur."},"product_brand":[675],"product_cat":[90],"product_tag":[368,470,479,94,106],"class_list":{"0":"post-1577","1":"product","2":"type-product","3":"status-publish","4":"has-post-thumbnail","6":"product_brand-huendt","7":"product_cat-fuellfederhalter","8":"product_tag-wacholder","9":"product_tag-huendt","10":"product_tag-manager","11":"product_tag-fuellfederhalter","12":"product_tag-chrom","13":"product_shipping_class-warensendung","15":"first","16":"instock","17":"sale","18":"sold-individually","19":"taxable","20":"shipping-taxable","21":"purchasable","22":"product-type-simple"},"_links":{"self":[{"href":"https:\/\/huendt.com\/en\/wp-json\/wp\/v2\/product\/1577","targetHints":{"allow":["GET"]}}],"collection":[{"href":"https:\/\/huendt.com\/en\/wp-json\/wp\/v2\/product"}],"about":[{"href":"https:\/\/huendt.com\/en\/wp-json\/wp\/v2\/types\/product"}],"replies":[{"embeddable":true,"href":"https:\/\/huendt.com\/en\/wp-json\/wp\/v2\/comments?post=1577"}],"wp:featuredmedia":[{"embeddable":true,"href":"https:\/\/huendt.com\/en\/wp-json\/wp\/v2\/media\/1580"}],"wp:attachment":[{"href":"https:\/\/huendt.com\/en\/wp-json\/wp\/v2\/media?parent=1577"}],"wp:term":[{"taxonomy":"product_brand","embeddable":true,"href":"https:\/\/huendt.com\/en\/wp-json\/wp\/v2\/product_brand?post=1577"},{"taxonomy":"product_cat","embeddable":true,"href":"https:\/\/huendt.com\/en\/wp-json\/wp\/v2\/product_cat?post=1577"},{"taxonomy":"product_tag","embeddable":true,"href":"https:\/\/huendt.com\/en\/wp-json\/wp\/v2\/product_tag?post=1577"}],"curies":[{"name":"wp","href":"https:\/\/api.w.org\/{rel}","templated":true}]}}