{"id":1646,"date":"2024-10-16T23:27:06","date_gmt":"2024-10-16T21:27:06","guid":{"rendered":"https:\/\/huendt.com\/?post_type=product&#038;p=1646"},"modified":"2026-02-15T19:19:16","modified_gmt":"2026-02-15T18:19:16","slug":"rollerball-manager-wacholder-chrom-2","status":"publish","type":"product","link":"https:\/\/huendt.com\/en\/product\/rollerball-manager-wacholder-chrom-2\/","title":{"rendered":"Rollerball Manager aus Wacholderholz Chrom"},"content":{"rendered":"<p>Rollerball Manager aus Wacholderholz.<\/p>\n<p>Wacholder zeigt einen hellen Splint und einen deutlich dunkleren Kern. Das ergibt eine sehr charakteristische, dekorative Optik.<\/p>\n<p>Die Metallkomponenten in Chrom verleihen dem Rollerball eine elegante und hochwertige Optik. Der Rollerball schreibt in Schwarz und sorgt f\u00fcr ein sauberes, gleichm\u00e4\u00dfiges Schriftbild.<\/p>\n<p>Die Oberfl\u00e4che ist fein geschliffen und mit einer Carnaubawachs-Lein\u00f6lmischung behandelt, was f\u00fcr eine angenehme Haptik und hohe Langlebigkeit sorgt.<\/p>\n<p>Handarbeit aus der Manufaktur.<\/p>\n<p style=\"font-size:0;height:0;overflow:hidden;margin:0\"><a href=\"\/en\/produkt-kategorie\/rollerball\/\">Mehr Produkte<\/a><\/p>","protected":false},"excerpt":{"rendered":"<p>Rollerball Manager aus Wacholder. Metallkomponenten in Chrom f\u00fcr eine elegante Optik. Schreibt in Schwarz. Handgedrechselt und hochwertig verarbeitet.<\/p>","protected":false},"featured_media":1647,"comment_status":"open","ping_status":"closed","template":"","meta":{"neve_meta_sidebar":"","neve_meta_container":"","neve_meta_enable_content_width":"off","neve_meta_content_width":100,"neve_meta_title_alignment":"","neve_meta_author_avatar":"","neve_post_elements_order":"","neve_meta_disable_header":"","neve_meta_disable_footer":"","neve_meta_disable_title":"","_themeisle_gutenberg_block_has_review":false,"GTIN":"","GTIN, UPC, EAN oder ISBN":"","MPN":"","Material":"","material":"","Farbe":"","color":"","manufacturer":"","hersteller":"","FB_PK":"","GO_PK":"","_rank_math_title":"Rollerball Manager Wacholderholz Chrom","_rank_math_description":"Rollerball aus Wacholderholz. Wacholder zeigt einen hellen Splint und einen deutlich dunkleren Kern. Das ergibt eine sehr charakteristische, dekorative Optik. Metallkomponenten in Chrom f\u00fcr eine elegante Optik. Mit Carnaubawachs-Lein\u00f6l-Finish f\u00fcr angenehme Haptik und langlebigen Schutz.","_rank_math_focus_keyword":"","_rank_math_facebook_title":"Rollerball Manager Wacholderholz Chrom","_rank_math_facebook_description":"Rollerball aus Wacholderholz. Wacholder zeigt einen hellen Splint und einen deutlich dunkleren Kern. Das ergibt eine sehr charakteristische, dekorative Optik. Metallkomponenten in Chrom f\u00fcr eine elegante Optik. Mit Carnaubawachs-Lein\u00f6l-Finish f\u00fcr angenehme Haptik und langlebigen Schutz.","_rank_math_twitter_title":"Rollerball Manager Wacholderholz Chrom","_rank_math_twitter_description":"Rollerball aus Wacholderholz. Wacholder zeigt einen hellen Splint und einen deutlich dunkleren Kern. Das ergibt eine sehr charakteristische, dekorative Optik. Metallkomponenten in Chrom f\u00fcr eine elegante Optik. Mit Carnaubawachs-Lein\u00f6l-Finish f\u00fcr angenehme Haptik und langlebigen Schutz.","_rank_math_canonical_url":"","bullet_point1":"Handgedrechselt aus Wacholderholz.","bullet_point2":"Variante Manager \u2013 ergonomisch, ausgewogen und angenehm in der Hand.","bullet_point3":"Metallkomponenten in Chrom \u2013 moderne, hochwertige Optik.","bullet_point4":"Schreibt in Schwarz \u2013 sauberes, gleichm\u00e4\u00dfiges Schriftbild.","bullet_point5":"Nat\u00fcrliches Carnaubawachs-Lein\u00f6l-Finish \u2013 angenehme Haptik und langlebiger Schutz."},"product_brand":[675],"product_cat":[98],"product_tag":[99,106,733,734,368,470,479],"class_list":{"0":"post-1646","1":"product","2":"type-product","3":"status-publish","4":"has-post-thumbnail","6":"product_brand-huendt","7":"product_cat-rollerball","8":"product_tag-rollerball","9":"product_tag-chrom","10":"product_tag-tintenroller","11":"product_tag-rollerpen","12":"product_tag-wacholder","13":"product_tag-huendt","14":"product_tag-manager","15":"product_shipping_class-warensendung","17":"first","18":"instock","19":"sold-individually","20":"taxable","21":"shipping-taxable","22":"purchasable","23":"product-type-simple"},"_links":{"self":[{"href":"https:\/\/huendt.com\/en\/wp-json\/wp\/v2\/product\/1646","targetHints":{"allow":["GET"]}}],"collection":[{"href":"https:\/\/huendt.com\/en\/wp-json\/wp\/v2\/product"}],"about":[{"href":"https:\/\/huendt.com\/en\/wp-json\/wp\/v2\/types\/product"}],"replies":[{"embeddable":true,"href":"https:\/\/huendt.com\/en\/wp-json\/wp\/v2\/comments?post=1646"}],"wp:featuredmedia":[{"embeddable":true,"href":"https:\/\/huendt.com\/en\/wp-json\/wp\/v2\/media\/1647"}],"wp:attachment":[{"href":"https:\/\/huendt.com\/en\/wp-json\/wp\/v2\/media?parent=1646"}],"wp:term":[{"taxonomy":"product_brand","embeddable":true,"href":"https:\/\/huendt.com\/en\/wp-json\/wp\/v2\/product_brand?post=1646"},{"taxonomy":"product_cat","embeddable":true,"href":"https:\/\/huendt.com\/en\/wp-json\/wp\/v2\/product_cat?post=1646"},{"taxonomy":"product_tag","embeddable":true,"href":"https:\/\/huendt.com\/en\/wp-json\/wp\/v2\/product_tag?post=1646"}],"curies":[{"name":"wp","href":"https:\/\/api.w.org\/{rel}","templated":true}]}}