{"id":1743,"date":"2024-12-08T11:00:26","date_gmt":"2024-12-08T10:00:26","guid":{"rendered":"https:\/\/huendt.com\/?post_type=product&#038;p=1743"},"modified":"2026-01-18T20:44:32","modified_gmt":"2026-01-18T19:44:32","slug":"kapselheber-kapselheber-rund-buche","status":"publish","type":"product","link":"https:\/\/huendt.com\/en\/product\/kapselheber-kapselheber-rund-buche\/","title":{"rendered":"Kapselheber Kapselheber, rund aus gestocktem Buchenholz"},"content":{"rendered":"<p>Kapselheber aus Buche.<\/p>\n<p>Buchenholz ist hell, gleichm\u00e4\u00dfig und wirkt sehr sachlich. Es ist robust und weit verbreitet und bietet eine unaufdringliche, neutrale Optik.<br \/>\nBei gestocktem Holz sorgen nat\u00fcrliche Verf\u00e4rbungen f\u00fcr sehr individuelle, oft dramatische Maserbilder mit starken Kontrasten.<\/p>\n<p>Die Oberfl\u00e4che ist fein geschliffen und mit einer Carnaubawachs-Lein\u00f6lmischung behandelt, was f\u00fcr eine angenehme Haptik und hohe Langlebigkeit sorgt.<\/p>\n<p>Handarbeit aus der Manufaktur.<\/p>\n<p style=\"font-size:0;height:0;overflow:hidden;margin:0\"><a href=\"\/en\/produkt-kategorie\/kapselheber\/\">Mehr Produkte<\/a><\/p>","protected":false},"excerpt":{"rendered":"<p>Kapselheber Kapselheber, rund aus Buche. Handgedrechselt und hochwertig verarbeitet.<\/p>","protected":false},"featured_media":1744,"comment_status":"closed","ping_status":"closed","template":"","meta":{"neve_meta_sidebar":"","neve_meta_container":"","neve_meta_enable_content_width":"off","neve_meta_content_width":100,"neve_meta_title_alignment":"","neve_meta_author_avatar":"","neve_post_elements_order":"","neve_meta_disable_header":"","neve_meta_disable_footer":"","neve_meta_disable_title":"","_themeisle_gutenberg_block_has_review":false,"GTIN":"","GTIN, UPC, EAN oder ISBN":"","MPN":"","Material":"","material":"","Farbe":"","color":"","manufacturer":"","hersteller":"","FB_PK":"","GO_PK":"","_rank_math_title":"Kapselheber Kapselheber, rund Buchenholz Gestockt","_rank_math_description":"Kapselheber aus Buche.\n\nBuchenholz ist hell, gleichm\u00e4\u00dfig und wirkt sehr sachlich. Es ist robust und weit verbreitet und bietet eine unaufdringliche, neutrale Optik.\nBei gestocktem Holz sorgen nat\u00fcrliche Verf\u00e4rbungen f\u00fcr sehr individuelle, oft dramatische Maserbilder mit starken Kontrasten.\n\nDie Oberfl\u00e4che ist fein geschliffen und mit einer Carnaubawachs-Lein\u00f6lmischung behandelt, was f\u00fcr eine angenehme Haptik und hohe Langlebigkeit sorgt.\n\nHandarbeit aus der Manufaktur.","_rank_math_focus_keyword":"","_rank_math_facebook_title":"Kapselheber Kapselheber, rund Buchenholz Gestockt","_rank_math_facebook_description":"Kapselheber aus Buche.\n\nBuchenholz ist hell, gleichm\u00e4\u00dfig und wirkt sehr sachlich. Es ist robust und weit verbreitet und bietet eine unaufdringliche, neutrale Optik.\nBei gestocktem Holz sorgen nat\u00fcrliche Verf\u00e4rbungen f\u00fcr sehr individuelle, oft dramatische Maserbilder mit starken Kontrasten.\n\nDie Oberfl\u00e4che ist fein geschliffen und mit einer Carnaubawachs-Lein\u00f6lmischung behandelt, was f\u00fcr eine angenehme Haptik und hohe Langlebigkeit sorgt.\n\nHandarbeit aus der Manufaktur.","_rank_math_twitter_title":"Kapselheber Kapselheber, rund Buchenholz Gestockt","_rank_math_twitter_description":"Kapselheber aus Buche.\n\nBuchenholz ist hell, gleichm\u00e4\u00dfig und wirkt sehr sachlich. Es ist robust und weit verbreitet und bietet eine unaufdringliche, neutrale Optik.\nBei gestocktem Holz sorgen nat\u00fcrliche Verf\u00e4rbungen f\u00fcr sehr individuelle, oft dramatische Maserbilder mit starken Kontrasten.\n\nDie Oberfl\u00e4che ist fein geschliffen und mit einer Carnaubawachs-Lein\u00f6lmischung behandelt, was f\u00fcr eine angenehme Haptik und hohe Langlebigkeit sorgt.\n\nHandarbeit aus der Manufaktur.","_rank_math_canonical_url":"","bullet_point1":"Handgedrechselt aus Buche \u2013 Gestockt.","bullet_point2":"Variante Kapselheber, rund \u2013 ergonomisch und ausgewogen.","bullet_point3":"Nat\u00fcrliches Carnaubawachs-Lein\u00f6l-Finish \u2013 angenehme Haptik und Schutz.","bullet_point4":"Handarbeit aus der Manufaktur.","bullet_point5":""},"product_brand":[675],"product_cat":[385],"product_tag":[390,391,470,205,541],"class_list":{"0":"post-1743","1":"product","2":"type-product","3":"status-publish","4":"has-post-thumbnail","6":"product_brand-huendt","7":"product_cat-kapselheber","8":"product_tag-kapselheber","9":"product_tag-gestockt","10":"product_tag-huendt","11":"product_tag-buche","12":"product_tag-kapselheber-rund","14":"first","15":"instock","16":"sold-individually","17":"taxable","18":"shipping-taxable","19":"purchasable","20":"product-type-simple"},"_links":{"self":[{"href":"https:\/\/huendt.com\/en\/wp-json\/wp\/v2\/product\/1743","targetHints":{"allow":["GET"]}}],"collection":[{"href":"https:\/\/huendt.com\/en\/wp-json\/wp\/v2\/product"}],"about":[{"href":"https:\/\/huendt.com\/en\/wp-json\/wp\/v2\/types\/product"}],"replies":[{"embeddable":true,"href":"https:\/\/huendt.com\/en\/wp-json\/wp\/v2\/comments?post=1743"}],"wp:featuredmedia":[{"embeddable":true,"href":"https:\/\/huendt.com\/en\/wp-json\/wp\/v2\/media\/1744"}],"wp:attachment":[{"href":"https:\/\/huendt.com\/en\/wp-json\/wp\/v2\/media?parent=1743"}],"wp:term":[{"taxonomy":"product_brand","embeddable":true,"href":"https:\/\/huendt.com\/en\/wp-json\/wp\/v2\/product_brand?post=1743"},{"taxonomy":"product_cat","embeddable":true,"href":"https:\/\/huendt.com\/en\/wp-json\/wp\/v2\/product_cat?post=1743"},{"taxonomy":"product_tag","embeddable":true,"href":"https:\/\/huendt.com\/en\/wp-json\/wp\/v2\/product_tag?post=1743"}],"curies":[{"name":"wp","href":"https:\/\/api.w.org\/{rel}","templated":true}]}}