{"id":2261,"date":"2025-11-04T21:54:44","date_gmt":"2025-11-04T20:54:44","guid":{"rendered":"https:\/\/huendt.com\/de_de\/?post_type=product&#038;p=2261"},"modified":"2026-02-15T18:20:06","modified_gmt":"2026-02-15T17:20:06","slug":"druckbleistift-streamline-birke-2","status":"publish","type":"product","link":"https:\/\/huendt.com\/en\/product\/druckbleistift-streamline-birke-2\/","title":{"rendered":"Druckbleistift Streamline aus gemasertem Birkenholz Gunmetal 0.7 mm"},"content":{"rendered":"<p>Druckbleistift Streamline aus Birkenholz.<\/p>\n<p>Birkenholz ist hell und fein strukturiert. Es wirkt freundlich und leicht und bietet eine ruhige Basis, die gut mit Metallakzenten harmoniert.<br \/>\nDas verwendete Holz stammt aus europ\u00e4ischen Best\u00e4nden und \u00fcberzeugt durch kurze Transportwege und bew\u00e4hrte Qualit\u00e4t.<\/p>\n<p>Geeignet f\u00fcr Minen mit einem Durchmesser von 0.7 mm.<\/p>\n<p>Die Metallkomponenten in Gunmetal verleihen dem Druckbleistift eine elegante und hochwertige Optik.<\/p>\n<p>Die Oberfl\u00e4che ist fein geschliffen und mit einer Carnaubawachs-Lein\u00f6lmischung behandelt, was f\u00fcr eine angenehme Haptik und hohe Langlebigkeit sorgt.<\/p>\n<p>Handarbeit aus der Manufaktur.<\/p>\n<p style=\"font-size:0;height:0;overflow:hidden;margin:0\"><a href=\"\/en\/produkt-kategorie\/druckbleistift\/\">Mehr Produkte<\/a><\/p>","protected":false},"excerpt":{"rendered":"<p>Druckbleistift Streamline aus Birke. Metallkomponenten in Gunmetal f\u00fcr eine elegante Optik. Geeignet f\u00fcr 0.7 mm. Handgedrechselt und hochwertig verarbeitet.<\/p>","protected":false},"featured_media":2372,"comment_status":"open","ping_status":"closed","template":"","meta":{"neve_meta_sidebar":"","neve_meta_container":"","neve_meta_enable_content_width":"off","neve_meta_content_width":100,"neve_meta_title_alignment":"","neve_meta_author_avatar":"","neve_post_elements_order":"","neve_meta_disable_header":"","neve_meta_disable_footer":"","neve_meta_disable_title":"","_themeisle_gutenberg_block_has_review":false,"GTIN":"","GTIN, UPC, EAN oder ISBN":"","MPN":"","Material":"","material":"","Farbe":"","color":"","manufacturer":"","hersteller":"","FB_PK":"","GO_PK":"","_rank_math_title":"Druckbleistift Streamline Birkenholz Gunmetal \u2013 0.7 mm","_rank_math_description":"Druckbleistift aus Birkenholz. Birkenholz ist hell und fein strukturiert. Es wirkt freundlich und leicht und bietet eine ruhige Basis, die gut mit Metallakzenten harmoniert. Das verwendete Holz stammt aus europ\u00e4ischen Best\u00e4nden und \u00fcberzeugt durch kurze Transportwege und bew\u00e4hrte Qualit\u00e4t. Metallkomponenten in Gunme...","_rank_math_focus_keyword":"","_rank_math_facebook_title":"Druckbleistift Streamline Birkenholz Gunmetal \u2013 0.7 mm","_rank_math_facebook_description":"Druckbleistift aus Birkenholz. Birkenholz ist hell und fein strukturiert. Es wirkt freundlich und leicht und bietet eine ruhige Basis, die gut mit Metallakzenten harmoniert. Das verwendete Holz stammt aus europ\u00e4ischen Best\u00e4nden und \u00fcberzeugt durch kurze Transportwege und bew\u00e4hrte Qualit\u00e4t. Metallkomponenten in Gunme...","_rank_math_twitter_title":"Druckbleistift Streamline Birkenholz Gunmetal \u2013 0.7 mm","_rank_math_twitter_description":"Druckbleistift aus Birkenholz. Birkenholz ist hell und fein strukturiert. Es wirkt freundlich und leicht und bietet eine ruhige Basis, die gut mit Metallakzenten harmoniert. Das verwendete Holz stammt aus europ\u00e4ischen Best\u00e4nden und \u00fcberzeugt durch kurze Transportwege und bew\u00e4hrte Qualit\u00e4t. Metallkomponenten in Gunme...","_rank_math_canonical_url":"","bullet_point1":"Handgedrechselt aus Birkeholz.","bullet_point2":"Variante Streamline \u2013 ergonomisch, ausgewogen und angenehm in der Hand.","bullet_point3":"Metallkomponenten in Gunmetal \u2013 moderne, hochwertige Optik.","bullet_point4":"Passend f\u00fcr Minen mit 0.7 mm mm Durchmesser.","bullet_point5":"Nat\u00fcrliches Carnaubawachs-Lein\u00f6l-Finish \u2013 angenehme Haptik und langlebiger Schutz."},"product_brand":[675],"product_cat":[425,429],"product_tag":[470,121,168,211,637,46,652,57,96,431],"class_list":{"0":"post-2261","1":"product","2":"type-product","3":"status-publish","4":"has-post-thumbnail","6":"product_brand-huendt","7":"product_cat-druckbleistift","8":"product_cat-0-7mm","9":"product_tag-huendt","10":"product_tag-streamline","11":"product_tag-birke","12":"product_tag-schreibgeraet","13":"product_tag-gemasert","14":"product_tag-holz","15":"product_tag-europa","16":"product_tag-bleistift","17":"product_tag-gunmetal","18":"product_tag-druckbleistift","20":"first","21":"instock","22":"sold-individually","23":"taxable","24":"shipping-taxable","25":"purchasable","26":"product-type-simple"},"_links":{"self":[{"href":"https:\/\/huendt.com\/en\/wp-json\/wp\/v2\/product\/2261","targetHints":{"allow":["GET"]}}],"collection":[{"href":"https:\/\/huendt.com\/en\/wp-json\/wp\/v2\/product"}],"about":[{"href":"https:\/\/huendt.com\/en\/wp-json\/wp\/v2\/types\/product"}],"replies":[{"embeddable":true,"href":"https:\/\/huendt.com\/en\/wp-json\/wp\/v2\/comments?post=2261"}],"wp:featuredmedia":[{"embeddable":true,"href":"https:\/\/huendt.com\/en\/wp-json\/wp\/v2\/media\/2372"}],"wp:attachment":[{"href":"https:\/\/huendt.com\/en\/wp-json\/wp\/v2\/media?parent=2261"}],"wp:term":[{"taxonomy":"product_brand","embeddable":true,"href":"https:\/\/huendt.com\/en\/wp-json\/wp\/v2\/product_brand?post=2261"},{"taxonomy":"product_cat","embeddable":true,"href":"https:\/\/huendt.com\/en\/wp-json\/wp\/v2\/product_cat?post=2261"},{"taxonomy":"product_tag","embeddable":true,"href":"https:\/\/huendt.com\/en\/wp-json\/wp\/v2\/product_tag?post=2261"}],"curies":[{"name":"wp","href":"https:\/\/api.w.org\/{rel}","templated":true}]}}