{"id":2275,"date":"2025-11-07T15:05:52","date_gmt":"2025-11-07T14:05:52","guid":{"rendered":"https:\/\/huendt.com\/de_de\/?post_type=product&#038;p=2275"},"modified":"2026-02-15T18:02:45","modified_gmt":"2026-02-15T17:02:45","slug":"drehkugelschreiber-dragon-zwetschge-antik-zinn","status":"publish","type":"product","link":"https:\/\/huendt.com\/en\/product\/drehkugelschreiber-dragon-zwetschge-antik-zinn\/","title":{"rendered":"Drehkugelschreiber Dragon aus Zwetschgenholz Antik Zinn"},"content":{"rendered":"<p>Drehkugelschreiber Dragon aus Zwetschgenholz.<\/p>\n<p>Zwetschge zeigt ein intensives Farbspiel von r\u00f6tlich bis violettbraun, oft mit dunklen Adern. Es wirkt sehr hochwertig.<br \/>\nDas verwendete Holz stammt aus der Region und wird m\u00f6glichst nah am Herkunftsort verarbeitet.<\/p>\n<p>Die Metallkomponenten in Antik Zinn verleihen dem Drehkugelschreiber eine elegante und hochwertige Optik. Die Mine schreibt in Schwarz und sorgt f\u00fcr ein sauberes, gleichm\u00e4\u00dfiges Schriftbild.<\/p>\n<p>Die Oberfl\u00e4che ist fein geschliffen und mit einer Carnaubawachs-Lein\u00f6lmischung behandelt, was f\u00fcr eine angenehme Haptik und hohe Langlebigkeit sorgt.<\/p>\n<p>Handarbeit aus der Manufaktur.<\/p>\n<p style=\"font-size:0;height:0;overflow:hidden;margin:0\"><a href=\"\/en\/produkt-kategorie\/drehkugelschreiber\/\">Mehr Produkte<\/a><\/p>","protected":false},"excerpt":{"rendered":"<p>Drehkugelschreiber Dragon aus Zwetschge. Metallkomponenten in Antik Zinn f\u00fcr eine elegante Optik. Schreibt in Schwarz. Handgedrechselt und hochwertig verarbeitet.<\/p>","protected":false},"featured_media":2358,"comment_status":"open","ping_status":"closed","template":"","meta":{"neve_meta_sidebar":"","neve_meta_container":"","neve_meta_enable_content_width":"off","neve_meta_content_width":100,"neve_meta_title_alignment":"","neve_meta_author_avatar":"","neve_post_elements_order":"","neve_meta_disable_header":"","neve_meta_disable_footer":"","neve_meta_disable_title":"","_themeisle_gutenberg_block_has_review":false,"GTIN":"","GTIN, UPC, EAN oder ISBN":"","MPN":"","Material":"","material":"","Farbe":"","color":"","manufacturer":"","hersteller":"","FB_PK":"","GO_PK":"","_rank_math_title":"Drehkugelschreiber Dragon Zwetschgenholz Antik Zinn","_rank_math_description":"Drehkugelschreiber aus Zwetschgenholz. Zwetschge zeigt ein intensives Farbspiel von r\u00f6tlich bis violettbraun, oft mit dunklen Adern. Es wirkt sehr hochwertig. Das verwendete Holz stammt aus der Region und wird m\u00f6glichst nah am Herkunftsort verarbeitet. Metallkomponenten in Antik Zinn f\u00fcr eine elegante Optik. Mit Car...","_rank_math_focus_keyword":"","_rank_math_facebook_title":"Drehkugelschreiber Dragon Zwetschgenholz Antik Zinn","_rank_math_facebook_description":"Drehkugelschreiber aus Zwetschgenholz. Zwetschge zeigt ein intensives Farbspiel von r\u00f6tlich bis violettbraun, oft mit dunklen Adern. Es wirkt sehr hochwertig. Das verwendete Holz stammt aus der Region und wird m\u00f6glichst nah am Herkunftsort verarbeitet. Metallkomponenten in Antik Zinn f\u00fcr eine elegante Optik. Mit Car...","_rank_math_twitter_title":"Drehkugelschreiber Dragon Zwetschgenholz Antik Zinn","_rank_math_twitter_description":"Drehkugelschreiber aus Zwetschgenholz. Zwetschge zeigt ein intensives Farbspiel von r\u00f6tlich bis violettbraun, oft mit dunklen Adern. Es wirkt sehr hochwertig. Das verwendete Holz stammt aus der Region und wird m\u00f6glichst nah am Herkunftsort verarbeitet. Metallkomponenten in Antik Zinn f\u00fcr eine elegante Optik. Mit Car...","_rank_math_canonical_url":"","bullet_point1":"Handgedrechselt aus Zwetschgeholz.","bullet_point2":"Variante Dragon \u2013 ergonomisch, ausgewogen und angenehm in der Hand.","bullet_point3":"Metallkomponenten in Antik Zinn \u2013 moderne, hochwertige Optik.","bullet_point4":"Schreibt in Schwarz \u2013 sauberes, gleichm\u00e4\u00dfiges Schriftbild.","bullet_point5":"Nat\u00fcrliches Carnaubawachs-Lein\u00f6l-Finish \u2013 angenehme Haptik und langlebiger Schutz."},"product_brand":[675],"product_cat":[43],"product_tag":[654,421,422,432,45,465,470,211,471],"class_list":{"0":"post-2275","1":"product","2":"type-product","3":"status-publish","4":"has-post-thumbnail","6":"product_brand-huendt","7":"product_cat-drehkugelschreiber","8":"product_tag-regional","9":"product_tag-antik-zinn","10":"product_tag-dragon","11":"product_tag-zwetschge","12":"product_tag-drehkugelschreiber","13":"product_tag-kugelschreiber","14":"product_tag-huendt","15":"product_tag-schreibgeraet","16":"product_tag-holzkugelschreiber","18":"first","19":"instock","20":"sold-individually","21":"taxable","22":"shipping-taxable","23":"purchasable","24":"product-type-simple"},"_links":{"self":[{"href":"https:\/\/huendt.com\/en\/wp-json\/wp\/v2\/product\/2275","targetHints":{"allow":["GET"]}}],"collection":[{"href":"https:\/\/huendt.com\/en\/wp-json\/wp\/v2\/product"}],"about":[{"href":"https:\/\/huendt.com\/en\/wp-json\/wp\/v2\/types\/product"}],"replies":[{"embeddable":true,"href":"https:\/\/huendt.com\/en\/wp-json\/wp\/v2\/comments?post=2275"}],"wp:featuredmedia":[{"embeddable":true,"href":"https:\/\/huendt.com\/en\/wp-json\/wp\/v2\/media\/2358"}],"wp:attachment":[{"href":"https:\/\/huendt.com\/en\/wp-json\/wp\/v2\/media?parent=2275"}],"wp:term":[{"taxonomy":"product_brand","embeddable":true,"href":"https:\/\/huendt.com\/en\/wp-json\/wp\/v2\/product_brand?post=2275"},{"taxonomy":"product_cat","embeddable":true,"href":"https:\/\/huendt.com\/en\/wp-json\/wp\/v2\/product_cat?post=2275"},{"taxonomy":"product_tag","embeddable":true,"href":"https:\/\/huendt.com\/en\/wp-json\/wp\/v2\/product_tag?post=2275"}],"curies":[{"name":"wp","href":"https:\/\/api.w.org\/{rel}","templated":true}]}}