{"id":2279,"date":"2025-11-08T22:22:53","date_gmt":"2025-11-08T21:22:53","guid":{"rendered":"https:\/\/huendt.com\/de_de\/?post_type=product&#038;p=2279"},"modified":"2026-02-15T18:12:40","modified_gmt":"2026-02-15T17:12:40","slug":"drehkugelschreiber-streamline-eiche-gunmetal-5","status":"publish","type":"product","link":"https:\/\/huendt.com\/en\/product\/drehkugelschreiber-streamline-eiche-gunmetal-5\/","title":{"rendered":"Drehkugelschreiber Streamline aus Eichenholz Gunmetal"},"content":{"rendered":"<p>Drehkugelschreiber Streamline aus Eichenholz.<\/p>\n<p>Eichenholz zeigt eine deutliche Porenstruktur und eine kr\u00e4ftige Maserung. Es wirkt rustikal, wertig und sehr langlebig.<br \/>\nHier wird Holz aus altem Fachwerk wiederverwendet und zu einem neuen, hochwertigen Produkt verarbeitet.<\/p>\n<p>Die Metallkomponenten in Gunmetal verleihen dem Drehkugelschreiber eine elegante und hochwertige Optik. Die Mine schreibt in Schwarz und sorgt f\u00fcr ein sauberes, gleichm\u00e4\u00dfiges Schriftbild.<\/p>\n<p>Die Oberfl\u00e4che ist fein geschliffen und mit einer Carnaubawachs-Lein\u00f6lmischung behandelt, was f\u00fcr eine angenehme Haptik und hohe Langlebigkeit sorgt.<\/p>\n<p>Handarbeit aus der Manufaktur.<\/p>\n<p style=\"font-size:0;height:0;overflow:hidden;margin:0\"><a href=\"\/en\/produkt-kategorie\/drehkugelschreiber\/\">Mehr Produkte<\/a><\/p>","protected":false},"excerpt":{"rendered":"<p>Drehkugelschreiber Streamline aus Eiche. Metallkomponenten in Gunmetal f\u00fcr eine elegante Optik. Schreibt in Schwarz. Handgedrechselt und hochwertig verarbeitet.<\/p>","protected":false},"featured_media":2354,"comment_status":"open","ping_status":"closed","template":"","meta":{"neve_meta_sidebar":"","neve_meta_container":"","neve_meta_enable_content_width":"off","neve_meta_content_width":100,"neve_meta_title_alignment":"","neve_meta_author_avatar":"","neve_post_elements_order":"","neve_meta_disable_header":"","neve_meta_disable_footer":"","neve_meta_disable_title":"","_themeisle_gutenberg_block_has_review":false,"GTIN":"","GTIN, UPC, EAN oder ISBN":"","MPN":"","Material":"","material":"","Farbe":"","color":"","manufacturer":"","hersteller":"","FB_PK":"","GO_PK":"","_rank_math_title":"Drehkugelschreiber Streamline Eichenholz Gunmetal","_rank_math_description":"Drehkugelschreiber aus Eichenholz. Eichenholz zeigt eine deutliche Porenstruktur und eine kr\u00e4ftige Maserung. Es wirkt rustikal, wertig und sehr langlebig. Hier wird Holz aus altem Fachwerk wiederverwendet und zu einem neuen, hochwertigen Produkt verarbeitet. Metallkomponenten in Gunmetal f\u00fcr eine elegante Optik. Mit...","_rank_math_focus_keyword":"","_rank_math_facebook_title":"Drehkugelschreiber Streamline Eichenholz Gunmetal","_rank_math_facebook_description":"Drehkugelschreiber aus Eichenholz. Eichenholz zeigt eine deutliche Porenstruktur und eine kr\u00e4ftige Maserung. Es wirkt rustikal, wertig und sehr langlebig. Hier wird Holz aus altem Fachwerk wiederverwendet und zu einem neuen, hochwertigen Produkt verarbeitet. Metallkomponenten in Gunmetal f\u00fcr eine elegante Optik. Mit...","_rank_math_twitter_title":"Drehkugelschreiber Streamline Eichenholz Gunmetal","_rank_math_twitter_description":"Drehkugelschreiber aus Eichenholz. Eichenholz zeigt eine deutliche Porenstruktur und eine kr\u00e4ftige Maserung. Es wirkt rustikal, wertig und sehr langlebig. Hier wird Holz aus altem Fachwerk wiederverwendet und zu einem neuen, hochwertigen Produkt verarbeitet. Metallkomponenten in Gunmetal f\u00fcr eine elegante Optik. Mit...","_rank_math_canonical_url":"","bullet_point1":"Handgedrechselt aus Eicheholz.","bullet_point2":"Variante Streamline \u2013 ergonomisch, ausgewogen und angenehm in der Hand.","bullet_point3":"Metallkomponenten in Gunmetal \u2013 moderne, hochwertige Optik.","bullet_point4":"Schreibt in Schwarz \u2013 sauberes, gleichm\u00e4\u00dfiges Schriftbild.","bullet_point5":"Nat\u00fcrliches Carnaubawachs-Lein\u00f6l-Finish \u2013 angenehme Haptik und langlebiger Schutz."},"product_brand":[675],"product_cat":[43],"product_tag":[657,211,465,45,470,471,96,108,121],"class_list":{"0":"post-2279","1":"product","2":"type-product","3":"status-publish","4":"has-post-thumbnail","6":"product_brand-huendt","7":"product_cat-drehkugelschreiber","8":"product_tag-fachwerk","9":"product_tag-schreibgeraet","10":"product_tag-kugelschreiber","11":"product_tag-drehkugelschreiber","12":"product_tag-huendt","13":"product_tag-holzkugelschreiber","14":"product_tag-gunmetal","15":"product_tag-eiche","16":"product_tag-streamline","18":"first","19":"instock","20":"sold-individually","21":"taxable","22":"shipping-taxable","23":"purchasable","24":"product-type-simple"},"_links":{"self":[{"href":"https:\/\/huendt.com\/en\/wp-json\/wp\/v2\/product\/2279","targetHints":{"allow":["GET"]}}],"collection":[{"href":"https:\/\/huendt.com\/en\/wp-json\/wp\/v2\/product"}],"about":[{"href":"https:\/\/huendt.com\/en\/wp-json\/wp\/v2\/types\/product"}],"replies":[{"embeddable":true,"href":"https:\/\/huendt.com\/en\/wp-json\/wp\/v2\/comments?post=2279"}],"wp:featuredmedia":[{"embeddable":true,"href":"https:\/\/huendt.com\/en\/wp-json\/wp\/v2\/media\/2354"}],"wp:attachment":[{"href":"https:\/\/huendt.com\/en\/wp-json\/wp\/v2\/media?parent=2279"}],"wp:term":[{"taxonomy":"product_brand","embeddable":true,"href":"https:\/\/huendt.com\/en\/wp-json\/wp\/v2\/product_brand?post=2279"},{"taxonomy":"product_cat","embeddable":true,"href":"https:\/\/huendt.com\/en\/wp-json\/wp\/v2\/product_cat?post=2279"},{"taxonomy":"product_tag","embeddable":true,"href":"https:\/\/huendt.com\/en\/wp-json\/wp\/v2\/product_tag?post=2279"}],"curies":[{"name":"wp","href":"https:\/\/api.w.org\/{rel}","templated":true}]}}