{"id":2289,"date":"2025-11-09T10:04:24","date_gmt":"2025-11-09T09:04:24","guid":{"rendered":"https:\/\/huendt.com\/de_de\/product\/kreide-schul-pastellkreide-softpastelle-im-12er-pack\/"},"modified":"2026-02-15T16:23:48","modified_gmt":"2026-02-15T15:23:48","slug":"kreide-schul-pastellkreide-softpastelle-im-12er-pack","status":"publish","type":"product","link":"https:\/\/huendt.com\/en\/product\/kreide-schul-pastellkreide-softpastelle-im-12er-pack\/","title":{"rendered":"Kreide Schul- Pastellkreide Softpastelle, im 12er Pack"},"content":{"rendered":"<div class=\"info\">\n<p>weiche, runde K\u00fcnstler- Softpastellkreide<br \/>\ndiese lassen sich leicht verwischen und zusammenmischen, abschlie\u00dfend muss die Arbeit mit einem geeigneten Fixiermittel stabilisiert werden<\/p>\n<\/div>\n<p>&nbsp;<\/p>\n<ul>\n<li>Kleines Schulset mit 12 runden Soft-Pastellkreiden in lebendigen Farben<\/li>\n<li>Hochpigmentierte Kreiden mit hervorragender Farbs\u00e4ttigung<\/li>\n<li>Exzellente Lichtbest\u00e4ndigkeit<\/li>\n<li>Runde Form garantiert eine einfache Handhabung<\/li>\n<li>Tolles Starter-Set f\u00fcr alle, die weiche Pastellkreiden ausprobieren m\u00f6chten<\/li>\n<li>Wir empfehlen, Ihr Kunstwerk zu sch\u00fctzen, indem Sie es mit unserem Fixativ ART stabilisieren<\/li>\n<li>Hergestellt in Tschechien nach h\u00f6chsten Qualit\u00e4tsstandards<\/li>\n<\/ul>","protected":false},"excerpt":{"rendered":"<div class=\"tabs MuiBox-root css-0\">\n<div id=\"content-tabpanel-0\" role=\"tabpanel\" aria-labelledby=\"content-tab-0\">\n<div class=\"MuiBox-root css-0\">\n<section class=\"description\">\n<div>\n<p>Dieses Set beinhaltet 12 hochpigmentierte Pastellkreiden in intensiven, leuchtenden Farben. Dank der runden Form sind sie leicht zu handhaben und eignen sich perfekt f\u00fcr die Gestaltung sch\u00f6ner Zeichnungen. Die Pastellkreiden sind lichtecht und sorgen so daf\u00fcr, dass Ihre Kunstwerke lange Zeit lebendig bleiben. Wir empfehlen, Ihre Zeichnung unserem Fixativ ART zu stabilisieren, um das Kunstwerk dauerhaft zu sch\u00fctzen. Das Set ist eine gute Wahl f\u00fcr alle, die mit Softpastellen experimentieren m\u00f6chten.<\/p>\n<\/div>\n<\/section>\n<\/div>\n<\/div>\n<\/div>","protected":false},"featured_media":2310,"comment_status":"open","ping_status":"closed","template":"","meta":{"neve_meta_sidebar":"","neve_meta_container":"","neve_meta_enable_content_width":"off","neve_meta_content_width":100,"neve_meta_title_alignment":"","neve_meta_author_avatar":"","neve_post_elements_order":"","neve_meta_disable_header":"","neve_meta_disable_footer":"","neve_meta_disable_title":"","_themeisle_gutenberg_block_has_review":false,"GTIN":"","GTIN, UPC, EAN oder ISBN":"","MPN":"","Material":"","material":"","Farbe":"","color":"","manufacturer":"","hersteller":"","FB_PK":"","GO_PK":"","_rank_math_title":"","_rank_math_description":"","_rank_math_focus_keyword":"","_rank_math_facebook_title":"","_rank_math_facebook_description":"","_rank_math_twitter_title":"","_rank_math_twitter_description":"","_rank_math_canonical_url":"","bullet_point1":"","bullet_point2":"","bullet_point3":"","bullet_point4":"","bullet_point5":""},"product_brand":[456],"product_cat":[445,180],"product_tag":[448,449,450,451,234,452,453,454,455],"class_list":{"0":"post-2289","1":"product","2":"type-product","3":"status-publish","4":"has-post-thumbnail","6":"product_brand-koh-i-noor","7":"product_cat-kreide","8":"product_cat-zubehoer-2","9":"product_tag-softpastelle","10":"product_tag-softpastellkreide","11":"product_tag-pastellkreide","12":"product_tag-kuenstlerkreide","13":"product_tag-kreide","14":"product_tag-oelpastelle","15":"product_tag-oelpastellkreide","16":"product_tag-oelkreide","17":"product_tag-zeichenkreide","19":"first","20":"instock","21":"taxable","22":"shipping-taxable","23":"purchasable","24":"product-type-simple"},"_links":{"self":[{"href":"https:\/\/huendt.com\/en\/wp-json\/wp\/v2\/product\/2289","targetHints":{"allow":["GET"]}}],"collection":[{"href":"https:\/\/huendt.com\/en\/wp-json\/wp\/v2\/product"}],"about":[{"href":"https:\/\/huendt.com\/en\/wp-json\/wp\/v2\/types\/product"}],"replies":[{"embeddable":true,"href":"https:\/\/huendt.com\/en\/wp-json\/wp\/v2\/comments?post=2289"}],"wp:featuredmedia":[{"embeddable":true,"href":"https:\/\/huendt.com\/en\/wp-json\/wp\/v2\/media\/2310"}],"wp:attachment":[{"href":"https:\/\/huendt.com\/en\/wp-json\/wp\/v2\/media?parent=2289"}],"wp:term":[{"taxonomy":"product_brand","embeddable":true,"href":"https:\/\/huendt.com\/en\/wp-json\/wp\/v2\/product_brand?post=2289"},{"taxonomy":"product_cat","embeddable":true,"href":"https:\/\/huendt.com\/en\/wp-json\/wp\/v2\/product_cat?post=2289"},{"taxonomy":"product_tag","embeddable":true,"href":"https:\/\/huendt.com\/en\/wp-json\/wp\/v2\/product_tag?post=2289"}],"curies":[{"name":"wp","href":"https:\/\/api.w.org\/{rel}","templated":true}]}}