{"id":2291,"date":"2025-11-09T10:04:32","date_gmt":"2025-11-09T09:04:32","guid":{"rendered":"https:\/\/huendt.com\/de_de\/product\/pastellkreide-gioconda-runde-oelpastellkreide-farblich-sortiert-im-24er-pack\/"},"modified":"2026-02-15T16:22:09","modified_gmt":"2026-02-15T15:22:09","slug":"pastellkreide-gioconda-runde-oelpastellkreide-farblich-sortiert-im-24er-pack","status":"publish","type":"product","link":"https:\/\/huendt.com\/en\/product\/pastellkreide-gioconda-runde-oelpastellkreide-farblich-sortiert-im-24er-pack\/","title":{"rendered":"Pastellkreide &#8222;GIOCONDA&#8220; runde \u00d6lpastellkreide &#8211; farblich sortiert, im 24er Pack"},"content":{"rendered":"<div class=\"info\">\n<p>\u00d6lpastellkreide farblich sortiert im 24er Pack<br \/>\nausgezeichnete Lichtechtheit \/ die Oberfl\u00e4che wird durch eine Umh\u00fcllung gesch\u00fctzt<\/p>\n<\/div>\n<p>&nbsp;<\/p>\n<ul>\n<li>24 K\u00fcnstler-Pastellkreiden<\/li>\n<li>Hochwertige Pigmente f\u00fcr hervorragende Farbs\u00e4ttigung<\/li>\n<li>Brillante Farben mit sehr guter Lichtbest\u00e4ndigkeit f\u00fcr lebendige Kunstwerke<\/li>\n<li>Angenehm weiches Gef\u00fchl beim Zeichnen<\/li>\n<li>Weiches \u00d6l-Finish f\u00fcr einfaches Schattieren und Verblenden<\/li>\n<li>Hergestellt in Tschechien nach h\u00f6chsten Qualit\u00e4tsstandards<\/li>\n<\/ul>","protected":false},"excerpt":{"rendered":"<div class=\"tabs MuiBox-root css-0\">\n<div id=\"content-tabpanel-0\" role=\"tabpanel\" aria-labelledby=\"content-tab-0\">\n<div class=\"MuiBox-root css-0\">\n<section class=\"description\">\n<div>\n<p>Dieses 24-teilige K\u00fcnstlerset mit \u00d6lpastellkreiden ist perfekt f\u00fcr K\u00fcnstler aller Erfahrungsstufen. Die Kreiden enthalten hochwertige Pigmente f\u00fcr eine hervorragende Farbs\u00e4ttigung und ein angenehm weiches Zeichengef\u00fchl. Dank der brillanten Farben und sehr guter Lichtechtheit eignen die Pastelle sich hervorragend f\u00fcr Kunstwerke mit seidiger Oberfl\u00e4che und sanften \u00dcberg\u00e4ngen.<\/p>\n<\/div>\n<\/section>\n<\/div>\n<\/div>\n<\/div>","protected":false},"featured_media":2302,"comment_status":"open","ping_status":"closed","template":"","meta":{"neve_meta_sidebar":"","neve_meta_container":"","neve_meta_enable_content_width":"off","neve_meta_content_width":100,"neve_meta_title_alignment":"","neve_meta_author_avatar":"","neve_post_elements_order":"","neve_meta_disable_header":"","neve_meta_disable_footer":"","neve_meta_disable_title":"","_themeisle_gutenberg_block_has_review":false,"GTIN":"","GTIN, UPC, EAN oder ISBN":"","MPN":"","Material":"","material":"","Farbe":"","color":"","manufacturer":"","hersteller":"","FB_PK":"","GO_PK":"","_rank_math_title":"","_rank_math_description":"","_rank_math_focus_keyword":"","_rank_math_facebook_title":"","_rank_math_facebook_description":"","_rank_math_twitter_title":"","_rank_math_twitter_description":"","_rank_math_canonical_url":"","bullet_point1":"","bullet_point2":"","bullet_point3":"","bullet_point4":"","bullet_point5":""},"product_brand":[456],"product_cat":[445,180],"product_tag":[448,449,450,451,234,452,453,454,455],"class_list":{"0":"post-2291","1":"product","2":"type-product","3":"status-publish","4":"has-post-thumbnail","6":"product_brand-koh-i-noor","7":"product_cat-kreide","8":"product_cat-zubehoer-2","9":"product_tag-softpastelle","10":"product_tag-softpastellkreide","11":"product_tag-pastellkreide","12":"product_tag-kuenstlerkreide","13":"product_tag-kreide","14":"product_tag-oelpastelle","15":"product_tag-oelpastellkreide","16":"product_tag-oelkreide","17":"product_tag-zeichenkreide","19":"first","20":"instock","21":"taxable","22":"shipping-taxable","23":"purchasable","24":"product-type-simple"},"_links":{"self":[{"href":"https:\/\/huendt.com\/en\/wp-json\/wp\/v2\/product\/2291","targetHints":{"allow":["GET"]}}],"collection":[{"href":"https:\/\/huendt.com\/en\/wp-json\/wp\/v2\/product"}],"about":[{"href":"https:\/\/huendt.com\/en\/wp-json\/wp\/v2\/types\/product"}],"replies":[{"embeddable":true,"href":"https:\/\/huendt.com\/en\/wp-json\/wp\/v2\/comments?post=2291"}],"wp:featuredmedia":[{"embeddable":true,"href":"https:\/\/huendt.com\/en\/wp-json\/wp\/v2\/media\/2302"}],"wp:attachment":[{"href":"https:\/\/huendt.com\/en\/wp-json\/wp\/v2\/media?parent=2291"}],"wp:term":[{"taxonomy":"product_brand","embeddable":true,"href":"https:\/\/huendt.com\/en\/wp-json\/wp\/v2\/product_brand?post=2291"},{"taxonomy":"product_cat","embeddable":true,"href":"https:\/\/huendt.com\/en\/wp-json\/wp\/v2\/product_cat?post=2291"},{"taxonomy":"product_tag","embeddable":true,"href":"https:\/\/huendt.com\/en\/wp-json\/wp\/v2\/product_tag?post=2291"}],"curies":[{"name":"wp","href":"https:\/\/api.w.org\/{rel}","templated":true}]}}