{"id":2292,"date":"2025-11-09T10:04:35","date_gmt":"2025-11-09T09:04:35","guid":{"rendered":"https:\/\/huendt.com\/de_de\/product\/pastellkreide-runde-kurze-weiche-kuenstler-softpastelle-d-10-mm-x-l-37-mm-im-24er-pack\/"},"modified":"2026-02-15T16:21:08","modified_gmt":"2026-02-15T15:21:08","slug":"pastellkreide-runde-kurze-weiche-kuenstler-softpastelle-d-10-mm-x-l-37-mm-im-24er-pack","status":"publish","type":"product","link":"https:\/\/huendt.com\/en\/product\/pastellkreide-runde-kurze-weiche-kuenstler-softpastelle-d-10-mm-x-l-37-mm-im-24er-pack\/","title":{"rendered":"Pastellkreide runde &#8211; kurze , weiche K\u00fcnstler- Softpastelle D = 10 mm x L = 37 mm, im 24er Pack"},"content":{"rendered":"<div class=\"info\">\n<p>Pastellkreide runde \u2013 kurze , weiche K\u00fcnstler- Softpastelle D = 10 mm x L = 37 mm, im 24er Pack<\/p>\n<\/div>\n<p>&nbsp;<\/p>\n<ul>\n<li>Weiche K\u00fcnstler-Softpastelle in kurzer, runder Form<\/li>\n<li>Ma\u00dfe: Durchmesser 10 mm, L\u00e4nge 37 mm<\/li>\n<li>24 Farben f\u00fcr kreative Vielfalt<\/li>\n<li>Ideal f\u00fcr Detailarbeit und intensive Farbergebnisse<\/li>\n<li>Praktisches Format f\u00fcr einfache Handhabung<\/li>\n<\/ul>","protected":false},"excerpt":{"rendered":"<div class=\"tabs MuiBox-root css-0\">\n<div id=\"content-tabpanel-0\" role=\"tabpanel\" aria-labelledby=\"content-tab-0\">\n<div class=\"MuiBox-root css-0\">\n<section class=\"description\">\n<div>\n<p>Das 24er Pack kurzer, weicher K\u00fcnstler-Softpastelle in runder Form bietet eine handliche Auswahl an Farben f\u00fcr kreative Pastellmalerei. Die Pastellkreiden sind leicht zu handhaben und eignen sich ideal f\u00fcr detailreiche Kunstwerke.<\/p>\n<\/div>\n<\/section>\n<\/div>\n<\/div>\n<\/div>","protected":false},"featured_media":2298,"comment_status":"open","ping_status":"closed","template":"","meta":{"neve_meta_sidebar":"","neve_meta_container":"","neve_meta_enable_content_width":"off","neve_meta_content_width":100,"neve_meta_title_alignment":"","neve_meta_author_avatar":"","neve_post_elements_order":"","neve_meta_disable_header":"","neve_meta_disable_footer":"","neve_meta_disable_title":"","_themeisle_gutenberg_block_has_review":false,"GTIN":"","GTIN, UPC, EAN oder ISBN":"","MPN":"","Material":"","material":"","Farbe":"","color":"","manufacturer":"","hersteller":"","FB_PK":"","GO_PK":"","_rank_math_title":"","_rank_math_description":"","_rank_math_focus_keyword":"","_rank_math_facebook_title":"","_rank_math_facebook_description":"","_rank_math_twitter_title":"","_rank_math_twitter_description":"","_rank_math_canonical_url":"","bullet_point1":"","bullet_point2":"","bullet_point3":"","bullet_point4":"","bullet_point5":""},"product_brand":[456],"product_cat":[445],"product_tag":[454,455,448,449,450,451,234,452,453],"class_list":{"0":"post-2292","1":"product","2":"type-product","3":"status-publish","4":"has-post-thumbnail","6":"product_brand-koh-i-noor","7":"product_cat-kreide","8":"product_tag-oelkreide","9":"product_tag-zeichenkreide","10":"product_tag-softpastelle","11":"product_tag-softpastellkreide","12":"product_tag-pastellkreide","13":"product_tag-kuenstlerkreide","14":"product_tag-kreide","15":"product_tag-oelpastelle","16":"product_tag-oelpastellkreide","18":"first","19":"instock","20":"taxable","21":"shipping-taxable","22":"purchasable","23":"product-type-simple"},"_links":{"self":[{"href":"https:\/\/huendt.com\/en\/wp-json\/wp\/v2\/product\/2292","targetHints":{"allow":["GET"]}}],"collection":[{"href":"https:\/\/huendt.com\/en\/wp-json\/wp\/v2\/product"}],"about":[{"href":"https:\/\/huendt.com\/en\/wp-json\/wp\/v2\/types\/product"}],"replies":[{"embeddable":true,"href":"https:\/\/huendt.com\/en\/wp-json\/wp\/v2\/comments?post=2292"}],"wp:featuredmedia":[{"embeddable":true,"href":"https:\/\/huendt.com\/en\/wp-json\/wp\/v2\/media\/2298"}],"wp:attachment":[{"href":"https:\/\/huendt.com\/en\/wp-json\/wp\/v2\/media?parent=2292"}],"wp:term":[{"taxonomy":"product_brand","embeddable":true,"href":"https:\/\/huendt.com\/en\/wp-json\/wp\/v2\/product_brand?post=2292"},{"taxonomy":"product_cat","embeddable":true,"href":"https:\/\/huendt.com\/en\/wp-json\/wp\/v2\/product_cat?post=2292"},{"taxonomy":"product_tag","embeddable":true,"href":"https:\/\/huendt.com\/en\/wp-json\/wp\/v2\/product_tag?post=2292"}],"curies":[{"name":"wp","href":"https:\/\/api.w.org\/{rel}","templated":true}]}}