{"id":2293,"date":"2025-11-09T10:04:38","date_gmt":"2025-11-09T09:04:38","guid":{"rendered":"https:\/\/huendt.com\/de_de\/product\/pastellkreide-runde-kurze-weiche-kuenstler-softpastelle-d-10-mm-x-l-37-mm-im-48er-pack\/"},"modified":"2026-02-15T16:20:25","modified_gmt":"2026-02-15T15:20:25","slug":"pastellkreide-runde-kurze-weiche-kuenstler-softpastelle-d-10-mm-x-l-37-mm-im-48er-pack","status":"publish","type":"product","link":"https:\/\/huendt.com\/en\/product\/pastellkreide-runde-kurze-weiche-kuenstler-softpastelle-d-10-mm-x-l-37-mm-im-48er-pack\/","title":{"rendered":"Pastellkreide runde &#8211; kurze , weiche K\u00fcnstler- Softpastelle D = 10 mm x L = 37 mm, im 48er Pack"},"content":{"rendered":"<div class=\"info\">\n<p>Pastellkreide runde \u2013 kurze , weiche K\u00fcnstler- Softpastelle D = 10 mm x L = 37 mm, im 48er Pack<\/p>\n<\/div>\n<p>&nbsp;<\/p>\n<ul>\n<li>Weiche K\u00fcnstler-Softpastelle in kurzer, runder Form<\/li>\n<li>Ma\u00dfe: Durchmesser 10 mm, L\u00e4nge 37 mm<\/li>\n<li>48 Farben f\u00fcr vielf\u00e4ltige k\u00fcnstlerische Gestaltungen<\/li>\n<li>Leicht zu handhaben und zu verblenden<\/li>\n<li>Perfekt f\u00fcr Detailarbeit und intensive Farbergebnisse<\/li>\n<\/ul>","protected":false},"excerpt":{"rendered":"<p>Das 48er Pack kurzer, weicher K\u00fcnstler-Softpastelle in runder Form bietet eine umfangreiche Auswahl an intensiven Farben f\u00fcr k\u00fcnstlerische Pastellmalerei. Ideal f\u00fcr Detailarbeit und kreative Ausdrucksm\u00f6glichkeiten.<\/p>","protected":false},"featured_media":2295,"comment_status":"open","ping_status":"closed","template":"","meta":{"neve_meta_sidebar":"","neve_meta_container":"","neve_meta_enable_content_width":"off","neve_meta_content_width":100,"neve_meta_title_alignment":"","neve_meta_author_avatar":"","neve_post_elements_order":"","neve_meta_disable_header":"","neve_meta_disable_footer":"","neve_meta_disable_title":"","_themeisle_gutenberg_block_has_review":false,"GTIN":"","GTIN, UPC, EAN oder ISBN":"","MPN":"","Material":"","material":"","Farbe":"","color":"","manufacturer":"","hersteller":"","FB_PK":"","GO_PK":"","_rank_math_title":"","_rank_math_description":"","_rank_math_focus_keyword":"","_rank_math_facebook_title":"","_rank_math_facebook_description":"","_rank_math_twitter_title":"","_rank_math_twitter_description":"","_rank_math_canonical_url":"","bullet_point1":"","bullet_point2":"","bullet_point3":"","bullet_point4":"","bullet_point5":""},"product_brand":[456],"product_cat":[445,16],"product_tag":[453,454,455,448,449,450,451,234,452],"class_list":{"0":"post-2293","1":"product","2":"type-product","3":"status-publish","4":"has-post-thumbnail","6":"product_brand-koh-i-noor","7":"product_cat-kreide","8":"product_cat-sonstiges","9":"product_tag-oelpastellkreide","10":"product_tag-oelkreide","11":"product_tag-zeichenkreide","12":"product_tag-softpastelle","13":"product_tag-softpastellkreide","14":"product_tag-pastellkreide","15":"product_tag-kuenstlerkreide","16":"product_tag-kreide","17":"product_tag-oelpastelle","19":"first","20":"instock","21":"taxable","22":"shipping-taxable","23":"purchasable","24":"product-type-simple"},"_links":{"self":[{"href":"https:\/\/huendt.com\/en\/wp-json\/wp\/v2\/product\/2293","targetHints":{"allow":["GET"]}}],"collection":[{"href":"https:\/\/huendt.com\/en\/wp-json\/wp\/v2\/product"}],"about":[{"href":"https:\/\/huendt.com\/en\/wp-json\/wp\/v2\/types\/product"}],"replies":[{"embeddable":true,"href":"https:\/\/huendt.com\/en\/wp-json\/wp\/v2\/comments?post=2293"}],"wp:featuredmedia":[{"embeddable":true,"href":"https:\/\/huendt.com\/en\/wp-json\/wp\/v2\/media\/2295"}],"wp:attachment":[{"href":"https:\/\/huendt.com\/en\/wp-json\/wp\/v2\/media?parent=2293"}],"wp:term":[{"taxonomy":"product_brand","embeddable":true,"href":"https:\/\/huendt.com\/en\/wp-json\/wp\/v2\/product_brand?post=2293"},{"taxonomy":"product_cat","embeddable":true,"href":"https:\/\/huendt.com\/en\/wp-json\/wp\/v2\/product_cat?post=2293"},{"taxonomy":"product_tag","embeddable":true,"href":"https:\/\/huendt.com\/en\/wp-json\/wp\/v2\/product_tag?post=2293"}],"curies":[{"name":"wp","href":"https:\/\/api.w.org\/{rel}","templated":true}]}}