{"id":2448,"date":"2025-11-19T21:48:33","date_gmt":"2025-11-19T20:48:33","guid":{"rendered":"https:\/\/huendt.com\/de_de\/?post_type=product&#038;p=2448"},"modified":"2026-01-18T20:51:53","modified_gmt":"2026-01-18T19:51:53","slug":"kreidehalter-olive-chrom","status":"publish","type":"product","link":"https:\/\/huendt.com\/en\/product\/kreidehalter-olive-chrom\/","title":{"rendered":"Kreidehalter aus Olivenholz Chrom 10 mm"},"content":{"rendered":"<p>Kreidehalter aus Olivenholz.<\/p>\n<p>Olivenholz zeigt ein unverwechselbares, kontrastreiches Maserbild mit warmen, goldbraunen und olivfarbenen T\u00f6nen.<\/p>\n<p>Geeignet f\u00fcr Kreiden mit einem Durchmesser von 10 mm.<\/p>\n<p>Die Metallkomponenten in Chrom verleihen dem Schreibger\u00e4t eine elegante und hochwertige Optik.<\/p>\n<p>Die Oberfl\u00e4che ist fein geschliffen und mit einer Carnaubawachs-Lein\u00f6lmischung behandelt, was f\u00fcr eine angenehme Haptik und hohe Langlebigkeit sorgt.<\/p>\n<p>Handarbeit aus der Manufaktur.<\/p>\n<p style=\"font-size:0;height:0;overflow:hidden;margin:0\"><a href=\"\/en\/produkt-kategorie\/kreidehalter\/\">Mehr Produkte<\/a><\/p>","protected":false},"excerpt":{"rendered":"<p>Kreidehalter aus Olive. Metallkomponenten in Chrom f\u00fcr eine elegante Optik. Handgedrechselt und hochwertig verarbeitet.<\/p>","protected":false},"featured_media":2500,"comment_status":"open","ping_status":"closed","template":"","meta":{"neve_meta_sidebar":"","neve_meta_container":"","neve_meta_enable_content_width":"off","neve_meta_content_width":100,"neve_meta_title_alignment":"","neve_meta_author_avatar":"","neve_post_elements_order":"","neve_meta_disable_header":"","neve_meta_disable_footer":"","neve_meta_disable_title":"","_themeisle_gutenberg_block_has_review":false,"GTIN":"","GTIN, UPC, EAN oder ISBN":"","MPN":"","Material":"","material":"","Farbe":"","color":"","manufacturer":"","hersteller":"","FB_PK":"","GO_PK":"","_rank_math_title":"Kreidehalter Olivenholz Chrom \u2013 10 mm","_rank_math_description":"Kreidehalter aus Olivenholz.\n\nOlivenholz zeigt ein unverwechselbares, kontrastreiches Maserbild mit warmen, goldbraunen und olivfarbenen T\u00f6nen.\n\nGeeignet f\u00fcr Kreiden mit einem Durchmesser von 10 mm.\n\nDie Metallkomponenten in Chrom verleihen dem Schreibger\u00e4t eine elegante und hochwertige Optik.\n\nDie Oberfl\u00e4che ist fein geschliffen und mit einer Carnaubawachs-Lein\u00f6lmischung behandelt, was f\u00fcr eine angenehme Haptik und hohe Langlebigkeit sorgt.\n\nHandarbeit aus der Manufaktur.","_rank_math_focus_keyword":"","_rank_math_facebook_title":"Kreidehalter Olivenholz Chrom \u2013 10 mm","_rank_math_facebook_description":"Kreidehalter aus Olivenholz.\n\nOlivenholz zeigt ein unverwechselbares, kontrastreiches Maserbild mit warmen, goldbraunen und olivfarbenen T\u00f6nen.\n\nGeeignet f\u00fcr Kreiden mit einem Durchmesser von 10 mm.\n\nDie Metallkomponenten in Chrom verleihen dem Schreibger\u00e4t eine elegante und hochwertige Optik.\n\nDie Oberfl\u00e4che ist fein geschliffen und mit einer Carnaubawachs-Lein\u00f6lmischung behandelt, was f\u00fcr eine angenehme Haptik und hohe Langlebigkeit sorgt.\n\nHandarbeit aus der Manufaktur.","_rank_math_twitter_title":"Kreidehalter Olivenholz Chrom \u2013 10 mm","_rank_math_twitter_description":"Kreidehalter aus Olivenholz.\n\nOlivenholz zeigt ein unverwechselbares, kontrastreiches Maserbild mit warmen, goldbraunen und olivfarbenen T\u00f6nen.\n\nGeeignet f\u00fcr Kreiden mit einem Durchmesser von 10 mm.\n\nDie Metallkomponenten in Chrom verleihen dem Schreibger\u00e4t eine elegante und hochwertige Optik.\n\nDie Oberfl\u00e4che ist fein geschliffen und mit einer Carnaubawachs-Lein\u00f6lmischung behandelt, was f\u00fcr eine angenehme Haptik und hohe Langlebigkeit sorgt.\n\nHandarbeit aus der Manufaktur.","_rank_math_canonical_url":"","bullet_point1":"Handgedrechselt aus Olive.","bullet_point2":"Metallkomponenten in Chrom \u2013 moderne, hochwertige Optik.","bullet_point3":"Geeignet f\u00fcr Kreiden mit 10 mm Durchmesser.","bullet_point4":"Nat\u00fcrliches Carnaubawachs-Lein\u00f6l-Finish \u2013 angenehme Haptik und Schutz.","bullet_point5":"Handarbeit aus der Manufaktur."},"product_brand":[675],"product_cat":[311],"product_tag":[306,470,58,106],"class_list":{"0":"post-2448","1":"product","2":"type-product","3":"status-publish","4":"has-post-thumbnail","6":"product_brand-huendt","7":"product_cat-kreidehalter","8":"product_tag-kreidehalter","9":"product_tag-huendt","10":"product_tag-olive","11":"product_tag-chrom","13":"first","14":"instock","15":"sold-individually","16":"taxable","17":"shipping-taxable","18":"purchasable","19":"product-type-simple"},"_links":{"self":[{"href":"https:\/\/huendt.com\/en\/wp-json\/wp\/v2\/product\/2448","targetHints":{"allow":["GET"]}}],"collection":[{"href":"https:\/\/huendt.com\/en\/wp-json\/wp\/v2\/product"}],"about":[{"href":"https:\/\/huendt.com\/en\/wp-json\/wp\/v2\/types\/product"}],"replies":[{"embeddable":true,"href":"https:\/\/huendt.com\/en\/wp-json\/wp\/v2\/comments?post=2448"}],"wp:featuredmedia":[{"embeddable":true,"href":"https:\/\/huendt.com\/en\/wp-json\/wp\/v2\/media\/2500"}],"wp:attachment":[{"href":"https:\/\/huendt.com\/en\/wp-json\/wp\/v2\/media?parent=2448"}],"wp:term":[{"taxonomy":"product_brand","embeddable":true,"href":"https:\/\/huendt.com\/en\/wp-json\/wp\/v2\/product_brand?post=2448"},{"taxonomy":"product_cat","embeddable":true,"href":"https:\/\/huendt.com\/en\/wp-json\/wp\/v2\/product_cat?post=2448"},{"taxonomy":"product_tag","embeddable":true,"href":"https:\/\/huendt.com\/en\/wp-json\/wp\/v2\/product_tag?post=2448"}],"curies":[{"name":"wp","href":"https:\/\/api.w.org\/{rel}","templated":true}]}}