{"id":2450,"date":"2025-11-19T21:51:14","date_gmt":"2025-11-19T20:51:14","guid":{"rendered":"https:\/\/huendt.com\/de_de\/?post_type=product&#038;p=2450"},"modified":"2026-01-18T20:51:52","modified_gmt":"2026-01-18T19:51:52","slug":"kreidehalter-essigbaum-chrom","status":"publish","type":"product","link":"https:\/\/huendt.com\/en\/product\/kreidehalter-essigbaum-chrom\/","title":{"rendered":"Kreidehalter aus Essigbaumholz Chrom 10 mm"},"content":{"rendered":"<p>Kreidehalter aus Essigbaumholz.<\/p>\n<p>Das Holz des Essigbaums weist eine interessante Kombination aus hellen und dunkleren Zonen auf. Es wirkt sehr dekorativ und individuell.<\/p>\n<p>Geeignet f\u00fcr Kreiden mit einem Durchmesser von 10 mm.<\/p>\n<p>Die Metallkomponenten in Chrom verleihen dem Schreibger\u00e4t eine elegante und hochwertige Optik.<\/p>\n<p>Die Oberfl\u00e4che ist fein geschliffen und mit einer Carnaubawachs-Lein\u00f6lmischung behandelt, was f\u00fcr eine angenehme Haptik und hohe Langlebigkeit sorgt.<\/p>\n<p>Handarbeit aus der Manufaktur.<\/p>\n<p style=\"font-size:0;height:0;overflow:hidden;margin:0\"><a href=\"\/en\/produkt-kategorie\/kreidehalter\/\">Mehr Produkte<\/a><\/p>","protected":false},"excerpt":{"rendered":"<p>Kreidehalter aus Essigbaum. Metallkomponenten in Chrom f\u00fcr eine elegante Optik. Handgedrechselt und hochwertig verarbeitet.<\/p>","protected":false},"featured_media":2502,"comment_status":"open","ping_status":"closed","template":"","meta":{"neve_meta_sidebar":"","neve_meta_container":"","neve_meta_enable_content_width":"off","neve_meta_content_width":100,"neve_meta_title_alignment":"","neve_meta_author_avatar":"","neve_post_elements_order":"","neve_meta_disable_header":"","neve_meta_disable_footer":"","neve_meta_disable_title":"","_themeisle_gutenberg_block_has_review":false,"GTIN":"","GTIN, UPC, EAN oder ISBN":"","MPN":"","Material":"","material":"","Farbe":"","color":"","manufacturer":"","hersteller":"","FB_PK":"","GO_PK":"","_rank_math_title":"Kreidehalter Essigbaumholz Chrom \u2013 10 mm","_rank_math_description":"Kreidehalter aus Essigbaumholz.\n\nDas Holz des Essigbaums weist eine interessante Kombination aus hellen und dunkleren Zonen auf. Es wirkt sehr dekorativ und individuell.\n\nGeeignet f\u00fcr Kreiden mit einem Durchmesser von 10 mm.\n\nDie Metallkomponenten in Chrom verleihen dem Schreibger\u00e4t eine elegante und hochwertige Optik.\n\nDie Oberfl\u00e4che ist fein geschliffen und mit einer Carnaubawachs-Lein\u00f6lmischung behandelt, was f\u00fcr eine angenehme Haptik und hohe Langlebigkeit sorgt.\n\nHandarbeit aus der Manufaktur.","_rank_math_focus_keyword":"","_rank_math_facebook_title":"Kreidehalter Essigbaumholz Chrom \u2013 10 mm","_rank_math_facebook_description":"Kreidehalter aus Essigbaumholz.\n\nDas Holz des Essigbaums weist eine interessante Kombination aus hellen und dunkleren Zonen auf. Es wirkt sehr dekorativ und individuell.\n\nGeeignet f\u00fcr Kreiden mit einem Durchmesser von 10 mm.\n\nDie Metallkomponenten in Chrom verleihen dem Schreibger\u00e4t eine elegante und hochwertige Optik.\n\nDie Oberfl\u00e4che ist fein geschliffen und mit einer Carnaubawachs-Lein\u00f6lmischung behandelt, was f\u00fcr eine angenehme Haptik und hohe Langlebigkeit sorgt.\n\nHandarbeit aus der Manufaktur.","_rank_math_twitter_title":"Kreidehalter Essigbaumholz Chrom \u2013 10 mm","_rank_math_twitter_description":"Kreidehalter aus Essigbaumholz.\n\nDas Holz des Essigbaums weist eine interessante Kombination aus hellen und dunkleren Zonen auf. Es wirkt sehr dekorativ und individuell.\n\nGeeignet f\u00fcr Kreiden mit einem Durchmesser von 10 mm.\n\nDie Metallkomponenten in Chrom verleihen dem Schreibger\u00e4t eine elegante und hochwertige Optik.\n\nDie Oberfl\u00e4che ist fein geschliffen und mit einer Carnaubawachs-Lein\u00f6lmischung behandelt, was f\u00fcr eine angenehme Haptik und hohe Langlebigkeit sorgt.\n\nHandarbeit aus der Manufaktur.","_rank_math_canonical_url":"","bullet_point1":"Handgedrechselt aus Essigbaum.","bullet_point2":"Metallkomponenten in Chrom \u2013 moderne, hochwertige Optik.","bullet_point3":"Geeignet f\u00fcr Kreiden mit 10 mm Durchmesser.","bullet_point4":"Nat\u00fcrliches Carnaubawachs-Lein\u00f6l-Finish \u2013 angenehme Haptik und Schutz.","bullet_point5":"Handarbeit aus der Manufaktur."},"product_brand":[675],"product_cat":[311],"product_tag":[106,306,457,470],"class_list":{"0":"post-2450","1":"product","2":"type-product","3":"status-publish","4":"has-post-thumbnail","6":"product_brand-huendt","7":"product_cat-kreidehalter","8":"product_tag-chrom","9":"product_tag-kreidehalter","10":"product_tag-essigbaum","11":"product_tag-huendt","13":"first","14":"instock","15":"sold-individually","16":"taxable","17":"shipping-taxable","18":"purchasable","19":"product-type-simple"},"_links":{"self":[{"href":"https:\/\/huendt.com\/en\/wp-json\/wp\/v2\/product\/2450","targetHints":{"allow":["GET"]}}],"collection":[{"href":"https:\/\/huendt.com\/en\/wp-json\/wp\/v2\/product"}],"about":[{"href":"https:\/\/huendt.com\/en\/wp-json\/wp\/v2\/types\/product"}],"replies":[{"embeddable":true,"href":"https:\/\/huendt.com\/en\/wp-json\/wp\/v2\/comments?post=2450"}],"wp:featuredmedia":[{"embeddable":true,"href":"https:\/\/huendt.com\/en\/wp-json\/wp\/v2\/media\/2502"}],"wp:attachment":[{"href":"https:\/\/huendt.com\/en\/wp-json\/wp\/v2\/media?parent=2450"}],"wp:term":[{"taxonomy":"product_brand","embeddable":true,"href":"https:\/\/huendt.com\/en\/wp-json\/wp\/v2\/product_brand?post=2450"},{"taxonomy":"product_cat","embeddable":true,"href":"https:\/\/huendt.com\/en\/wp-json\/wp\/v2\/product_cat?post=2450"},{"taxonomy":"product_tag","embeddable":true,"href":"https:\/\/huendt.com\/en\/wp-json\/wp\/v2\/product_tag?post=2450"}],"curies":[{"name":"wp","href":"https:\/\/api.w.org\/{rel}","templated":true}]}}