{"id":2467,"date":"2025-12-06T13:25:34","date_gmt":"2025-12-06T12:25:34","guid":{"rendered":"https:\/\/huendt.com\/de_de\/?post_type=product&#038;p=2467"},"modified":"2026-02-19T18:24:29","modified_gmt":"2026-02-19T17:24:29","slug":"haekelnadel-mirabelle-chrom","status":"publish","type":"product","link":"https:\/\/huendt.com\/en\/product\/haekelnadel-mirabelle-chrom\/","title":{"rendered":"H\u00e4kelnadel aus Mirabellenholz Chrom"},"content":{"rendered":"<p>H\u00e4kelnadel aus Mirabellenholz.<\/p>\n<p>Mirabelle zeigt eine dichte, feine Struktur und ein warmes, gelblich bis r\u00f6tliches Farbspiel. Es wirkt edel und nat\u00fcrlich.<br \/>\nDas verwendete Holz stammt aus der Region und wird m\u00f6glichst nah am Herkunftsort verarbeitet.<\/p>\n<p>Bestehend aus Griff mit Gewinde und 8 Eins\u00e4tzen.<br \/>\nEins\u00e4tze von Gr\u00f6\u00dfe 3 bis 6.<\/p>\n<p>Die Metallkomponenten in Chrom verleihen dem H\u00e4kelnadel eine elegante und hochwertige Optik.<\/p>\n<p>Die Oberfl\u00e4che ist fein geschliffen und mit einer Carnaubawachs-Lein\u00f6lmischung behandelt, was f\u00fcr eine angenehme Haptik und hohe Langlebigkeit sorgt.<\/p>\n<p>Handarbeit aus der Manufaktur.<\/p>\n<p style=\"font-size:0;height:0;overflow:hidden;margin:0\"><a href=\"\/en\/produkt-kategorie\/h\u00e4kelnadel\/\">Mehr Produkte<\/a><\/p>","protected":false},"excerpt":{"rendered":"<p>H\u00e4kelnadel aus Mirabelle. Metallkomponenten in Chrom f\u00fcr eine elegante Optik. Handgedrechselt und hochwertig verarbeitet.<\/p>","protected":false},"featured_media":2514,"comment_status":"closed","ping_status":"closed","template":"","meta":{"neve_meta_sidebar":"","neve_meta_container":"","neve_meta_enable_content_width":"off","neve_meta_content_width":100,"neve_meta_title_alignment":"","neve_meta_author_avatar":"","neve_post_elements_order":"","neve_meta_disable_header":"","neve_meta_disable_footer":"","neve_meta_disable_title":"","_themeisle_gutenberg_block_has_review":false,"GTIN":"","GTIN, UPC, EAN oder ISBN":"","MPN":"","Material":"","material":"","Farbe":"","color":"","manufacturer":"","hersteller":"","FB_PK":"","GO_PK":"","_rank_math_title":"H\u00e4kelnadel Mirabellenholz Chrom","_rank_math_description":"H\u00e4kelnadel aus Mirabellenholz. Mirabelle zeigt eine dichte, feine Struktur und ein warmes, gelblich bis r\u00f6tliches Farbspiel. Es wirkt edel und nat\u00fcrlich. Das verwendete Holz stammt aus der Region und wird m\u00f6glichst nah am Herkunftsort verarbeitet. Metallkomponenten in Chrom f\u00fcr eine elegante Optik. Mit Carnaubawachs...","_rank_math_focus_keyword":"","_rank_math_facebook_title":"H\u00e4kelnadel Mirabellenholz Chrom","_rank_math_facebook_description":"H\u00e4kelnadel aus Mirabellenholz. Mirabelle zeigt eine dichte, feine Struktur und ein warmes, gelblich bis r\u00f6tliches Farbspiel. Es wirkt edel und nat\u00fcrlich. Das verwendete Holz stammt aus der Region und wird m\u00f6glichst nah am Herkunftsort verarbeitet. Metallkomponenten in Chrom f\u00fcr eine elegante Optik. Mit Carnaubawachs...","_rank_math_twitter_title":"H\u00e4kelnadel Mirabellenholz Chrom","_rank_math_twitter_description":"H\u00e4kelnadel aus Mirabellenholz. Mirabelle zeigt eine dichte, feine Struktur und ein warmes, gelblich bis r\u00f6tliches Farbspiel. Es wirkt edel und nat\u00fcrlich. Das verwendete Holz stammt aus der Region und wird m\u00f6glichst nah am Herkunftsort verarbeitet. Metallkomponenten in Chrom f\u00fcr eine elegante Optik. Mit Carnaubawachs...","_rank_math_canonical_url":"","bullet_point1":"Handgedrechselt aus Mirabelleholz.","bullet_point2":"Set bestehend aus: Bestehend aus Griff mit Gewinde und 8 Eins\u00e4tzen, Eins\u00e4tze von Gr\u00f6\u00dfe 3 bis 6.","bullet_point3":"Metallkomponenten in Chrom \u2013 moderne, hochwertige Optik.","bullet_point4":"Nat\u00fcrliches Carnaubawachs-Lein\u00f6l-Finish \u2013 angenehme Haptik und langlebiger Schutz.","bullet_point5":"Handarbeit aus der Manufaktur."},"product_brand":[675],"product_cat":[416,16],"product_tag":[654,661,106,470,59],"class_list":{"0":"post-2467","1":"product","2":"type-product","3":"status-publish","4":"has-post-thumbnail","6":"product_brand-huendt","7":"product_cat-haekelnadel","8":"product_cat-sonstiges","9":"product_tag-regional","10":"product_tag-haekelnadel","11":"product_tag-chrom","12":"product_tag-huendt","13":"product_tag-mirabelle","15":"first","16":"instock","17":"sold-individually","18":"taxable","19":"shipping-taxable","20":"purchasable","21":"product-type-simple"},"_links":{"self":[{"href":"https:\/\/huendt.com\/en\/wp-json\/wp\/v2\/product\/2467","targetHints":{"allow":["GET"]}}],"collection":[{"href":"https:\/\/huendt.com\/en\/wp-json\/wp\/v2\/product"}],"about":[{"href":"https:\/\/huendt.com\/en\/wp-json\/wp\/v2\/types\/product"}],"replies":[{"embeddable":true,"href":"https:\/\/huendt.com\/en\/wp-json\/wp\/v2\/comments?post=2467"}],"wp:featuredmedia":[{"embeddable":true,"href":"https:\/\/huendt.com\/en\/wp-json\/wp\/v2\/media\/2514"}],"wp:attachment":[{"href":"https:\/\/huendt.com\/en\/wp-json\/wp\/v2\/media?parent=2467"}],"wp:term":[{"taxonomy":"product_brand","embeddable":true,"href":"https:\/\/huendt.com\/en\/wp-json\/wp\/v2\/product_brand?post=2467"},{"taxonomy":"product_cat","embeddable":true,"href":"https:\/\/huendt.com\/en\/wp-json\/wp\/v2\/product_cat?post=2467"},{"taxonomy":"product_tag","embeddable":true,"href":"https:\/\/huendt.com\/en\/wp-json\/wp\/v2\/product_tag?post=2467"}],"curies":[{"name":"wp","href":"https:\/\/api.w.org\/{rel}","templated":true}]}}