{"id":2469,"date":"2025-12-06T13:27:06","date_gmt":"2025-12-06T12:27:06","guid":{"rendered":"https:\/\/huendt.com\/de_de\/?post_type=product&#038;p=2469"},"modified":"2026-01-18T20:44:30","modified_gmt":"2026-01-18T19:44:30","slug":"rasierer-olive-gunmetal","status":"publish","type":"product","link":"https:\/\/huendt.com\/en\/product\/rasierer-olive-gunmetal\/","title":{"rendered":"Rasierer Fusion aus Olivenholz Gunmetal"},"content":{"rendered":"<p>Rasierer Fusion aus Olivenholz.<\/p>\n<p>Olivenholz zeigt ein unverwechselbares, kontrastreiches Maserbild mit warmen, goldbraunen und olivfarbenen T\u00f6nen.<\/p>\n<p>Die Metallkomponenten in Gunmetal verleihen dem rasierer eine elegante und hochwertige Optik.<\/p>\n<p>Die Oberfl\u00e4che ist fein geschliffen und mit einer Carnaubawachs-Lein\u00f6lmischung behandelt, was f\u00fcr eine angenehme Haptik und hohe Langlebigkeit sorgt.<\/p>\n<p>Handarbeit aus der Manufaktur.<\/p>\n<p style=\"font-size:0;height:0;overflow:hidden;margin:0\"><a href=\"\/en\/produkt-kategorie\/rasierer\/\">Mehr Produkte<\/a><\/p>","protected":false},"excerpt":{"rendered":"<p>Rasierer Fusion aus Olive. Metallkomponenten in Gunmetal f\u00fcr eine elegante Optik. Metallkomponenten in Gunmetal. Handgedrechselt und hochwertig verarbeitet.<\/p>","protected":false},"featured_media":2521,"comment_status":"open","ping_status":"closed","template":"","meta":{"neve_meta_sidebar":"","neve_meta_container":"","neve_meta_enable_content_width":"off","neve_meta_content_width":100,"neve_meta_title_alignment":"","neve_meta_author_avatar":"","neve_post_elements_order":"","neve_meta_disable_header":"","neve_meta_disable_footer":"","neve_meta_disable_title":"","_themeisle_gutenberg_block_has_review":false,"GTIN":"","GTIN, UPC, EAN oder ISBN":"","MPN":"","Material":"","material":"","Farbe":"","color":"","manufacturer":"","hersteller":"","FB_PK":"","GO_PK":"","_rank_math_title":"Rasierer Fusion Olivenholz Gunmetal","_rank_math_description":"Rasierer aus Olivenholz. Olivenholz zeigt ein unverwechselbares, kontrastreiches Maserbild mit warmen, goldbraunen und olivfarbenen T\u00f6nen. Metallkomponenten in Gunmetal f\u00fcr eine elegante Optik. Mit Carnaubawachs-Lein\u00f6l-Finish f\u00fcr angenehme Haptik und langlebigen Schutz.","_rank_math_focus_keyword":"","_rank_math_facebook_title":"Rasierer Fusion Olivenholz Gunmetal","_rank_math_facebook_description":"Rasierer aus Olivenholz. Olivenholz zeigt ein unverwechselbares, kontrastreiches Maserbild mit warmen, goldbraunen und olivfarbenen T\u00f6nen. Metallkomponenten in Gunmetal f\u00fcr eine elegante Optik. Mit Carnaubawachs-Lein\u00f6l-Finish f\u00fcr angenehme Haptik und langlebigen Schutz.","_rank_math_twitter_title":"Rasierer Fusion Olivenholz Gunmetal","_rank_math_twitter_description":"Rasierer aus Olivenholz. Olivenholz zeigt ein unverwechselbares, kontrastreiches Maserbild mit warmen, goldbraunen und olivfarbenen T\u00f6nen. Metallkomponenten in Gunmetal f\u00fcr eine elegante Optik. Mit Carnaubawachs-Lein\u00f6l-Finish f\u00fcr angenehme Haptik und langlebigen Schutz.","_rank_math_canonical_url":"","bullet_point1":"Handgedrechselt aus Oliveholz.","bullet_point2":"Variante Fusion \u2013 ergonomisch, ausgewogen und angenehm in der Hand.","bullet_point3":"Metallkomponenten in Gunmetal \u2013 moderne, hochwertige Optik.","bullet_point4":"Nat\u00fcrliches Carnaubawachs-Lein\u00f6l-Finish \u2013 angenehme Haptik und langlebiger Schutz.","bullet_point5":"Handarbeit aus der Manufaktur."},"product_brand":[675],"product_cat":[278],"product_tag":[462,470,58,96,153],"class_list":{"0":"post-2469","1":"product","2":"type-product","3":"status-publish","4":"has-post-thumbnail","6":"product_brand-huendt","7":"product_cat-rasierer","8":"product_tag-fusion","9":"product_tag-huendt","10":"product_tag-olive","11":"product_tag-gunmetal","12":"product_tag-rasierer","14":"first","15":"instock","16":"sold-individually","17":"taxable","18":"shipping-taxable","19":"purchasable","20":"product-type-simple"},"_links":{"self":[{"href":"https:\/\/huendt.com\/en\/wp-json\/wp\/v2\/product\/2469","targetHints":{"allow":["GET"]}}],"collection":[{"href":"https:\/\/huendt.com\/en\/wp-json\/wp\/v2\/product"}],"about":[{"href":"https:\/\/huendt.com\/en\/wp-json\/wp\/v2\/types\/product"}],"replies":[{"embeddable":true,"href":"https:\/\/huendt.com\/en\/wp-json\/wp\/v2\/comments?post=2469"}],"wp:featuredmedia":[{"embeddable":true,"href":"https:\/\/huendt.com\/en\/wp-json\/wp\/v2\/media\/2521"}],"wp:attachment":[{"href":"https:\/\/huendt.com\/en\/wp-json\/wp\/v2\/media?parent=2469"}],"wp:term":[{"taxonomy":"product_brand","embeddable":true,"href":"https:\/\/huendt.com\/en\/wp-json\/wp\/v2\/product_brand?post=2469"},{"taxonomy":"product_cat","embeddable":true,"href":"https:\/\/huendt.com\/en\/wp-json\/wp\/v2\/product_cat?post=2469"},{"taxonomy":"product_tag","embeddable":true,"href":"https:\/\/huendt.com\/en\/wp-json\/wp\/v2\/product_tag?post=2469"}],"curies":[{"name":"wp","href":"https:\/\/api.w.org\/{rel}","templated":true}]}}