{"id":2637,"date":"2026-01-14T23:09:09","date_gmt":"2026-01-14T22:09:09","guid":{"rendered":"https:\/\/huendt.com\/?post_type=product&#038;p=2637"},"modified":"2026-02-15T17:59:44","modified_gmt":"2026-02-15T16:59:44","slug":"drehkugelschreiber-dog-mirabelle-chrom","status":"publish","type":"product","link":"https:\/\/huendt.com\/en\/product\/drehkugelschreiber-dog-mirabelle-chrom\/","title":{"rendered":"Drehkugelschreiber Dog aus Mirabellenholz Chrom"},"content":{"rendered":"<p>Drehkugelschreiber Dog aus Mirabellenholz.<\/p>\n<p>Mirabelle zeigt eine dichte, feine Struktur und ein warmes, gelblich bis r\u00f6tliches Farbspiel. Es wirkt edel und nat\u00fcrlich.<br \/>\nDas verwendete Holz stammt aus der Region und wird m\u00f6glichst nah am Herkunftsort verarbeitet.<\/p>\n<p>Die Metallkomponenten in Chrom verleihen dem Drehkugelschreiber eine elegante und hochwertige Optik. Die Mine schreibt in Schwarz und sorgt f\u00fcr ein sauberes, gleichm\u00e4\u00dfiges Schriftbild.<\/p>\n<p>Die Oberfl\u00e4che ist fein geschliffen und mit einer Carnaubawachs-Lein\u00f6lmischung behandelt, was f\u00fcr eine angenehme Haptik und hohe Langlebigkeit sorgt.<\/p>\n<p>Handarbeit aus der Manufaktur.<\/p>\n<p style=\"font-size:0;height:0;overflow:hidden;margin:0\"><a href=\"\/en\/produkt-kategorie\/drehkugelschreiber\/\">Mehr Produkte<\/a><\/p>","protected":false},"excerpt":{"rendered":"<p>Drehkugelschreiber Dog aus Mirabelle. Metallkomponenten in Chrom f\u00fcr eine elegante Optik. Schreibt in Schwarz. Handgedrechselt und hochwertig verarbeitet.<\/p>","protected":false},"featured_media":2704,"comment_status":"open","ping_status":"closed","template":"","meta":{"neve_meta_sidebar":"","neve_meta_container":"","neve_meta_enable_content_width":"off","neve_meta_content_width":100,"neve_meta_title_alignment":"","neve_meta_author_avatar":"","neve_post_elements_order":"","neve_meta_disable_header":"","neve_meta_disable_footer":"","neve_meta_disable_title":"","_themeisle_gutenberg_block_has_review":false,"GTIN":"","GTIN, UPC, EAN oder ISBN":"","MPN":"","Material":"","material":"","Farbe":"","color":"","manufacturer":"","hersteller":"","FB_PK":"","GO_PK":"","_rank_math_title":"Drehkugelschreiber Dog Mirabellenholz Chrom","_rank_math_description":"Drehkugelschreiber aus Mirabellenholz. Mirabelle zeigt eine dichte, feine Struktur und ein warmes, gelblich bis r\u00f6tliches Farbspiel. Es wirkt edel und nat\u00fcrlich. Das verwendete Holz stammt aus der Region und wird m\u00f6glichst nah am Herkunftsort verarbeitet. Metallkomponenten in Chrom f\u00fcr eine elegante Optik. Mit Carna...","_rank_math_focus_keyword":"","_rank_math_facebook_title":"Drehkugelschreiber Dog Mirabellenholz Chrom","_rank_math_facebook_description":"Drehkugelschreiber aus Mirabellenholz. Mirabelle zeigt eine dichte, feine Struktur und ein warmes, gelblich bis r\u00f6tliches Farbspiel. Es wirkt edel und nat\u00fcrlich. Das verwendete Holz stammt aus der Region und wird m\u00f6glichst nah am Herkunftsort verarbeitet. Metallkomponenten in Chrom f\u00fcr eine elegante Optik. Mit Carna...","_rank_math_twitter_title":"Drehkugelschreiber Dog Mirabellenholz Chrom","_rank_math_twitter_description":"Drehkugelschreiber aus Mirabellenholz. Mirabelle zeigt eine dichte, feine Struktur und ein warmes, gelblich bis r\u00f6tliches Farbspiel. Es wirkt edel und nat\u00fcrlich. Das verwendete Holz stammt aus der Region und wird m\u00f6glichst nah am Herkunftsort verarbeitet. Metallkomponenten in Chrom f\u00fcr eine elegante Optik. Mit Carna...","_rank_math_canonical_url":"","bullet_point1":"Handgedrechselt aus Mirabelleholz.","bullet_point2":"Variante Dog \u2013 ergonomisch, ausgewogen und angenehm in der Hand.","bullet_point3":"Metallkomponenten in Chrom \u2013 moderne, hochwertige Optik.","bullet_point4":"Schreibt in Schwarz \u2013 sauberes, gleichm\u00e4\u00dfiges Schriftbild.","bullet_point5":"Nat\u00fcrliches Carnaubawachs-Lein\u00f6l-Finish \u2013 angenehme Haptik und langlebiger Schutz."},"product_brand":[675],"product_cat":[43],"product_tag":[45,465,59,470,471,106,134,654,211],"class_list":{"0":"post-2637","1":"product","2":"type-product","3":"status-publish","4":"has-post-thumbnail","6":"product_brand-huendt","7":"product_cat-drehkugelschreiber","8":"product_tag-drehkugelschreiber","9":"product_tag-kugelschreiber","10":"product_tag-mirabelle","11":"product_tag-huendt","12":"product_tag-holzkugelschreiber","13":"product_tag-chrom","14":"product_tag-dog","15":"product_tag-regional","16":"product_tag-schreibgeraet","18":"first","19":"instock","20":"sold-individually","21":"taxable","22":"shipping-taxable","23":"purchasable","24":"product-type-simple"},"_links":{"self":[{"href":"https:\/\/huendt.com\/en\/wp-json\/wp\/v2\/product\/2637","targetHints":{"allow":["GET"]}}],"collection":[{"href":"https:\/\/huendt.com\/en\/wp-json\/wp\/v2\/product"}],"about":[{"href":"https:\/\/huendt.com\/en\/wp-json\/wp\/v2\/types\/product"}],"replies":[{"embeddable":true,"href":"https:\/\/huendt.com\/en\/wp-json\/wp\/v2\/comments?post=2637"}],"wp:featuredmedia":[{"embeddable":true,"href":"https:\/\/huendt.com\/en\/wp-json\/wp\/v2\/media\/2704"}],"wp:attachment":[{"href":"https:\/\/huendt.com\/en\/wp-json\/wp\/v2\/media?parent=2637"}],"wp:term":[{"taxonomy":"product_brand","embeddable":true,"href":"https:\/\/huendt.com\/en\/wp-json\/wp\/v2\/product_brand?post=2637"},{"taxonomy":"product_cat","embeddable":true,"href":"https:\/\/huendt.com\/en\/wp-json\/wp\/v2\/product_cat?post=2637"},{"taxonomy":"product_tag","embeddable":true,"href":"https:\/\/huendt.com\/en\/wp-json\/wp\/v2\/product_tag?post=2637"}],"curies":[{"name":"wp","href":"https:\/\/api.w.org\/{rel}","templated":true}]}}