{"id":2643,"date":"2026-01-14T23:09:08","date_gmt":"2026-01-14T22:09:08","guid":{"rendered":"https:\/\/huendt.com\/?post_type=product&#038;p=2643"},"modified":"2026-02-15T16:39:50","modified_gmt":"2026-02-15T15:39:50","slug":"fallminenbleistift-wacholder-2","status":"publish","type":"product","link":"https:\/\/huendt.com\/en\/product\/fallminenbleistift-wacholder-2\/","title":{"rendered":"Fallminenbleistift aus Wacholderholz Chrom 3 mm"},"content":{"rendered":"<p>Fallminenbleistift aus Wacholderholz.<\/p>\n<p>Wacholder zeigt einen hellen Splint und einen deutlich dunkleren Kern. Das ergibt eine sehr charakteristische, dekorative Optik.<\/p>\n<p>Die Metallkomponenten in Chrom verleihen dem Fallminenbleistift eine elegante und hochwertige Optik.<\/p>\n<p>Die Oberfl\u00e4che ist fein geschliffen und mit einer Carnaubawachs-Lein\u00f6lmischung behandelt, was f\u00fcr eine angenehme Haptik und hohe Langlebigkeit sorgt.<\/p>\n<p>Handarbeit aus der Manufaktur.<\/p>\n<p style=\"font-size:0;height:0;overflow:hidden;margin:0\"><a href=\"\/en\/produkt-kategorie\/fallminenbleistift\/\">Mehr Produkte<\/a><\/p>","protected":false},"excerpt":{"rendered":"<p>Fallminenbleistift aus Wacholder. Metallkomponenten in Chrom f\u00fcr eine elegante Optik. Geeignet f\u00fcr 3 mm. Handgedrechselt und hochwertig verarbeitet.<\/p>","protected":false},"featured_media":2716,"comment_status":"open","ping_status":"closed","template":"","meta":{"neve_meta_sidebar":"","neve_meta_container":"","neve_meta_enable_content_width":"off","neve_meta_content_width":100,"neve_meta_title_alignment":"","neve_meta_author_avatar":"","neve_post_elements_order":"","neve_meta_disable_header":"","neve_meta_disable_footer":"","neve_meta_disable_title":"","_themeisle_gutenberg_block_has_review":false,"GTIN":"","GTIN, UPC, EAN oder ISBN":"","MPN":"","Material":"","material":"","Farbe":"","color":"","manufacturer":"","hersteller":"","FB_PK":"","GO_PK":"","_rank_math_title":"Fallminenbleistift Wacholderholz Chrom \u2013 3 mm","_rank_math_description":"Fallminenbleistift aus Wacholderholz. Wacholder zeigt einen hellen Splint und einen deutlich dunkleren Kern. Das ergibt eine sehr charakteristische, dekorative Optik. Metallkomponenten in Chrom f\u00fcr eine elegante Optik. Mit Carnaubawachs-Lein\u00f6l-Finish f\u00fcr angenehme Haptik und langlebigen Schutz.","_rank_math_focus_keyword":"","_rank_math_facebook_title":"Fallminenbleistift Wacholderholz Chrom \u2013 3 mm","_rank_math_facebook_description":"Fallminenbleistift aus Wacholderholz. Wacholder zeigt einen hellen Splint und einen deutlich dunkleren Kern. Das ergibt eine sehr charakteristische, dekorative Optik. Metallkomponenten in Chrom f\u00fcr eine elegante Optik. Mit Carnaubawachs-Lein\u00f6l-Finish f\u00fcr angenehme Haptik und langlebigen Schutz.","_rank_math_twitter_title":"Fallminenbleistift Wacholderholz Chrom \u2013 3 mm","_rank_math_twitter_description":"Fallminenbleistift aus Wacholderholz. Wacholder zeigt einen hellen Splint und einen deutlich dunkleren Kern. Das ergibt eine sehr charakteristische, dekorative Optik. Metallkomponenten in Chrom f\u00fcr eine elegante Optik. Mit Carnaubawachs-Lein\u00f6l-Finish f\u00fcr angenehme Haptik und langlebigen Schutz.","_rank_math_canonical_url":"","bullet_point1":"Handgedrechselt aus Wacholderholz.","bullet_point2":"Metallkomponenten in Chrom \u2013 moderne, hochwertige Optik.","bullet_point3":"Nat\u00fcrliches Carnaubawachs-Lein\u00f6l-Finish \u2013 angenehme Haptik und langlebiger Schutz.","bullet_point4":"Handarbeit aus der Manufaktur.","bullet_point5":""},"product_brand":[675],"product_cat":[52],"product_tag":[55,57,106,368,470],"class_list":{"0":"post-2643","1":"product","2":"type-product","3":"status-publish","4":"has-post-thumbnail","6":"product_brand-huendt","7":"product_cat-fallminenbleistift","8":"product_tag-fallminenbleistift","9":"product_tag-bleistift","10":"product_tag-chrom","11":"product_tag-wacholder","12":"product_tag-huendt","14":"first","15":"instock","16":"taxable","17":"shipping-taxable","18":"purchasable","19":"product-type-simple"},"_links":{"self":[{"href":"https:\/\/huendt.com\/en\/wp-json\/wp\/v2\/product\/2643","targetHints":{"allow":["GET"]}}],"collection":[{"href":"https:\/\/huendt.com\/en\/wp-json\/wp\/v2\/product"}],"about":[{"href":"https:\/\/huendt.com\/en\/wp-json\/wp\/v2\/types\/product"}],"replies":[{"embeddable":true,"href":"https:\/\/huendt.com\/en\/wp-json\/wp\/v2\/comments?post=2643"}],"wp:featuredmedia":[{"embeddable":true,"href":"https:\/\/huendt.com\/en\/wp-json\/wp\/v2\/media\/2716"}],"wp:attachment":[{"href":"https:\/\/huendt.com\/en\/wp-json\/wp\/v2\/media?parent=2643"}],"wp:term":[{"taxonomy":"product_brand","embeddable":true,"href":"https:\/\/huendt.com\/en\/wp-json\/wp\/v2\/product_brand?post=2643"},{"taxonomy":"product_cat","embeddable":true,"href":"https:\/\/huendt.com\/en\/wp-json\/wp\/v2\/product_cat?post=2643"},{"taxonomy":"product_tag","embeddable":true,"href":"https:\/\/huendt.com\/en\/wp-json\/wp\/v2\/product_tag?post=2643"}],"curies":[{"name":"wp","href":"https:\/\/api.w.org\/{rel}","templated":true}]}}