{"id":2655,"date":"2026-01-14T23:09:07","date_gmt":"2026-01-14T22:09:07","guid":{"rendered":"https:\/\/huendt.com\/?post_type=product&#038;p=2655"},"modified":"2026-01-22T22:54:56","modified_gmt":"2026-01-22T21:54:56","slug":"kreidehalter-mirabelle-chrom-2","status":"publish","type":"product","link":"https:\/\/huendt.com\/en\/product\/kreidehalter-mirabelle-chrom-2\/","title":{"rendered":"Kreidehalter aus Mirabellenholz Chrom 10 mm"},"content":{"rendered":"<p>Kreidehalter aus Mirabellenholz.<\/p>\n<p>Mirabelle zeigt eine dichte, feine Struktur und ein warmes, gelblich bis r\u00f6tliches Farbspiel. Es wirkt edel und nat\u00fcrlich.<br \/>\nDas verwendete Holz stammt aus der Region und wird m\u00f6glichst nah am Herkunftsort verarbeitet.<\/p>\n<p>Geeignet f\u00fcr Kreiden mit einem Durchmesser von 10 mm.<\/p>\n<p>Die Metallkomponenten in Chrom verleihen dem Kreidehalter eine elegante und hochwertige Optik.<\/p>\n<p>Die Oberfl\u00e4che ist fein geschliffen und mit einer Carnaubawachs-Lein\u00f6lmischung behandelt, was f\u00fcr eine angenehme Haptik und hohe Langlebigkeit sorgt.<\/p>\n<p>Handarbeit aus der Manufaktur.<\/p>\n<p style=\"font-size: 0; height: 0; overflow: hidden; margin: 0;\"><a href=\"\/en\/produkt-kategorie\/kreidehalter\/\">Mehr Produkte<\/a><\/p>","protected":false},"excerpt":{"rendered":"<p>Kreidehalter aus Mirabelle. Metallkomponenten in Chrom f\u00fcr eine elegante Optik. Geeignet f\u00fcr 10 mm. Handgedrechselt und hochwertig verarbeitet.<\/p>","protected":false},"featured_media":2732,"comment_status":"open","ping_status":"closed","template":"","meta":{"neve_meta_sidebar":"","neve_meta_container":"","neve_meta_enable_content_width":"","neve_meta_content_width":0,"neve_meta_title_alignment":"","neve_meta_author_avatar":"","neve_post_elements_order":"","neve_meta_disable_header":"","neve_meta_disable_footer":"","neve_meta_disable_title":"","_themeisle_gutenberg_block_has_review":false,"GTIN":"","GTIN, UPC, EAN oder ISBN":"","MPN":"","Material":"","material":"","Farbe":"","color":"","manufacturer":"","hersteller":"","FB_PK":"","GO_PK":"","_rank_math_title":"Kreidehalter Mirabellenholz Chrom \u2013 10 mm","_rank_math_description":"Kreidehalter aus Mirabellenholz. Mirabelle zeigt eine dichte, feine Struktur und ein warmes, gelblich bis r\u00f6tliches Farbspiel. Es wirkt edel und nat\u00fcrlich. Das verwendete Holz stammt aus der Region und wird m\u00f6glichst nah am Herkunftsort verarbeitet. Metallkomponenten in Chrom f\u00fcr eine elegante Optik. Mit Carnaubawac...","_rank_math_focus_keyword":"","_rank_math_facebook_title":"Kreidehalter Mirabellenholz Chrom \u2013 10 mm","_rank_math_facebook_description":"Kreidehalter aus Mirabellenholz. Mirabelle zeigt eine dichte, feine Struktur und ein warmes, gelblich bis r\u00f6tliches Farbspiel. Es wirkt edel und nat\u00fcrlich. Das verwendete Holz stammt aus der Region und wird m\u00f6glichst nah am Herkunftsort verarbeitet. Metallkomponenten in Chrom f\u00fcr eine elegante Optik. Mit Carnaubawac...","_rank_math_twitter_title":"Kreidehalter Mirabellenholz Chrom \u2013 10 mm","_rank_math_twitter_description":"Kreidehalter aus Mirabellenholz. Mirabelle zeigt eine dichte, feine Struktur und ein warmes, gelblich bis r\u00f6tliches Farbspiel. Es wirkt edel und nat\u00fcrlich. Das verwendete Holz stammt aus der Region und wird m\u00f6glichst nah am Herkunftsort verarbeitet. Metallkomponenten in Chrom f\u00fcr eine elegante Optik. Mit Carnaubawac...","_rank_math_canonical_url":"","bullet_point1":"Handgedrechselt aus Mirabelleholz.","bullet_point2":"Metallkomponenten in Chrom \u2013 moderne, hochwertige Optik.","bullet_point3":"Passend f\u00fcr Kreiden mit 10 mm mm Durchmesser.","bullet_point4":"Nat\u00fcrliches Carnaubawachs-Lein\u00f6l-Finish \u2013 angenehme Haptik und langlebiger Schutz.","bullet_point5":"Handarbeit aus der Manufaktur."},"product_brand":[675],"product_cat":[311],"product_tag":[106,654,306,470,59],"class_list":{"0":"post-2655","1":"product","2":"type-product","3":"status-publish","4":"has-post-thumbnail","6":"product_brand-huendt","7":"product_cat-kreidehalter","8":"product_tag-chrom","9":"product_tag-regional","10":"product_tag-kreidehalter","11":"product_tag-huendt","12":"product_tag-mirabelle","14":"first","15":"instock","16":"taxable","17":"shipping-taxable","18":"purchasable","19":"product-type-simple"},"_links":{"self":[{"href":"https:\/\/huendt.com\/en\/wp-json\/wp\/v2\/product\/2655","targetHints":{"allow":["GET"]}}],"collection":[{"href":"https:\/\/huendt.com\/en\/wp-json\/wp\/v2\/product"}],"about":[{"href":"https:\/\/huendt.com\/en\/wp-json\/wp\/v2\/types\/product"}],"replies":[{"embeddable":true,"href":"https:\/\/huendt.com\/en\/wp-json\/wp\/v2\/comments?post=2655"}],"wp:featuredmedia":[{"embeddable":true,"href":"https:\/\/huendt.com\/en\/wp-json\/wp\/v2\/media\/2732"}],"wp:attachment":[{"href":"https:\/\/huendt.com\/en\/wp-json\/wp\/v2\/media?parent=2655"}],"wp:term":[{"taxonomy":"product_brand","embeddable":true,"href":"https:\/\/huendt.com\/en\/wp-json\/wp\/v2\/product_brand?post=2655"},{"taxonomy":"product_cat","embeddable":true,"href":"https:\/\/huendt.com\/en\/wp-json\/wp\/v2\/product_cat?post=2655"},{"taxonomy":"product_tag","embeddable":true,"href":"https:\/\/huendt.com\/en\/wp-json\/wp\/v2\/product_tag?post=2655"}],"curies":[{"name":"wp","href":"https:\/\/api.w.org\/{rel}","templated":true}]}}