{"id":2762,"date":"2026-02-03T21:59:04","date_gmt":"2026-02-03T20:59:04","guid":{"rendered":"https:\/\/huendt.com\/de_de\/?post_type=product&#038;p=2762"},"modified":"2026-02-08T22:01:43","modified_gmt":"2026-02-08T21:01:43","slug":"gewuerzmuehle-zwetschge-300mm-2","status":"publish","type":"product","link":"https:\/\/huendt.com\/en\/product\/gewuerzmuehle-zwetschge-300mm-2\/","title":{"rendered":"Gew\u00fcrzm\u00fchle aus Zwetschgenholz"},"content":{"rendered":"<p>Gew\u00fcrzm\u00fchle aus Zwetschgenholz.<\/p>\n<p>Zwetschge zeigt ein intensives Farbspiel von r\u00f6tlich bis violettbraun, oft mit dunklen Adern. Es wirkt sehr hochwertig.<br \/>\nDas verwendete Holz stammt aus der Region und wird m\u00f6glichst nah am Herkunftsort verarbeitet.<\/p>\n<p>Die Oberfl\u00e4che ist fein geschliffen und mit einer Carnaubawachs-Lein\u00f6lmischung behandelt, was f\u00fcr eine angenehme Haptik und hohe Langlebigkeit sorgt.<\/p>\n<p>Handarbeit aus der Manufaktur.<\/p>\n<p style=\"font-size:0;height:0;overflow:hidden;margin:0\"><a href=\"\/en\/produkt-kategorie\/gew\u00fcrzm\u00fchle\/\">Mehr Produkte<\/a><\/p>","protected":false},"excerpt":{"rendered":"<p>Gew\u00fcrzm\u00fchle aus Zwetschge. Handgedrechselt und hochwertig verarbeitet.<\/p>","protected":false},"featured_media":2766,"comment_status":"open","ping_status":"closed","template":"","meta":{"neve_meta_sidebar":"","neve_meta_container":"","neve_meta_enable_content_width":"","neve_meta_content_width":0,"neve_meta_title_alignment":"","neve_meta_author_avatar":"","neve_post_elements_order":"","neve_meta_disable_header":"","neve_meta_disable_footer":"","neve_meta_disable_title":"","_themeisle_gutenberg_block_has_review":false,"GTIN":"","GTIN, UPC, EAN oder ISBN":"","MPN":"","Material":"","material":"","Farbe":"","color":"","manufacturer":"","hersteller":"","FB_PK":"","GO_PK":"","_rank_math_title":"Gew\u00fcrzm\u00fchle Zwetschgenholz CrushGrind\u00ae-Mahlwerk","_rank_math_description":"Gew\u00fcrzm\u00fchle aus Zwetschgenholz. Zwetschge zeigt ein intensives Farbspiel von r\u00f6tlich bis violettbraun, oft mit dunklen Adern. Es wirkt sehr hochwertig. Das verwendete Holz stammt aus der Region und wird m\u00f6glichst nah am Herkunftsort verarbeitet. Ausgestattet mit einem hochwertigen CrushGrind\u00ae-Mahlwerk f\u00fcr maximale L...\n\nAusgestattet mit einem hochwertigen CrushGrind\u00ae-Mahlwerk f\u00fcr maximale Langlebigkeit und stufenlose Einstellung.","_rank_math_focus_keyword":"","_rank_math_facebook_title":"Gew\u00fcrzm\u00fchle Zwetschgenholz CrushGrind\u00ae-Mahlwerk","_rank_math_facebook_description":"Gew\u00fcrzm\u00fchle aus Zwetschgenholz. Zwetschge zeigt ein intensives Farbspiel von r\u00f6tlich bis violettbraun, oft mit dunklen Adern. Es wirkt sehr hochwertig. Das verwendete Holz stammt aus der Region und wird m\u00f6glichst nah am Herkunftsort verarbeitet. Ausgestattet mit einem hochwertigen CrushGrind\u00ae-Mahlwerk f\u00fcr maximale L...\n\nAusgestattet mit einem hochwertigen CrushGrind\u00ae-Mahlwerk f\u00fcr maximale Langlebigkeit und stufenlose Einstellung.","_rank_math_twitter_title":"Gew\u00fcrzm\u00fchle Zwetschgenholz CrushGrind\u00ae-Mahlwerk","_rank_math_twitter_description":"Gew\u00fcrzm\u00fchle aus Zwetschgenholz. Zwetschge zeigt ein intensives Farbspiel von r\u00f6tlich bis violettbraun, oft mit dunklen Adern. Es wirkt sehr hochwertig. Das verwendete Holz stammt aus der Region und wird m\u00f6glichst nah am Herkunftsort verarbeitet. Ausgestattet mit einem hochwertigen CrushGrind\u00ae-Mahlwerk f\u00fcr maximale L...\n\nAusgestattet mit einem hochwertigen CrushGrind\u00ae-Mahlwerk f\u00fcr maximale Langlebigkeit und stufenlose Einstellung.","_rank_math_canonical_url":"","bullet_point1":"Handgedrechselt aus Zwetschgeholz.","bullet_point2":"CrushGrind\u00ae-Mahlwerk \u2013 langlebig, korrosionsfrei und stufenlos einstellbar.","bullet_point3":"Hochwertiges Keramikmahlwerk \u2013 langlebig und pr\u00e4zise.","bullet_point4":"CrushGrind\u00ae-Mahlwerk \u2013 langlebig und stufenlos einstellbar.","bullet_point5":"Handarbeit aus der Manufaktur."},"product_brand":[],"product_cat":[399],"product_tag":[654,432,46,469,196,470,197,505,198,506,200,507,201,508,509],"class_list":{"0":"post-2762","1":"product","2":"type-product","3":"status-publish","4":"has-post-thumbnail","6":"product_cat--300mm","7":"product_tag-regional","8":"product_tag-zwetschge","9":"product_tag-holz","10":"product_tag-metall","11":"product_tag-gewuerzmuehle","12":"product_tag-huendt","13":"product_tag-pfeffermuehle","14":"product_tag-geschenk","15":"product_tag-salzmuehle","16":"product_tag-kueche","17":"product_tag-crushgrind","18":"product_tag-kuechenmuehle","19":"product_tag-keramikmahlwerk","20":"product_tag-muehle","21":"product_tag-tischaccessoire","23":"first","24":"instock","25":"sold-individually","26":"taxable","27":"shipping-taxable","28":"purchasable","29":"product-type-simple"},"_links":{"self":[{"href":"https:\/\/huendt.com\/en\/wp-json\/wp\/v2\/product\/2762","targetHints":{"allow":["GET"]}}],"collection":[{"href":"https:\/\/huendt.com\/en\/wp-json\/wp\/v2\/product"}],"about":[{"href":"https:\/\/huendt.com\/en\/wp-json\/wp\/v2\/types\/product"}],"replies":[{"embeddable":true,"href":"https:\/\/huendt.com\/en\/wp-json\/wp\/v2\/comments?post=2762"}],"wp:featuredmedia":[{"embeddable":true,"href":"https:\/\/huendt.com\/en\/wp-json\/wp\/v2\/media\/2766"}],"wp:attachment":[{"href":"https:\/\/huendt.com\/en\/wp-json\/wp\/v2\/media?parent=2762"}],"wp:term":[{"taxonomy":"product_brand","embeddable":true,"href":"https:\/\/huendt.com\/en\/wp-json\/wp\/v2\/product_brand?post=2762"},{"taxonomy":"product_cat","embeddable":true,"href":"https:\/\/huendt.com\/en\/wp-json\/wp\/v2\/product_cat?post=2762"},{"taxonomy":"product_tag","embeddable":true,"href":"https:\/\/huendt.com\/en\/wp-json\/wp\/v2\/product_tag?post=2762"}],"curies":[{"name":"wp","href":"https:\/\/api.w.org\/{rel}","templated":true}]}}