{"id":496,"date":"2024-04-19T20:35:24","date_gmt":"2024-04-19T18:35:24","guid":{"rendered":"https:\/\/huendt.com\/product\/fallminenbleistift-56mm-psi-ahorn-gestockt\/"},"modified":"2026-02-15T16:44:36","modified_gmt":"2026-02-15T15:44:36","slug":"fallminenbleistift-psi-sketch-ahorn-2","status":"publish","type":"product","link":"https:\/\/huendt.com\/en\/product\/fallminenbleistift-psi-sketch-ahorn-2\/","title":{"rendered":"Fallminenbleistift PSI Sketch aus gestocktem Ahornholz Chrom 5.6 mm"},"content":{"rendered":"<p>Fallminenbleistift PSI Sketch aus Ahornholz.<\/p>\n<p>Ahorn ist ein helles, feinporiges Holz mit ruhiger Maserung. Es wirkt modern und zur\u00fcckhaltend und eignet sich ideal f\u00fcr klare, puristische Designs.<\/p>\n<p>Die Metallkomponenten in Chrom verleihen dem Fallminenbleistift eine elegante und hochwertige Optik.<\/p>\n<p>Die Oberfl\u00e4che ist fein geschliffen und mit einer Carnaubawachs-Lein\u00f6lmischung behandelt, was f\u00fcr eine angenehme Haptik und hohe Langlebigkeit sorgt.<\/p>\n<p>Handarbeit aus der Manufaktur.<\/p>\n<p style=\"font-size:0;height:0;overflow:hidden;margin:0\"><a href=\"\/en\/produkt-kategorie\/fallminenbleistift\/\">Mehr Produkte<\/a><\/p>","protected":false},"excerpt":{"rendered":"<p>Fallminenbleistift PSI Sketch aus Ahorn. Metallkomponenten in Chrom f\u00fcr eine elegante Optik. Geeignet f\u00fcr 5.6 mm. Handgedrechselt und hochwertig verarbeitet.<\/p>","protected":false},"featured_media":504,"comment_status":"open","ping_status":"closed","template":"","meta":{"neve_meta_sidebar":"","neve_meta_container":"","neve_meta_enable_content_width":"off","neve_meta_content_width":100,"neve_meta_title_alignment":"","neve_meta_author_avatar":"","neve_post_elements_order":"","neve_meta_disable_header":"","neve_meta_disable_footer":"","neve_meta_disable_title":"","_themeisle_gutenberg_block_has_review":false,"GTIN":"","GTIN, UPC, EAN oder ISBN":"","MPN":"","Material":"","material":"","Farbe":"","color":"","manufacturer":"","hersteller":"","FB_PK":"","GO_PK":"","_rank_math_title":"Fallminenbleistift PSI Sketch Ahornholz Chrom \u2013 5.6 mm","_rank_math_description":"Fallminenbleistift aus Ahornholz. Ahorn ist ein helles, feinporiges Holz mit ruhiger Maserung. Es wirkt modern und zur\u00fcckhaltend und eignet sich ideal f\u00fcr klare, puristische Designs. Metallkomponenten in Chrom f\u00fcr eine elegante Optik. Mit Carnaubawachs-Lein\u00f6l-Finish f\u00fcr angenehme Haptik und langlebigen Schutz.","_rank_math_focus_keyword":"","_rank_math_facebook_title":"Fallminenbleistift PSI Sketch Ahornholz Chrom \u2013 5.6 mm","_rank_math_facebook_description":"Fallminenbleistift aus Ahornholz. Ahorn ist ein helles, feinporiges Holz mit ruhiger Maserung. Es wirkt modern und zur\u00fcckhaltend und eignet sich ideal f\u00fcr klare, puristische Designs. Metallkomponenten in Chrom f\u00fcr eine elegante Optik. Mit Carnaubawachs-Lein\u00f6l-Finish f\u00fcr angenehme Haptik und langlebigen Schutz.","_rank_math_twitter_title":"Fallminenbleistift PSI Sketch Ahornholz Chrom \u2013 5.6 mm","_rank_math_twitter_description":"Fallminenbleistift aus Ahornholz. Ahorn ist ein helles, feinporiges Holz mit ruhiger Maserung. Es wirkt modern und zur\u00fcckhaltend und eignet sich ideal f\u00fcr klare, puristische Designs. Metallkomponenten in Chrom f\u00fcr eine elegante Optik. Mit Carnaubawachs-Lein\u00f6l-Finish f\u00fcr angenehme Haptik und langlebigen Schutz.","_rank_math_canonical_url":"","bullet_point1":"Handgedrechselt aus Ahornholz.","bullet_point2":"Variante PSI Sketch \u2013 ergonomisch, ausgewogen und angenehm in der Hand.","bullet_point3":"Metallkomponenten in Chrom \u2013 moderne, hochwertige Optik.","bullet_point4":"Nat\u00fcrliches Carnaubawachs-Lein\u00f6l-Finish \u2013 angenehme Haptik und langlebiger Schutz.","bullet_point5":"Handarbeit aus der Manufaktur."},"product_brand":[675],"product_cat":[52,77],"product_tag":[44,46,106,55,57,391,470,480],"class_list":{"0":"post-496","1":"product","2":"type-product","3":"status-publish","4":"has-post-thumbnail","6":"product_brand-huendt","7":"product_cat-fallminenbleistift","8":"product_cat-5-6mm","9":"product_tag-ahorn","10":"product_tag-holz","11":"product_tag-chrom","12":"product_tag-fallminenbleistift","13":"product_tag-bleistift","14":"product_tag-gestockt","15":"product_tag-huendt","16":"product_tag-psi-sketch","17":"product_shipping_class-warensendung","19":"first","20":"instock","21":"sold-individually","22":"taxable","23":"shipping-taxable","24":"purchasable","25":"product-type-simple"},"_links":{"self":[{"href":"https:\/\/huendt.com\/en\/wp-json\/wp\/v2\/product\/496","targetHints":{"allow":["GET"]}}],"collection":[{"href":"https:\/\/huendt.com\/en\/wp-json\/wp\/v2\/product"}],"about":[{"href":"https:\/\/huendt.com\/en\/wp-json\/wp\/v2\/types\/product"}],"replies":[{"embeddable":true,"href":"https:\/\/huendt.com\/en\/wp-json\/wp\/v2\/comments?post=496"}],"wp:featuredmedia":[{"embeddable":true,"href":"https:\/\/huendt.com\/en\/wp-json\/wp\/v2\/media\/504"}],"wp:attachment":[{"href":"https:\/\/huendt.com\/en\/wp-json\/wp\/v2\/media?parent=496"}],"wp:term":[{"taxonomy":"product_brand","embeddable":true,"href":"https:\/\/huendt.com\/en\/wp-json\/wp\/v2\/product_brand?post=496"},{"taxonomy":"product_cat","embeddable":true,"href":"https:\/\/huendt.com\/en\/wp-json\/wp\/v2\/product_cat?post=496"},{"taxonomy":"product_tag","embeddable":true,"href":"https:\/\/huendt.com\/en\/wp-json\/wp\/v2\/product_tag?post=496"}],"curies":[{"name":"wp","href":"https:\/\/api.w.org\/{rel}","templated":true}]}}