{"id":639,"date":"2024-04-21T22:23:07","date_gmt":"2024-04-21T20:23:07","guid":{"rendered":"https:\/\/huendt.com\/?post_type=product&#038;p=639"},"modified":"2026-01-18T21:02:11","modified_gmt":"2026-01-18T20:02:11","slug":"schluesselanhaenger-esche","status":"publish","type":"product","link":"https:\/\/huendt.com\/en\/product\/schluesselanhaenger-esche\/","title":{"rendered":"Schl\u00fcsselanh\u00e4nger Flaschen\u00f6ffner aus Eschenholz Gold"},"content":{"rendered":"<p>Schl\u00fcsselanh\u00e4nger Flaschen\u00f6ffner aus Eschenholz.<\/p>\n<p>Eschenholz zeigt eine helle Grundfarbe und eine deutlich sichtbare, oft schwungvolle Maserung. Es wirkt sportlich-dynamisch und sehr lebendig.<\/p>\n<p>Die Metallkomponenten in Gold verleihen dem schl\u00fcsselanh\u00e4nger eine elegante und hochwertige Optik.<\/p>\n<p>Die Oberfl\u00e4che ist fein geschliffen und mit einer Carnaubawachs-Lein\u00f6lmischung behandelt, was f\u00fcr eine angenehme Haptik und hohe Langlebigkeit sorgt.<\/p>\n<p>Handarbeit aus der Manufaktur.<\/p>\n<p style=\"font-size:0;height:0;overflow:hidden;margin:0\"><a href=\"\/en\/produkt-kategorie\/schl\u00fcsselanh\u00e4nger\/\">Mehr Produkte<\/a><\/p>","protected":false},"excerpt":{"rendered":"<p>Schl\u00fcsselanh\u00e4nger Flaschen\u00f6ffner aus Esche. Metallkomponenten in Gold f\u00fcr eine elegante Optik. Metallkomponenten in Gold. Handgedrechselt und hochwertig verarbeitet.<\/p>","protected":false},"featured_media":642,"comment_status":"open","ping_status":"closed","template":"","meta":{"neve_meta_sidebar":"","neve_meta_container":"","neve_meta_enable_content_width":"off","neve_meta_content_width":100,"neve_meta_title_alignment":"","neve_meta_author_avatar":"","neve_post_elements_order":"","neve_meta_disable_header":"","neve_meta_disable_footer":"","neve_meta_disable_title":"","_themeisle_gutenberg_block_has_review":false,"GTIN":"","GTIN, UPC, EAN oder ISBN":"","MPN":"","Material":"","material":"","Farbe":"","color":"","manufacturer":"","hersteller":"","FB_PK":"","GO_PK":"","_rank_math_title":"Schl\u00fcsselanh\u00e4nger Flaschen\u00f6ffner Eschenholz Gold","_rank_math_description":"Schl\u00fcsselanh\u00e4nger aus Eschenholz. Eschenholz zeigt eine helle Grundfarbe und eine deutlich sichtbare, oft schwungvolle Maserung. Es wirkt sportlich-dynamisch und sehr lebendig. Metallkomponenten in Gold f\u00fcr eine elegante Optik. Mit Carnaubawachs-Lein\u00f6l-Finish f\u00fcr angenehme Haptik und langlebigen Schutz.","_rank_math_focus_keyword":"","_rank_math_facebook_title":"Schl\u00fcsselanh\u00e4nger Flaschen\u00f6ffner Eschenholz Gold","_rank_math_facebook_description":"Schl\u00fcsselanh\u00e4nger aus Eschenholz. Eschenholz zeigt eine helle Grundfarbe und eine deutlich sichtbare, oft schwungvolle Maserung. Es wirkt sportlich-dynamisch und sehr lebendig. Metallkomponenten in Gold f\u00fcr eine elegante Optik. Mit Carnaubawachs-Lein\u00f6l-Finish f\u00fcr angenehme Haptik und langlebigen Schutz.","_rank_math_twitter_title":"Schl\u00fcsselanh\u00e4nger Flaschen\u00f6ffner Eschenholz Gold","_rank_math_twitter_description":"Schl\u00fcsselanh\u00e4nger aus Eschenholz. Eschenholz zeigt eine helle Grundfarbe und eine deutlich sichtbare, oft schwungvolle Maserung. Es wirkt sportlich-dynamisch und sehr lebendig. Metallkomponenten in Gold f\u00fcr eine elegante Optik. Mit Carnaubawachs-Lein\u00f6l-Finish f\u00fcr angenehme Haptik und langlebigen Schutz.","_rank_math_canonical_url":"","bullet_point1":"Handgedrechselt aus Escheholz.","bullet_point2":"Variante Flaschen\u00f6ffner \u2013 ergonomisch, ausgewogen und angenehm in der Hand.","bullet_point3":"Metallkomponenten in Gold \u2013 moderne, hochwertige Optik.","bullet_point4":"Nat\u00fcrliches Carnaubawachs-Lein\u00f6l-Finish \u2013 angenehme Haptik und langlebiger Schutz.","bullet_point5":"Handarbeit aus der Manufaktur."},"product_brand":[675],"product_cat":[140],"product_tag":[148,149,470,104,143],"class_list":{"0":"post-639","1":"product","2":"type-product","3":"status-publish","4":"has-post-thumbnail","6":"product_brand-huendt","7":"product_cat-schluesselanhaenger","8":"product_tag-flaschenoeffner","9":"product_tag-esche","10":"product_tag-huendt","11":"product_tag-gold","12":"product_tag-schluesselanhaenger","13":"product_shipping_class-warensendung","15":"first","16":"instock","17":"sold-individually","18":"taxable","19":"shipping-taxable","20":"purchasable","21":"product-type-simple"},"_links":{"self":[{"href":"https:\/\/huendt.com\/en\/wp-json\/wp\/v2\/product\/639","targetHints":{"allow":["GET"]}}],"collection":[{"href":"https:\/\/huendt.com\/en\/wp-json\/wp\/v2\/product"}],"about":[{"href":"https:\/\/huendt.com\/en\/wp-json\/wp\/v2\/types\/product"}],"replies":[{"embeddable":true,"href":"https:\/\/huendt.com\/en\/wp-json\/wp\/v2\/comments?post=639"}],"wp:featuredmedia":[{"embeddable":true,"href":"https:\/\/huendt.com\/en\/wp-json\/wp\/v2\/media\/642"}],"wp:attachment":[{"href":"https:\/\/huendt.com\/en\/wp-json\/wp\/v2\/media?parent=639"}],"wp:term":[{"taxonomy":"product_brand","embeddable":true,"href":"https:\/\/huendt.com\/en\/wp-json\/wp\/v2\/product_brand?post=639"},{"taxonomy":"product_cat","embeddable":true,"href":"https:\/\/huendt.com\/en\/wp-json\/wp\/v2\/product_cat?post=639"},{"taxonomy":"product_tag","embeddable":true,"href":"https:\/\/huendt.com\/en\/wp-json\/wp\/v2\/product_tag?post=639"}],"curies":[{"name":"wp","href":"https:\/\/api.w.org\/{rel}","templated":true}]}}