{"id":700,"date":"2024-04-24T23:05:11","date_gmt":"2024-04-24T21:05:11","guid":{"rendered":"https:\/\/huendt.com\/?post_type=product&#038;p=700"},"modified":"2026-01-18T20:44:40","modified_gmt":"2026-01-18T19:44:40","slug":"touchstift-olive-gunmetal-2","status":"publish","type":"product","link":"https:\/\/huendt.com\/en\/product\/touchstift-olive-gunmetal-2\/","title":{"rendered":"Touchstift aus Olivenholz Gunmetal"},"content":{"rendered":"<p>Touchstift aus Olivenholz.<\/p>\n<p>Olivenholz zeigt ein unverwechselbares, kontrastreiches Maserbild mit warmen, goldbraunen und olivfarbenen T\u00f6nen.<\/p>\n<p>Die Metallkomponenten in Gunmetal verleihen dem touchstift eine elegante und hochwertige Optik.<\/p>\n<p>Die Oberfl\u00e4che ist fein geschliffen und mit einer Carnaubawachs-Lein\u00f6lmischung behandelt, was f\u00fcr eine angenehme Haptik und hohe Langlebigkeit sorgt.<\/p>\n<p>Handarbeit aus der Manufaktur.<\/p>\n<p style=\"font-size:0;height:0;overflow:hidden;margin:0\"><a href=\"\/en\/produkt-kategorie\/touchstift\/\">Mehr Produkte<\/a><\/p>","protected":false},"excerpt":{"rendered":"<p>Touchstift aus Olive. Metallkomponenten in Gunmetal f\u00fcr eine elegante Optik. Metallkomponenten in Gunmetal. Handgedrechselt und hochwertig verarbeitet.<\/p>","protected":false},"featured_media":704,"comment_status":"open","ping_status":"closed","template":"","meta":{"neve_meta_sidebar":"","neve_meta_container":"","neve_meta_enable_content_width":"off","neve_meta_content_width":100,"neve_meta_title_alignment":"","neve_meta_author_avatar":"","neve_post_elements_order":"","neve_meta_disable_header":"","neve_meta_disable_footer":"","neve_meta_disable_title":"","_themeisle_gutenberg_block_has_review":false,"GTIN":"","GTIN, UPC, EAN oder ISBN":"","MPN":"","Material":"","material":"","Farbe":"","color":"","manufacturer":"","hersteller":"","FB_PK":"","GO_PK":"","_rank_math_title":"Touchstift Olivenholz Gunmetal","_rank_math_description":"Touchstift aus Olivenholz. Olivenholz zeigt ein unverwechselbares, kontrastreiches Maserbild mit warmen, goldbraunen und olivfarbenen T\u00f6nen. Metallkomponenten in Gunmetal f\u00fcr eine elegante Optik. Mit Carnaubawachs-Lein\u00f6l-Finish f\u00fcr angenehme Haptik und langlebigen Schutz.","_rank_math_focus_keyword":"","_rank_math_facebook_title":"Touchstift Olivenholz Gunmetal","_rank_math_facebook_description":"Touchstift aus Olivenholz. Olivenholz zeigt ein unverwechselbares, kontrastreiches Maserbild mit warmen, goldbraunen und olivfarbenen T\u00f6nen. Metallkomponenten in Gunmetal f\u00fcr eine elegante Optik. Mit Carnaubawachs-Lein\u00f6l-Finish f\u00fcr angenehme Haptik und langlebigen Schutz.","_rank_math_twitter_title":"Touchstift Olivenholz Gunmetal","_rank_math_twitter_description":"Touchstift aus Olivenholz. Olivenholz zeigt ein unverwechselbares, kontrastreiches Maserbild mit warmen, goldbraunen und olivfarbenen T\u00f6nen. Metallkomponenten in Gunmetal f\u00fcr eine elegante Optik. Mit Carnaubawachs-Lein\u00f6l-Finish f\u00fcr angenehme Haptik und langlebigen Schutz.","_rank_math_canonical_url":"","bullet_point1":"Handgedrechselt aus Oliveholz.","bullet_point2":"Metallkomponenten in Gunmetal \u2013 moderne, hochwertige Optik.","bullet_point3":"Nat\u00fcrliches Carnaubawachs-Lein\u00f6l-Finish \u2013 angenehme Haptik und langlebiger Schutz.","bullet_point4":"Handarbeit aus der Manufaktur.","bullet_point5":""},"product_brand":[675],"product_cat":[280],"product_tag":[470,547,58,96],"class_list":{"0":"post-700","1":"product","2":"type-product","3":"status-publish","4":"has-post-thumbnail","6":"product_brand-huendt","7":"product_cat-touchstift","8":"product_tag-huendt","9":"product_tag-touchstift","10":"product_tag-olive","11":"product_tag-gunmetal","13":"first","14":"instock","15":"sold-individually","16":"taxable","17":"shipping-taxable","18":"purchasable","19":"product-type-simple"},"_links":{"self":[{"href":"https:\/\/huendt.com\/en\/wp-json\/wp\/v2\/product\/700","targetHints":{"allow":["GET"]}}],"collection":[{"href":"https:\/\/huendt.com\/en\/wp-json\/wp\/v2\/product"}],"about":[{"href":"https:\/\/huendt.com\/en\/wp-json\/wp\/v2\/types\/product"}],"replies":[{"embeddable":true,"href":"https:\/\/huendt.com\/en\/wp-json\/wp\/v2\/comments?post=700"}],"wp:featuredmedia":[{"embeddable":true,"href":"https:\/\/huendt.com\/en\/wp-json\/wp\/v2\/media\/704"}],"wp:attachment":[{"href":"https:\/\/huendt.com\/en\/wp-json\/wp\/v2\/media?parent=700"}],"wp:term":[{"taxonomy":"product_brand","embeddable":true,"href":"https:\/\/huendt.com\/en\/wp-json\/wp\/v2\/product_brand?post=700"},{"taxonomy":"product_cat","embeddable":true,"href":"https:\/\/huendt.com\/en\/wp-json\/wp\/v2\/product_cat?post=700"},{"taxonomy":"product_tag","embeddable":true,"href":"https:\/\/huendt.com\/en\/wp-json\/wp\/v2\/product_tag?post=700"}],"curies":[{"name":"wp","href":"https:\/\/api.w.org\/{rel}","templated":true}]}}