{"id":777,"date":"2024-05-02T22:23:39","date_gmt":"2024-05-02T20:23:39","guid":{"rendered":"https:\/\/huendt.com\/?post_type=product&#038;p=777"},"modified":"2026-01-18T21:03:37","modified_gmt":"2026-01-18T20:03:37","slug":"schale-kirsche-7","status":"publish","type":"product","link":"https:\/\/huendt.com\/en\/product\/schale-kirsche-7\/","title":{"rendered":"Schale aus Kirschholz"},"content":{"rendered":"<p>Schale aus Kirschholz.<\/p>\n<p>Kirschholz zeigt ein edles, warmes Farbspiel von hellr\u00f6tlich bis rotbraun und eine feine, gleichm\u00e4\u00dfige Maserung.<\/p>\n<p>Die Oberfl\u00e4che ist fein geschliffen und mit einer Carnaubawachs-Lein\u00f6lmischung behandelt, was f\u00fcr eine angenehme Haptik und hohe Langlebigkeit sorgt.<\/p>\n<p>Handarbeit aus der Manufaktur.<\/p>\n<p style=\"font-size:0;height:0;overflow:hidden;margin:0\"><a href=\"\/en\/produkt-kategorie\/schale\/\">Mehr Produkte<\/a><\/p>","protected":false},"excerpt":{"rendered":"<p>Schale aus Kirsche. Handgedrechselt und hochwertig verarbeitet.<\/p>","protected":false},"featured_media":779,"comment_status":"open","ping_status":"closed","template":"","meta":{"neve_meta_sidebar":"","neve_meta_container":"","neve_meta_enable_content_width":"off","neve_meta_content_width":100,"neve_meta_title_alignment":"","neve_meta_author_avatar":"","neve_post_elements_order":"","neve_meta_disable_header":"","neve_meta_disable_footer":"","neve_meta_disable_title":"","_themeisle_gutenberg_block_has_review":false,"GTIN":"","GTIN, UPC, EAN oder ISBN":"","MPN":"","Material":"","material":"","Farbe":"","color":"","manufacturer":"","hersteller":"","FB_PK":"","GO_PK":"","_rank_math_title":"Schale Kirschholz","_rank_math_description":"Schale aus Kirsche. Kirschholz zeigt ein edles, warmes Farbspiel von hellr\u00f6tlich bis rotbraun und eine feine, gleichm\u00e4\u00dfige Maserung. Mit Carnaubawachs-Lein\u00f6l-Finish f\u00fcr angenehme Haptik und langlebigen Schutz.","_rank_math_focus_keyword":"","_rank_math_facebook_title":"Schale Kirschholz","_rank_math_facebook_description":"Schale aus Kirsche. Kirschholz zeigt ein edles, warmes Farbspiel von hellr\u00f6tlich bis rotbraun und eine feine, gleichm\u00e4\u00dfige Maserung. Mit Carnaubawachs-Lein\u00f6l-Finish f\u00fcr angenehme Haptik und langlebigen Schutz.","_rank_math_twitter_title":"Schale Kirschholz","_rank_math_twitter_description":"Schale aus Kirsche. Kirschholz zeigt ein edles, warmes Farbspiel von hellr\u00f6tlich bis rotbraun und eine feine, gleichm\u00e4\u00dfige Maserung. Mit Carnaubawachs-Lein\u00f6l-Finish f\u00fcr angenehme Haptik und langlebigen Schutz.","_rank_math_canonical_url":"","bullet_point1":"Handgedrechselt aus Kirscheholz.","bullet_point2":"Nat\u00fcrliches Carnaubawachs-Lein\u00f6l-Finish \u2013 angenehme Haptik und langlebiger Schutz.","bullet_point3":"Handarbeit aus der Manufaktur.","bullet_point4":"","bullet_point5":""},"product_brand":[675],"product_cat":[175],"product_tag":[164,176,470],"class_list":{"0":"post-777","1":"product","2":"type-product","3":"status-publish","4":"has-post-thumbnail","6":"product_brand-huendt","7":"product_cat-schalen","8":"product_tag-kirsche","9":"product_tag-schale","10":"product_tag-huendt","11":"product_shipping_class-standard","13":"first","14":"instock","15":"sold-individually","16":"taxable","17":"shipping-taxable","18":"purchasable","19":"product-type-simple"},"_links":{"self":[{"href":"https:\/\/huendt.com\/en\/wp-json\/wp\/v2\/product\/777","targetHints":{"allow":["GET"]}}],"collection":[{"href":"https:\/\/huendt.com\/en\/wp-json\/wp\/v2\/product"}],"about":[{"href":"https:\/\/huendt.com\/en\/wp-json\/wp\/v2\/types\/product"}],"replies":[{"embeddable":true,"href":"https:\/\/huendt.com\/en\/wp-json\/wp\/v2\/comments?post=777"}],"wp:featuredmedia":[{"embeddable":true,"href":"https:\/\/huendt.com\/en\/wp-json\/wp\/v2\/media\/779"}],"wp:attachment":[{"href":"https:\/\/huendt.com\/en\/wp-json\/wp\/v2\/media?parent=777"}],"wp:term":[{"taxonomy":"product_brand","embeddable":true,"href":"https:\/\/huendt.com\/en\/wp-json\/wp\/v2\/product_brand?post=777"},{"taxonomy":"product_cat","embeddable":true,"href":"https:\/\/huendt.com\/en\/wp-json\/wp\/v2\/product_cat?post=777"},{"taxonomy":"product_tag","embeddable":true,"href":"https:\/\/huendt.com\/en\/wp-json\/wp\/v2\/product_tag?post=777"}],"curies":[{"name":"wp","href":"https:\/\/api.w.org\/{rel}","templated":true}]}}