{"id":967,"date":"2024-05-07T21:40:21","date_gmt":"2024-05-07T19:40:21","guid":{"rendered":"https:\/\/huendt.com\/?post_type=product&#038;p=967"},"modified":"2026-02-19T18:25:37","modified_gmt":"2026-02-19T17:25:37","slug":"gewuerzmuehle-kernolivesche-300mm","status":"publish","type":"product","link":"https:\/\/huendt.com\/en\/product\/gewuerzmuehle-kernolivesche-300mm\/","title":{"rendered":"Gew\u00fcrzm\u00fchle aus Kernoliveschenholz"},"content":{"rendered":"<p>Gew\u00fcrzm\u00fchle aus Kernoliveschenholz.<\/p>\n<p>Die Kernolivesche kombiniert helles Splintholz mit einem dunkel olivbraunen Kern. Das ergibt eine sehr ausdrucksstarke, fast grafische Optik.<\/p>\n<p>Die Oberfl\u00e4che ist fein geschliffen und mit einer Carnaubawachs-Lein\u00f6lmischung behandelt, was f\u00fcr eine angenehme Haptik und hohe Langlebigkeit sorgt.<\/p>\n<p>Handarbeit aus der Manufaktur.<\/p>\n<p style=\"font-size:0;height:0;overflow:hidden;margin:0\"><a href=\"\/en\/produkt-kategorie\/gew\u00fcrzm\u00fchle\/\">Mehr Produkte<\/a><\/p>","protected":false},"excerpt":{"rendered":"<p>Gew\u00fcrzm\u00fchle aus Kernolivesche. Handgedrechselt und hochwertig verarbeitet.<\/p>","protected":false},"featured_media":973,"comment_status":"closed","ping_status":"closed","template":"","meta":{"neve_meta_sidebar":"","neve_meta_container":"","neve_meta_enable_content_width":"off","neve_meta_content_width":100,"neve_meta_title_alignment":"","neve_meta_author_avatar":"","neve_post_elements_order":"","neve_meta_disable_header":"","neve_meta_disable_footer":"","neve_meta_disable_title":"","_themeisle_gutenberg_block_has_review":false,"GTIN":"","GTIN, UPC, EAN oder ISBN":"","MPN":"","Material":"","material":"","Farbe":"","color":"","manufacturer":"","hersteller":"","FB_PK":"","GO_PK":"","_rank_math_title":"Gew\u00fcrzm\u00fchle Kernoliveschenholz CrushGrind\u00ae-Mahlwerk Carnaubawachs-Lein\u00f6l","_rank_math_description":"Gew\u00fcrzm\u00fchle aus Kernoliveschenholz. Die Kernolivesche kombiniert helles Splintholz mit einem dunkel olivbraunen Kern. Das ergibt eine sehr ausdrucksstarke, fast grafische Optik. Mit Carnaubawachs-Lein\u00f6l-Finish f\u00fcr angenehme Haptik und langlebigen Schutz. Ausgestattet mit einem hochwertigen CrushGrind\u00ae-Mahlwerk f\u00fcr m...\n\nAusgestattet mit einem hochwertigen CrushGrind\u00ae-Mahlwerk f\u00fcr maximale Langlebigkeit und stufenlose Einstellung.","_rank_math_focus_keyword":"","_rank_math_facebook_title":"Gew\u00fcrzm\u00fchle Kernoliveschenholz CrushGrind\u00ae-Mahlwerk Carnaubawachs-Lein\u00f6l","_rank_math_facebook_description":"Gew\u00fcrzm\u00fchle aus Kernoliveschenholz. Die Kernolivesche kombiniert helles Splintholz mit einem dunkel olivbraunen Kern. Das ergibt eine sehr ausdrucksstarke, fast grafische Optik. Mit Carnaubawachs-Lein\u00f6l-Finish f\u00fcr angenehme Haptik und langlebigen Schutz. Ausgestattet mit einem hochwertigen CrushGrind\u00ae-Mahlwerk f\u00fcr m...\n\nAusgestattet mit einem hochwertigen CrushGrind\u00ae-Mahlwerk f\u00fcr maximale Langlebigkeit und stufenlose Einstellung.","_rank_math_twitter_title":"Gew\u00fcrzm\u00fchle Kernoliveschenholz CrushGrind\u00ae-Mahlwerk Carnaubawachs-Lein\u00f6l","_rank_math_twitter_description":"Gew\u00fcrzm\u00fchle aus Kernoliveschenholz. Die Kernolivesche kombiniert helles Splintholz mit einem dunkel olivbraunen Kern. Das ergibt eine sehr ausdrucksstarke, fast grafische Optik. Mit Carnaubawachs-Lein\u00f6l-Finish f\u00fcr angenehme Haptik und langlebigen Schutz. Ausgestattet mit einem hochwertigen CrushGrind\u00ae-Mahlwerk f\u00fcr m...\n\nAusgestattet mit einem hochwertigen CrushGrind\u00ae-Mahlwerk f\u00fcr maximale Langlebigkeit und stufenlose Einstellung.","_rank_math_canonical_url":"","bullet_point1":"Handgedrechselt aus Kernolivescheholz.","bullet_point2":"CrushGrind\u00ae-Mahlwerk \u2013 langlebig, korrosionsfrei und stufenlos einstellbar.","bullet_point3":"Hochwertiges Keramikmahlwerk \u2013 langlebig und pr\u00e4zise.","bullet_point4":"Nat\u00fcrliches Carnaubawachs-Lein\u00f6l-Finish \u2013 angenehme Haptik und langlebiger Schutz.","bullet_point5":"CrushGrind\u00ae-Mahlwerk \u2013 langlebig und stufenlos einstellbar."},"product_brand":[675],"product_cat":[67,399],"product_tag":[469,196,470,197,198,505,199,506,200,507,201,508,509,46],"class_list":{"0":"post-967","1":"product","2":"type-product","3":"status-publish","4":"has-post-thumbnail","6":"product_brand-huendt","7":"product_cat-muehlen","8":"product_cat--300mm","9":"product_tag-metall","10":"product_tag-gewuerzmuehle","11":"product_tag-huendt","12":"product_tag-pfeffermuehle","13":"product_tag-salzmuehle","14":"product_tag-geschenk","15":"product_tag-kernolivesche","16":"product_tag-kueche","17":"product_tag-crushgrind","18":"product_tag-kuechenmuehle","19":"product_tag-keramikmahlwerk","20":"product_tag-muehle","21":"product_tag-tischaccessoire","22":"product_tag-holz","24":"first","25":"instock","26":"sold-individually","27":"taxable","28":"shipping-taxable","29":"purchasable","30":"product-type-simple"},"_links":{"self":[{"href":"https:\/\/huendt.com\/en\/wp-json\/wp\/v2\/product\/967","targetHints":{"allow":["GET"]}}],"collection":[{"href":"https:\/\/huendt.com\/en\/wp-json\/wp\/v2\/product"}],"about":[{"href":"https:\/\/huendt.com\/en\/wp-json\/wp\/v2\/types\/product"}],"replies":[{"embeddable":true,"href":"https:\/\/huendt.com\/en\/wp-json\/wp\/v2\/comments?post=967"}],"wp:featuredmedia":[{"embeddable":true,"href":"https:\/\/huendt.com\/en\/wp-json\/wp\/v2\/media\/973"}],"wp:attachment":[{"href":"https:\/\/huendt.com\/en\/wp-json\/wp\/v2\/media?parent=967"}],"wp:term":[{"taxonomy":"product_brand","embeddable":true,"href":"https:\/\/huendt.com\/en\/wp-json\/wp\/v2\/product_brand?post=967"},{"taxonomy":"product_cat","embeddable":true,"href":"https:\/\/huendt.com\/en\/wp-json\/wp\/v2\/product_cat?post=967"},{"taxonomy":"product_tag","embeddable":true,"href":"https:\/\/huendt.com\/en\/wp-json\/wp\/v2\/product_tag?post=967"}],"curies":[{"name":"wp","href":"https:\/\/api.w.org\/{rel}","templated":true}]}}